{"id":187749,"date":"2024-03-25T10:17:58","date_gmt":"2024-03-25T09:17:58","guid":{"rendered":"https:\/\/digalco.com\/tienda\/dell-p1911b-19-tft-1610-refurbished-1440x900-en-1355\/"},"modified":"2026-04-29T17:06:49","modified_gmt":"2026-04-29T15:06:49","slug":"dell-p1911b-19-tft-1610-refurbished-1440x900-en-1355","status":"publish","type":"product","link":"https:\/\/digalco.com\/en\/tienda\/dell-p1911b-19-tft-1610-refurbished-1440x900-en-1355\/","title":{"rendered":"Dell P1911B 19&#8221; TFT 16:10 | Reacondicionado | 1440&#215;900"},"content":{"rendered":"<p><strong>Screen<\/strong><br \/>TFT 19 &#8221; HD  16:10  \u00b7 Resolution 1440&#215;900<br \/>Dot pitch 0.284 mm<br \/>Response 5 ms<br \/>Contrast 1000:1<br \/>Brightness 250 cd\/m2<br \/>Vision angle 160\u00b0v\/160\u00b0h<br \/><strong>Video ports<\/strong><br \/>1x VGA<br \/>1x DVI<br \/><strong>Case<\/strong><br \/>Color black<br \/><strong>Display specific<\/strong><br \/>VESA stand<br \/>Stand<br \/>Adjustable in height<br \/><strong>Others<\/strong><br \/>hR Box<br \/><strong>Dimensions<\/strong><br \/>44x32x17 cm.<br \/><strong>Weight<\/strong><br \/>5.10 Kg.<br \/><strong>Additional Specs<\/strong><br \/>Good exterior appearance. Look at &#8220;+ Photos&#8221; and &#8220;Video&#8221; and if you have any questions call us or use our chat for more information or to request more details.<\/p>\n<p><strong>Comments<\/strong><br \/><u>Power and VGA Cable Included &#8211; 4xUSB 2.0 &#8211; Pivot function<\/u><\/p>\n","protected":false},"excerpt":{"rendered":"<p>TFT 19 &#8221; HD  16:10  \u00b7 Resolution 1440&#215;900 \u00b7 Dot pitch 0.284 mm \u00b7 Response 5 ms \u00b7 Contrast 1000:1 \u00b7 Brightness 250 cd\/m2 \u00b7 Vision angle 160\u00b0v\/160\u00b0h \u00b7 1x VGA \u00b7 1x DVI \u00b7 <u>Power and VGA Cable Included &#8211; 4xUSB 2.0 &#8211; Pivot function<\/u> [&#8230;]<\/p>\n<p><a class=\"btn btn-secondary understrap-read-more-link\" href=\"https:\/\/digalco.com\/en\/tienda\/dell-p1911b-19-tft-1610-refurbished-1440x900-en-1355\/\">Read More&#8230;<span class=\"screen-reader-text\"> from Dell P1911B 19&#8221; TFT 16:10 | Reacondicionado | 1440&#215;900<\/span><\/a><\/p>\n","protected":false},"featured_media":352694,"template":"","meta":[],"product_brand":[3852],"product_cat":[2372,1492],"product_tag":[],"class_list":{"0":"post-187749","1":"product","2":"type-product","3":"status-publish","4":"has-post-thumbnail","6":"product_brand-dell","7":"product_cat-monitors-19-en","8":"product_cat-monitors-en","10":"first","11":"instock","12":"taxable","13":"shipping-taxable","14":"purchasable","15":"product-type-simple"},"bundled_by":[],"bundle_stock_status":"instock","bundle_stock_quantity":2,"bundle_virtual":false,"bundle_layout":"","bundle_add_to_cart_form_location":"","bundle_editable_in_cart":false,"bundle_sold_individually_context":"","bundle_item_grouping":"","bundle_min_size":"","bundle_max_size":"","bundle_price":[],"bundled_items":[],"bundle_sell_ids":[],"exclude_global_add_ons":true,"addons":{"webcam-upgrades":{"name":"Ampliaci\u00f3n Webcam","type":"multiple_choice","position":0,"required":false,"title_format":"heading","default":"","description_enable":false,"description":"","placeholder_enable":false,"placeholder":"","display":"radiobutton","restrictions_type":"any_text","adjust_price":false,"price":"","price_type":"quantity_based","restrictions":false,"min":"0","max":"0","options":[{"label":"Conceptronic AMDIS FullHD [AMP00085]","price":"29.0000","price_type":"quantity_based","image":0,"visibility":true}]},"hdmi-upgrades":{"name":"Ampliaci\u00f3n cable","type":"multiple_choice","position":0,"required":false,"title_format":"heading","default":"","description_enable":false,"description":"","placeholder_enable":false,"placeholder":"","display":"radiobutton","restrictions_type":"any_text","adjust_price":false,"price":"","price_type":"quantity_based","restrictions":false,"min":"0","max":"0","options":[{"label":"Cable DVI-D M\/M Dual Link 1,8 mts. [AMP00102]","price":"2.0000","price_type":"quantity_based","image":0,"visibility":true}]},"warranty-upgrades":{"name":"Ampliaci\u00f3n Garant\u00eda","type":"multiple_choice","position":0,"required":false,"title_format":"heading","default":"","description_enable":false,"description":"","placeholder_enable":false,"placeholder":"","display":"radiobutton","restrictions_type":"any_text","adjust_price":false,"price":"","price_type":"quantity_based","restrictions":false,"min":"0","max":"0","options":[{"label":"Extensi\u00f3n de Garant\u00eda a 2 a\u00f1os [AMP00019]","price":"10.0000","price_type":"quantity_based","image":0,"visibility":true}]}},"df_price":44,"df_sale_price":"","df_regular_price":44,"df_image_link":"https:\/\/digalco.com\/wp-content\/uploads\/images\/product\/1355\/dell00262_01-300x225.jpg","_links":{"self":[{"href":"https:\/\/digalco.com\/en\/wp-json\/wp\/v2\/product\/187749","targetHints":{"allow":["GET"]}}],"collection":[{"href":"https:\/\/digalco.com\/en\/wp-json\/wp\/v2\/product"}],"about":[{"href":"https:\/\/digalco.com\/en\/wp-json\/wp\/v2\/types\/product"}],"wp:featuredmedia":[{"embeddable":true,"href":"https:\/\/digalco.com\/en\/wp-json\/wp\/v2\/media\/352694"}],"wp:attachment":[{"href":"https:\/\/digalco.com\/en\/wp-json\/wp\/v2\/media?parent=187749"}],"wp:term":[{"taxonomy":"product_brand","embeddable":true,"href":"https:\/\/digalco.com\/en\/wp-json\/wp\/v2\/product_brand?post=187749"},{"taxonomy":"product_cat","embeddable":true,"href":"https:\/\/digalco.com\/en\/wp-json\/wp\/v2\/product_cat?post=187749"},{"taxonomy":"product_tag","embeddable":true,"href":"https:\/\/digalco.com\/en\/wp-json\/wp\/v2\/product_tag?post=187749"}],"curies":[{"name":"wp","href":"https:\/\/api.w.org\/{rel}","templated":true}]}}