{"id":323930,"date":"2026-03-16T10:19:23","date_gmt":"2026-03-16T09:19:23","guid":{"rendered":"https:\/\/digalco.com\/tienda\/hp-elitebook-840-g8-14-refurbished-core-i7-28ghz-32-gb-ram-512-gb-ssd-m2-1920x1080-en-14801\/"},"modified":"2026-03-30T15:37:39","modified_gmt":"2026-03-30T13:37:39","slug":"hp-elitebook-840-g8-14-refurbished-core-i7-28ghz-32-gb-ram-512-gb-ssd-m2-1920x1080-en-14801","status":"publish","type":"product","link":"https:\/\/digalco.com\/en\/tienda\/hp-elitebook-840-g8-14-refurbished-core-i7-28ghz-32-gb-ram-512-gb-ssd-m2-1920x1080-en-14801\/","title":{"rendered":"HP EliteBook 840 G8 14&#8221; | Refurbished | Core i7 2.8GHz | 32 GB RAM | 512 GB SSD M2 1920&#215;1080"},"content":{"rendered":"<p><strong>Processor<\/strong><br \/>Intel Core i7 1165G7 2.8 GHz.<br \/><strong>RAM Memory<\/strong><br \/>32 Gb. SO-DDR4 RAM<br \/><strong>Hard disk drive<\/strong><br \/>512 Gb. SSD M2<br \/><strong>Cards<\/strong><br \/>Graphic: Iris Xe Graphics<br \/>Sound: Bang y Olufsen audio<br \/><strong>OS<\/strong><br \/>Windows 11 Pro<br \/><strong>Ports<\/strong><br \/>2x USB-C<br \/>2x USB 3.1<br \/><strong>Screen<\/strong><br \/>IPS 14 &#8221; FullHD 16:9  \u00b7 Resolution 1920&#215;1080<br \/><strong>Video ports<\/strong><br \/>HDMI<br \/><strong>Media readers<\/strong><br \/>Webcam<br \/>Fingerprint reader<br \/>Electronic doc reader<br \/><strong>Connectivity<\/strong><br \/>WIFI<br \/>Bluetooth<br \/><strong>Laptop specific<\/strong><br \/>Keyboard layout International (Spanish stickers)<br \/><strong>Others<\/strong><br \/>hR Box<br \/><strong>Dimensions<\/strong><br \/>32x21x2 cm.<br \/><strong>Weight<\/strong><br \/>1.33 Kg.<br \/><strong>Additional Specs<\/strong><br \/>El HP EliteBook 840 G8 con procesador Intel Core i7 1165G7 de 2.8 GHz representa la fusi\u00f3n perfecta entre potencia, ligereza y sofisticaci\u00f3n. Dise\u00f1ado para profesionales exigentes, ofrece una experiencia fluida en multitarea avanzada, videoconferencias o trabajos de edici\u00f3n ligera, gracias a sus 32 GB de memoria RAM y su r\u00e1pido SSD M.2 de 512 GB, que garantizan un arranque instant\u00e1neo y una gesti\u00f3n eficiente de tus proyectos m\u00e1s exigentes.<br \/>Su pantalla IPS de 14 pulgadas FullHD ofrece una visualizaci\u00f3n n\u00edtida y realista, ideal tanto para el trabajo como para el entretenimiento. Adem\u00e1s, el chasis de aluminio ultrafino aporta un toque premium y gran resistencia para el uso diario.<br \/>Incorpora lector de huellas, lector de DNI electr\u00f3nico y webcam integrada, ofreciendo una combinaci\u00f3n perfecta de seguridad, conectividad y comodidad. Con Windows 11 Pro, disfrutar\u00e1s de un entorno moderno, \u00e1gil y optimizado para la productividad profesional.<br \/>El EliteBook 840 G8 es la opci\u00f3n ideal para quienes buscan un port\u00e1til fiable, potente y con un dise\u00f1o de alto nivel, preparado para afrontar con solvencia las demandas del entorno empresarial actual.<br \/>Good exterior appearance. Look at &#8220;+ Photos&#8221; and &#8220;Video&#8221; and if you have any questions call us or use our chat for more information or to request more details.<\/p>\n","protected":false},"excerpt":{"rendered":"<p>Intel Core i7 1165G7 2.8 GHz. \u00b7 32 Gb. SO-DDR4 RAM \u00b7 512 Gb. SSD M2 \u00b7 <strong>Windows 11 Pro<\/strong> \u00b7 IPS 14 &#8221; FullHD 16:9 \u00b7 Webcam \u00b7<u>International Keyboard<\/u> [&#8230;]<\/p>\n<p><a class=\"btn btn-secondary understrap-read-more-link\" href=\"https:\/\/digalco.com\/en\/tienda\/hp-elitebook-840-g8-14-refurbished-core-i7-28ghz-32-gb-ram-512-gb-ssd-m2-1920x1080-en-14801\/\">Read More&#8230;<span class=\"screen-reader-text\"> from HP EliteBook 840 G8 14&#8221; | Refurbished | Core i7 2.8GHz | 32 GB RAM | 512 GB SSD M2 1920&#215;1080<\/span><\/a><\/p>\n","protected":false},"featured_media":323870,"template":"","meta":[],"product_brand":[3854],"product_cat":[3758,1516],"product_tag":[],"class_list":{"0":"post-323930","1":"product","2":"type-product","3":"status-publish","4":"has-post-thumbnail","6":"product_brand-hp","7":"product_cat-laptops-14-en","8":"product_cat-laptops-en","10":"first","11":"instock","12":"taxable","13":"shipping-taxable","14":"purchasable","15":"product-type-simple"},"bundled_by":[],"bundle_stock_status":"instock","bundle_stock_quantity":29,"bundle_virtual":false,"bundle_layout":"","bundle_add_to_cart_form_location":"","bundle_editable_in_cart":false,"bundle_sold_individually_context":"","bundle_item_grouping":"","bundle_min_size":"","bundle_max_size":"","bundle_price":[],"bundled_items":[],"bundle_sell_ids":[],"exclude_global_add_ons":true,"addons":{"keyboard-iso-upgrades":{"name":"Select keyboard language","type":"multiple_choice","position":0,"required":false,"title_format":"heading","default":"","description_enable":false,"description":"","placeholder_enable":false,"placeholder":"","display":"radiobutton","restrictions_type":"any_text","adjust_price":false,"price":"","price_type":"quantity_based","restrictions":false,"min":"0","max":"0","options":[{"label":"Spanish Stickers [AMP00082]","price":"0.0000","price_type":"quantity_based","image":0,"visibility":true},{"label":"French Stickers [AMP00084]","price":"0.0000","price_type":"quantity_based","image":0,"visibility":true},{"label":"Portuguese Stickers [AMP00083]","price":"0.0000","price_type":"quantity_based","image":0,"visibility":true}]},"ram-memory-upgrades":{"name":"RAM upgrade","type":"multiple_choice","position":0,"required":false,"title_format":"heading","default":"","description_enable":false,"description":"","placeholder_enable":false,"placeholder":"","display":"radiobutton","restrictions_type":"any_text","adjust_price":false,"price":"","price_type":"quantity_based","restrictions":false,"min":"0","max":"0","options":[{"label":"64 Gb RAM DDR4 extension [AMP00119]","price":"230.0000","price_type":"quantity_based","image":0,"visibility":true}]},"hdd-upgrades":{"name":"Hard drive upgrade","type":"multiple_choice","position":0,"required":false,"title_format":"heading","default":"","description_enable":false,"description":"","placeholder_enable":false,"placeholder":"","display":"radiobutton","restrictions_type":"any_text","adjust_price":false,"price":"","price_type":"quantity_based","restrictions":false,"min":"0","max":"0","options":[{"label":"SSD 1 Tb. M.2 2280 PCIe Upgrade [AMP00107]","price":"165.0000","price_type":"quantity_based","image":0,"visibility":true}]},"os-upgrades":{"name":"OS upgrade","type":"multiple_choice","position":0,"required":false,"title_format":"heading","default":"","description_enable":false,"description":"","placeholder_enable":false,"placeholder":"","display":"radiobutton","restrictions_type":"any_text","adjust_price":false,"price":"","price_type":"quantity_based","restrictions":false,"min":"0","max":"0","options":[{"label":"Change language to French [AMP00125]","price":"0.0000","price_type":"quantity_based","image":0,"visibility":true},{"label":"Change language to English [AMP00008]","price":"0.0000","price_type":"quantity_based","image":0,"visibility":true},{"label":"Change language to Portuguese [AMP00009]","price":"0.0000","price_type":"quantity_based","image":0,"visibility":true}]},"briefcase-upgrades":{"name":"Briefcase","type":"multiple_choice","position":0,"required":false,"title_format":"heading","default":"","description_enable":false,"description":"","placeholder_enable":false,"placeholder":"","display":"radiobutton","restrictions_type":"any_text","adjust_price":false,"price":"","price_type":"quantity_based","restrictions":false,"min":"0","max":"0","options":[{"label":"Laptop Briefcase [AMP00041]","price":"5.0000","price_type":"quantity_based","image":0,"visibility":true}]}},"df_price":458,"df_sale_price":"","df_regular_price":458,"df_image_link":"https:\/\/digalco.com\/wp-content\/uploads\/images\/product\/14801\/hp03289_01-300x225.jpg","_links":{"self":[{"href":"https:\/\/digalco.com\/en\/wp-json\/wp\/v2\/product\/323930","targetHints":{"allow":["GET"]}}],"collection":[{"href":"https:\/\/digalco.com\/en\/wp-json\/wp\/v2\/product"}],"about":[{"href":"https:\/\/digalco.com\/en\/wp-json\/wp\/v2\/types\/product"}],"wp:featuredmedia":[{"embeddable":true,"href":"https:\/\/digalco.com\/en\/wp-json\/wp\/v2\/media\/323870"}],"wp:attachment":[{"href":"https:\/\/digalco.com\/en\/wp-json\/wp\/v2\/media?parent=323930"}],"wp:term":[{"taxonomy":"product_brand","embeddable":true,"href":"https:\/\/digalco.com\/en\/wp-json\/wp\/v2\/product_brand?post=323930"},{"taxonomy":"product_cat","embeddable":true,"href":"https:\/\/digalco.com\/en\/wp-json\/wp\/v2\/product_cat?post=323930"},{"taxonomy":"product_tag","embeddable":true,"href":"https:\/\/digalco.com\/en\/wp-json\/wp\/v2\/product_tag?post=323930"}],"curies":[{"name":"wp","href":"https:\/\/api.w.org\/{rel}","templated":true}]}}