{"id":160214,"date":"2024-02-06T11:12:30","date_gmt":"2024-02-06T10:12:30","guid":{"rendered":"https:\/\/digalco.com\/tienda\/telephonie-cisco-ip-phone-7975-reconditionne-fr-1622\/"},"modified":"2025-01-31T11:08:48","modified_gmt":"2025-01-31T10:08:48","slug":"telephonie-cisco-ip-phone-7975-reconditionne-fr-1622","status":"publish","type":"product","link":"https:\/\/digalco.com\/fr\/produit\/telephonie-cisco-ip-phone-7975-reconditionne-fr-1622\/","title":{"rendered":"T\u00e9l\u00e9phonie CISCO IP Phone 7975 | Reconditionn\u00e9"},"content":{"rendered":"<p><b>Protocoles pris en charge&nbsp;:<\/b><br \/>SCCP, SIP<br \/><b>Aucune ligne&nbsp;:<\/b><br \/>8<br \/><b>Prenez l&rsquo;ordinateur&nbsp;:<\/b><br \/>2 ports Ethernet 10\/100\/1000 PoE<br \/><b>Afficher:<\/b><br \/>\u00c9cran tactile couleur<br \/><b>Entr\u00e9e casque :<\/b><br \/>Ouais. Prise 3,5 mm.<br \/><b>Prise en charge PoE&nbsp;:<\/b><br \/>Ouais.<br \/><b>Dimensions:<\/b><br \/>203 x 267 x 153 mm.<br \/><b>Poids:<\/b><br \/>1,6 kg.<br \/><b>Autres:<\/b><br \/>Licence non incluse<br \/>Possibilit\u00e9 d&rsquo;inclure CISCO et Generic Firmware<\/p>\n","protected":false},"excerpt":{"rendered":"<p>SCCP, SIP &#8211; 8 lignes &#8211; \u00c9cran tactile couleur &#8211; 2 ports Ethernet 10\/100\/1000 PoE &#8211; Prise casque &#8211; Support PoE [&#8230;]<\/p>\n<p><a class=\"btn btn-secondary understrap-read-more-link\" href=\"https:\/\/digalco.com\/fr\/produit\/telephonie-cisco-ip-phone-7975-reconditionne-fr-1622\/\">Lire la suite\u2026<span class=\"screen-reader-text\"> from T\u00e9l\u00e9phonie CISCO IP Phone 7975 | Reconditionn\u00e9<\/span><\/a><\/p>\n","protected":false},"featured_media":160199,"template":"","meta":[],"product_brand":[3882],"product_cat":[3799,1665],"product_tag":[],"class_list":{"0":"post-160214","1":"product","2":"type-product","3":"status-publish","4":"has-post-thumbnail","6":"product_brand-cisco","7":"product_cat-networking-telephonie-ip-fr","8":"product_cat-networking-fr","10":"first","11":"instock","12":"taxable","13":"shipping-taxable","14":"purchasable","15":"product-type-simple"},"bundled_by":[],"bundle_stock_status":"instock","bundle_stock_quantity":62,"bundle_virtual":false,"bundle_layout":"","bundle_add_to_cart_form_location":"","bundle_editable_in_cart":false,"bundle_sold_individually_context":"","bundle_item_grouping":"","bundle_min_size":"","bundle_max_size":"","bundle_price":[],"bundled_items":[],"bundle_sell_ids":[],"exclude_global_add_ons":[],"addons":[],"df_price":99,"df_sale_price":"","df_regular_price":99,"df_image_link":"https:\/\/digalco.com\/wp-content\/uploads\/images\/product\/1622\/cisc00009_01-300x225.jpg","_links":{"self":[{"href":"https:\/\/digalco.com\/fr\/wp-json\/wp\/v2\/product\/160214","targetHints":{"allow":["GET"]}}],"collection":[{"href":"https:\/\/digalco.com\/fr\/wp-json\/wp\/v2\/product"}],"about":[{"href":"https:\/\/digalco.com\/fr\/wp-json\/wp\/v2\/types\/product"}],"wp:featuredmedia":[{"embeddable":true,"href":"https:\/\/digalco.com\/fr\/wp-json\/wp\/v2\/media\/160199"}],"wp:attachment":[{"href":"https:\/\/digalco.com\/fr\/wp-json\/wp\/v2\/media?parent=160214"}],"wp:term":[{"taxonomy":"product_brand","embeddable":true,"href":"https:\/\/digalco.com\/fr\/wp-json\/wp\/v2\/product_brand?post=160214"},{"taxonomy":"product_cat","embeddable":true,"href":"https:\/\/digalco.com\/fr\/wp-json\/wp\/v2\/product_cat?post=160214"},{"taxonomy":"product_tag","embeddable":true,"href":"https:\/\/digalco.com\/fr\/wp-json\/wp\/v2\/product_tag?post=160214"}],"curies":[{"name":"wp","href":"https:\/\/api.w.org\/{rel}","templated":true}]}}