{"id":161055,"date":"2024-02-06T11:16:31","date_gmt":"2024-02-06T10:16:31","guid":{"rendered":"https:\/\/digalco.com\/tienda\/cable-alimentacion-ak5024-reconditionne-fr-1388\/"},"modified":"2024-11-07T20:13:39","modified_gmt":"2024-11-07T19:13:39","slug":"cable-alimentacion-ak5024-reconditionne-fr-1388","status":"publish","type":"product","link":"https:\/\/digalco.com\/fr\/produit\/cable-alimentacion-ak5024-reconditionne-fr-1388\/","title":{"rendered":"C\u00e2ble  Alimentaci\u00f3n AK5024 Reconditionn\u00e9"},"content":{"rendered":"","protected":false},"excerpt":{"rendered":"<p> [&#8230;]<\/p>\n<p><a class=\"btn btn-secondary understrap-read-more-link\" href=\"https:\/\/digalco.com\/fr\/produit\/cable-alimentacion-ak5024-reconditionne-fr-1388\/\">Lire la suite\u2026<span class=\"screen-reader-text\"> from C\u00e2ble  Alimentaci\u00f3n AK5024 Reconditionn\u00e9<\/span><\/a><\/p>\n","protected":false},"featured_media":161047,"template":"","meta":[],"product_brand":[3864],"product_cat":[1911,1741],"product_tag":[],"class_list":{"0":"post-161055","1":"product","2":"type-product","3":"status-publish","4":"has-post-thumbnail","6":"product_brand-generic","7":"product_cat-composants-fr","8":"product_cat-composants-cables-fr","10":"first","11":"instock","12":"taxable","13":"shipping-taxable","14":"purchasable","15":"product-type-simple"},"bundled_by":[],"bundle_stock_status":"instock","bundle_stock_quantity":190,"bundle_virtual":false,"bundle_layout":"","bundle_add_to_cart_form_location":"","bundle_editable_in_cart":false,"bundle_sold_individually_context":"","bundle_item_grouping":"","bundle_min_size":"","bundle_max_size":"","bundle_price":[],"bundled_items":[],"bundle_sell_ids":[],"exclude_global_add_ons":[],"addons":[],"df_price":3,"df_sale_price":"","df_regular_price":3,"df_image_link":"https:\/\/digalco.com\/wp-content\/uploads\/images\/product\/1388\/gene00026_01-300x225.jpg","_links":{"self":[{"href":"https:\/\/digalco.com\/fr\/wp-json\/wp\/v2\/product\/161055","targetHints":{"allow":["GET"]}}],"collection":[{"href":"https:\/\/digalco.com\/fr\/wp-json\/wp\/v2\/product"}],"about":[{"href":"https:\/\/digalco.com\/fr\/wp-json\/wp\/v2\/types\/product"}],"wp:featuredmedia":[{"embeddable":true,"href":"https:\/\/digalco.com\/fr\/wp-json\/wp\/v2\/media\/161047"}],"wp:attachment":[{"href":"https:\/\/digalco.com\/fr\/wp-json\/wp\/v2\/media?parent=161055"}],"wp:term":[{"taxonomy":"product_brand","embeddable":true,"href":"https:\/\/digalco.com\/fr\/wp-json\/wp\/v2\/product_brand?post=161055"},{"taxonomy":"product_cat","embeddable":true,"href":"https:\/\/digalco.com\/fr\/wp-json\/wp\/v2\/product_cat?post=161055"},{"taxonomy":"product_tag","embeddable":true,"href":"https:\/\/digalco.com\/fr\/wp-json\/wp\/v2\/product_tag?post=161055"}],"curies":[{"name":"wp","href":"https:\/\/api.w.org\/{rel}","templated":true}]}}