{"id":163075,"date":"2024-02-06T11:22:25","date_gmt":"2024-02-06T10:22:25","guid":{"rendered":"https:\/\/digalco.com\/tienda\/dell-precision-7910-impecable-reconditionne-xeon-six-core-16ghz-32-gb-ram-512-gb-ssd-rack-fr-10906\/"},"modified":"2026-01-26T09:33:24","modified_gmt":"2026-01-26T08:33:24","slug":"dell-precision-7910-impecable-reconditionne-xeon-six-core-16ghz-32-gb-ram-512-gb-ssd-rack-fr-10906","status":"publish","type":"product","link":"https:\/\/digalco.com\/fr\/produit\/dell-precision-7910-impecable-reconditionne-xeon-six-core-16ghz-32-gb-ram-512-gb-ssd-rack-fr-10906\/","title":{"rendered":"Dell Precision 7910 &#8211; Impecable Rack | Reconditionn\u00e9 | Xeon Six Core 1.6GHz | 32 GB RAM | 512 GB SSD"},"content":{"rendered":"<p><strong>Processeur<\/strong><br \/>Intel Xeon Six Core E5-2603 V3 1.6 GHz.<br \/><strong>Facteur de forme<\/strong><br \/>Rack<br \/><strong>M\u00e9moire RAM<\/strong><br \/>32 Gb. DDR4 ECC RAM<br \/><strong>Disque dur<\/strong><br \/>512 Gb. SSD<br \/><strong>Lecteur optique<\/strong><br \/>DVD-RW<br \/><strong>Cartes<\/strong><br \/>Graphique: MSI Geforce GTX 970 4GB GDDR5<br \/>Son: High Definition Audio<br \/>R\u00e9seau: Intel 82579LM Gigabit Ethernet<br \/><strong>Syst\u00e8me op\u00e9ratif<\/strong><br \/>Windows 10 Pro<br \/><strong>Ports<\/strong><br \/>1x S\u00e9rie<br \/>4x USB 2.0<br \/><strong>Ports vid\u00e9o<\/strong><br \/>1x HDMI<br \/>3x Display Port<br \/>1x DVI<br \/><strong>Connectivit\u00e9<\/strong><br \/>4x RJ-45<br \/><strong>Autres<\/strong><br \/>hR emballage<br \/><strong>Dimensions<\/strong><br \/>47.2&#215;41.6&#215;17.3 cm.<br \/><strong>Poids<\/strong><br \/>13.25 Kg.<br \/><strong>Sp\u00e9cifications suppl\u00e9mentaires<\/strong><br \/><u>Impeccable. Tr\u00e8s peu utilis\u00e9. Etat semi-neuf. <\/u>Station graphique hautes performances au format Rack 19&Prime;. Processeur Xeon Six core, 16 Go. M\u00e9moire DDR4, Disque SSD 512 et carte graphique MSI Geforce GTX 970 4 Go. M\u00e9moire vid\u00e9o GDDR5. Possibilit\u00e9 d&rsquo;ajouter une seconde alimentation et faire de la redondance. Id\u00e9al pour les applications de m\u00e9decine, de conception ou de CAO, qui n\u00e9cessitent de grandes capacit\u00e9s de processus et graphiques. Regardez dans \u00ab\u00a0+ Photos\u00a0\u00bb et \u00ab\u00a0Vid\u00e9o\u00a0\u00bb et si vous avez des questions, appelez-nous ou utilisez notre chat pour plus d&rsquo;informations ou pour demander plus de d\u00e9tails.<\/p>\n<p><strong>Commentaires<\/strong><br \/><u>MSI Geforce GTX 970 4 Go. GDDR5 &#8211; 1xM.2 2230\/2280 pour le stockage &#8211; Etp. Alimentation enfichable \u00e0 chaud &#8211; 1xDRAC &#8211; 2xPCIe X16<\/u><\/p>\n","protected":false},"excerpt":{"rendered":"<p>Intel Xeon Six Core E5-2603 V3 1.6 GHz. \u00b7 32 Gb. DDR4 ECC RAM \u00b7 512 Gb. SSD \u00b7 DVD-RW \u00b7 Windows 10 Pro \u00b7 <u>MSI Geforce GTX 970 4 Go. GDDR5 &#8211; 1xM.2 2230\/2280 pour le stockage &#8211; Etp. Alimentation enfichable \u00e0 chaud &#8211; 1xDRAC &#8211; 2xPCIe X16<\/u> [&#8230;]<\/p>\n<p><a class=\"btn btn-secondary understrap-read-more-link\" href=\"https:\/\/digalco.com\/fr\/produit\/dell-precision-7910-impecable-reconditionne-xeon-six-core-16ghz-32-gb-ram-512-gb-ssd-rack-fr-10906\/\">Lire la suite\u2026<span class=\"screen-reader-text\"> from Dell Precision 7910 &#8211; Impecable Rack | Reconditionn\u00e9 | Xeon Six Core 1.6GHz | 32 GB RAM | 512 GB SSD<\/span><\/a><\/p>\n","protected":false},"featured_media":163023,"template":"","meta":[],"product_brand":[3852],"product_cat":[3722,1469,1473],"product_tag":[],"class_list":{"0":"post-163075","1":"product","2":"type-product","3":"status-publish","4":"has-post-thumbnail","6":"product_brand-dell","7":"product_cat-ordinateurs-gaming-fr","8":"product_cat-ordinateurs-fr","9":"product_cat-ordinateurs-workstations-fr","11":"first","12":"instock","13":"taxable","14":"shipping-taxable","15":"purchasable","16":"product-type-simple"},"bundled_by":[],"bundle_stock_status":"instock","bundle_stock_quantity":1,"bundle_virtual":false,"bundle_layout":"","bundle_add_to_cart_form_location":"","bundle_editable_in_cart":false,"bundle_sold_individually_context":"","bundle_item_grouping":"","bundle_min_size":"","bundle_max_size":"","bundle_price":[],"bundled_items":[],"bundle_sell_ids":[],"exclude_global_add_ons":true,"addons":{"ram-memory-upgrades":{"name":"Extension RAM","type":"multiple_choice","position":0,"required":false,"title_format":"heading","default":"","description_enable":false,"description":"","placeholder_enable":false,"placeholder":"","display":"radiobutton","restrictions_type":"any_text","adjust_price":false,"price":"","price_type":"quantity_based","restrictions":false,"min":"0","max":"0","options":[{"label":"Extension de 64 Gb de RAM DDR4 ECC [AMP00134]","price":230,"price_type":"quantity_based","image":0,"visibility":true}]},"hdd-upgrades":{"name":"Extension disque dur","type":"multiple_choice","position":0,"required":false,"title_format":"heading","default":"","description_enable":false,"description":"","placeholder_enable":false,"placeholder":"","display":"radiobutton","restrictions_type":"any_text","adjust_price":false,"price":"","price_type":"quantity_based","restrictions":false,"min":"0","max":"0","options":[{"label":"Passez au disque SSD 1 Tb. [AMP00071]","price":"95.0000","price_type":"quantity_based","image":0,"visibility":true},{"label":"Passez au disque SSD 1 Tb. M.2 2280 PCIe [AMP00107]","price":165,"price_type":"quantity_based","image":0,"visibility":true},{"label":"Disque SSD de 1 Tb. M.2 2280 PCIe suppl\u00e9mentaire [AMP00109]","price":170,"price_type":"quantity_based","image":0,"visibility":true},{"label":"Disque SSD suppl\u00e9mentaire de 120 Gb (S.O.) [AMP00030]","price":"25.0000","price_type":"quantity_based","image":0,"visibility":true},{"label":"Disque SSD suppl\u00e9mentaire de 240 Gb (S.O.) [AMP00031]","price":"35.0000","price_type":"quantity_based","image":0,"visibility":true},{"label":"Disque SSD suppl\u00e9mentaire de 480 Gb (S.O.) [AMP00032]","price":"64.0000","price_type":"quantity_based","image":0,"visibility":true},{"label":"SSD suppl\u00e9mentaire 500 Gb. M.2 2280 PCIe [AMP00108]","price":115,"price_type":"quantity_based","image":0,"visibility":true},{"label":"2x disque SSD 240 Gb. [AMP00058]","price":"100.0000","price_type":"quantity_based","image":0,"visibility":true},{"label":"2x disque SSD 480 Gb. [AMP00059]","price":"200.0000","price_type":"quantity_based","image":0,"visibility":true}]},"graphic-card-upgrades":{"name":"Extension carte graphique","type":"multiple_choice","position":0,"required":false,"title_format":"heading","default":"","description_enable":false,"description":"","placeholder_enable":false,"placeholder":"","display":"radiobutton","restrictions_type":"any_text","adjust_price":false,"price":"","price_type":"quantity_based","restrictions":false,"min":"0","max":"0","options":[{"label":"Graphique T. 121 Gb. QUADRO K6000 [AMP00133]","price":"390.0000","price_type":"quantity_based","image":0,"visibility":true}]},"network-card-upgrades":{"name":"Extension WIFI","type":"multiple_choice","position":0,"required":false,"title_format":"heading","default":"","description_enable":false,"description":"","placeholder_enable":false,"placeholder":"","display":"radiobutton","restrictions_type":"any_text","adjust_price":false,"price":"","price_type":"quantity_based","restrictions":false,"min":"0","max":"0","options":[{"label":"Mise \u00e0 niveau de la carte PCI Wi-Fi [AMP00017]","price":"15.0000","price_type":"quantity_based","image":0,"visibility":true},{"label":"Mise \u00e0 niveau nano USB sans fil [AMP00018]","price":"12.0000","price_type":"quantity_based","image":0,"visibility":true}]},"warranty-upgrades":{"name":"Extension garantie","type":"multiple_choice","position":0,"required":false,"title_format":"heading","default":"","description_enable":false,"description":"","placeholder_enable":false,"placeholder":"","display":"radiobutton","restrictions_type":"any_text","adjust_price":false,"price":"","price_type":"quantity_based","restrictions":false,"min":"0","max":"0","options":[{"label":"Extension de garantie \u00e0 2 ans [AMP00112]","price":"100.0000","price_type":"quantity_based","image":0,"visibility":true}]},"os-upgrades":{"name":"Expansion SO","type":"multiple_choice","position":0,"required":false,"title_format":"heading","default":"","description_enable":false,"description":"","placeholder_enable":false,"placeholder":"","display":"radiobutton","restrictions_type":"any_text","adjust_price":false,"price":"","price_type":"quantity_based","restrictions":false,"min":"0","max":"0","options":[{"label":"Changer la langue en fran\u00e7ais [AMP00125]","price":"0.0000","price_type":"quantity_based","image":0,"visibility":true},{"label":"Changer la langue en anglais [AMP00008]","price":"0.0000","price_type":"quantity_based","image":0,"visibility":true},{"label":"Changer la langue en portugais [AMP00009]","price":"0.0000","price_type":"quantity_based","image":0,"visibility":true},{"label":"Passer \u00e0 Windows 32 bits [AMP00005]","price":"10.0000","price_type":"quantity_based","image":0,"visibility":true}]},"keyboard-upgrades":{"name":"Extension clavier","type":"multiple_choice","position":0,"required":false,"title_format":"heading","default":"","description_enable":false,"description":"","placeholder_enable":false,"placeholder":"","display":"radiobutton","restrictions_type":"any_text","adjust_price":false,"price":"","price_type":"quantity_based","restrictions":false,"min":"0","max":"0","options":[{"label":"Clavier et souris [AMP00020]","price":"8.0000","price_type":"quantity_based","image":0,"visibility":true},{"label":"Clavier et souris Portuguese New [AMP00088]","price":"15.0000","price_type":"quantity_based","image":0,"visibility":true},{"label":"Clavier et souris USB espagnols (Nouveau) [AMP00068]","price":"12.0000","price_type":"quantity_based","image":0,"visibility":true}]}},"df_price":888,"df_sale_price":"","df_regular_price":888,"df_image_link":"https:\/\/digalco.com\/wp-content\/uploads\/images\/product\/10906\/dell01105_01-300x225.jpg","_links":{"self":[{"href":"https:\/\/digalco.com\/fr\/wp-json\/wp\/v2\/product\/163075","targetHints":{"allow":["GET"]}}],"collection":[{"href":"https:\/\/digalco.com\/fr\/wp-json\/wp\/v2\/product"}],"about":[{"href":"https:\/\/digalco.com\/fr\/wp-json\/wp\/v2\/types\/product"}],"wp:featuredmedia":[{"embeddable":true,"href":"https:\/\/digalco.com\/fr\/wp-json\/wp\/v2\/media\/163023"}],"wp:attachment":[{"href":"https:\/\/digalco.com\/fr\/wp-json\/wp\/v2\/media?parent=163075"}],"wp:term":[{"taxonomy":"product_brand","embeddable":true,"href":"https:\/\/digalco.com\/fr\/wp-json\/wp\/v2\/product_brand?post=163075"},{"taxonomy":"product_cat","embeddable":true,"href":"https:\/\/digalco.com\/fr\/wp-json\/wp\/v2\/product_cat?post=163075"},{"taxonomy":"product_tag","embeddable":true,"href":"https:\/\/digalco.com\/fr\/wp-json\/wp\/v2\/product_tag?post=163075"}],"curies":[{"name":"wp","href":"https:\/\/api.w.org\/{rel}","templated":true}]}}