{"id":163327,"date":"2024-02-06T11:23:35","date_gmt":"2024-02-06T10:23:35","guid":{"rendered":"https:\/\/digalco.com\/tienda\/carte-son-amplificador-fonestar-fs-2035-reconditionne-fr-11075\/"},"modified":"2024-11-07T20:18:34","modified_gmt":"2024-11-07T19:18:34","slug":"carte-son-amplificador-fonestar-fs-2035-reconditionne-fr-11075","status":"publish","type":"product","link":"https:\/\/digalco.com\/fr\/produit\/carte-son-amplificador-fonestar-fs-2035-reconditionne-fr-11075\/","title":{"rendered":"Carte son  Amplificador FONESTAR FS-2035 Reconditionn\u00e9"},"content":{"rendered":"<p><strong>Puissance sonore&nbsp;:&nbsp;<\/strong><br \/>40W max. 30W RMS&nbsp;<br \/><strong>R\u00e9pondre:&nbsp;<\/strong><br \/>70-20 000hz.&nbsp;<br \/><strong>Distorsion harmonique:&nbsp;<\/strong><br \/>&lt;3&nbsp;% \u00e0 1&nbsp;kHz.&nbsp;<br \/><strong>Billets:&nbsp;<\/strong><br \/>2x micro asym\u00e9trique&nbsp;<br \/>ack 6,3 mm.&nbsp;<br \/>1xAux\/Ligne&nbsp;<br \/>2xRCA&nbsp;<br \/><strong>Contr\u00f4les:&nbsp;<\/strong><br \/>Ton: Basse, Moyen, Aigu<br \/>&nbsp;Volume : micro 1-2, aux\/ligne&nbsp;<br \/>Volume global&nbsp;<br \/><strong>Priorit\u00e9:&nbsp;<\/strong><br \/>Micro 1 par fermeture de contact&nbsp;<br \/><strong>Imp\u00e9dance:&nbsp;<\/strong><br \/>4,8 et 16 ohms.&nbsp;<br \/><strong>Alimentation:&nbsp;<\/strong><br \/>CA 230V, 60W&nbsp;<br \/><strong>Dimensions:&nbsp;<\/strong><br \/>32 x 23 x 8,4 cm.&nbsp;<br \/><strong>Lester:<\/strong>&nbsp;<br \/>4,4 kg.<\/p>\n","protected":false},"excerpt":{"rendered":"<p>Amplificateur de sonorisation tr\u00e8s fiable. Avec priorit\u00e9 et \u00e9galiseur. Indiqu\u00e9 pour les petites ou moyennes installations commerciales, les syst\u00e8mes de sonorisation et l&rsquo;audio distribu\u00e9. Cet amplificateur de puissance maximale de 40w de Fonestar est id\u00e9al pour les petits syst\u00e8mes de sonorisation. [&#8230;]<\/p>\n<p><a class=\"btn btn-secondary understrap-read-more-link\" href=\"https:\/\/digalco.com\/fr\/produit\/carte-son-amplificador-fonestar-fs-2035-reconditionne-fr-11075\/\">Lire la suite\u2026<span class=\"screen-reader-text\"> from Carte son  Amplificador FONESTAR FS-2035 Reconditionn\u00e9<\/span><\/a><\/p>\n","protected":false},"featured_media":163300,"template":"","meta":[],"product_brand":[3864],"product_cat":[1911,1793],"product_tag":[],"class_list":{"0":"post-163327","1":"product","2":"type-product","3":"status-publish","4":"has-post-thumbnail","6":"product_brand-generic","7":"product_cat-composants-fr","8":"product_cat-composants-son-fr","10":"first","11":"instock","12":"taxable","13":"shipping-taxable","14":"purchasable","15":"product-type-simple"},"bundled_by":[],"bundle_stock_status":"instock","bundle_stock_quantity":14,"bundle_virtual":false,"bundle_layout":"","bundle_add_to_cart_form_location":"","bundle_editable_in_cart":false,"bundle_sold_individually_context":"","bundle_item_grouping":"","bundle_min_size":"","bundle_max_size":"","bundle_price":[],"bundled_items":[],"bundle_sell_ids":[],"exclude_global_add_ons":[],"addons":[],"df_price":70,"df_sale_price":"","df_regular_price":70,"df_image_link":"https:\/\/digalco.com\/wp-content\/uploads\/images\/product\/11075\/gene00277_01-300x225.jpg","_links":{"self":[{"href":"https:\/\/digalco.com\/fr\/wp-json\/wp\/v2\/product\/163327","targetHints":{"allow":["GET"]}}],"collection":[{"href":"https:\/\/digalco.com\/fr\/wp-json\/wp\/v2\/product"}],"about":[{"href":"https:\/\/digalco.com\/fr\/wp-json\/wp\/v2\/types\/product"}],"wp:featuredmedia":[{"embeddable":true,"href":"https:\/\/digalco.com\/fr\/wp-json\/wp\/v2\/media\/163300"}],"wp:attachment":[{"href":"https:\/\/digalco.com\/fr\/wp-json\/wp\/v2\/media?parent=163327"}],"wp:term":[{"taxonomy":"product_brand","embeddable":true,"href":"https:\/\/digalco.com\/fr\/wp-json\/wp\/v2\/product_brand?post=163327"},{"taxonomy":"product_cat","embeddable":true,"href":"https:\/\/digalco.com\/fr\/wp-json\/wp\/v2\/product_cat?post=163327"},{"taxonomy":"product_tag","embeddable":true,"href":"https:\/\/digalco.com\/fr\/wp-json\/wp\/v2\/product_tag?post=163327"}],"curies":[{"name":"wp","href":"https:\/\/api.w.org\/{rel}","templated":true}]}}