{"id":163482,"date":"2024-02-06T11:23:58","date_gmt":"2024-02-06T10:23:58","guid":{"rendered":"https:\/\/digalco.com\/tienda\/imprimante-thermique-pos-toshiba-b-ep2dl-gh40-qm-r-reconditionne-fr-8508\/"},"modified":"2025-01-29T11:28:11","modified_gmt":"2025-01-29T10:28:11","slug":"imprimante-thermique-pos-toshiba-b-ep2dl-gh40-qm-r-reconditionne-fr-8508","status":"publish","type":"product","link":"https:\/\/digalco.com\/fr\/produit\/imprimante-thermique-pos-toshiba-b-ep2dl-gh40-qm-r-reconditionne-fr-8508\/","title":{"rendered":"Imprimante thermique POS Toshiba B-EP2DL-GH40-QM-R | Reconditionn\u00e9"},"content":{"rendered":"<p><strong>Technologie<\/strong><br \/>Thermique<br \/><strong>Copies<\/strong><br \/>Vitesse d&rsquo;imprimante 4 mm\/s<br \/>Caract\u00e8res par pouce 203<br \/><strong>Gestion du papier<\/strong><br \/>Couper manuel<br \/><strong>Connectivit\u00e9 imprimante<\/strong><br \/>USB<br \/><strong>Autres<\/strong><br \/>Alimentateur inclus<br \/><strong>Bo\u00eetier<\/strong><br \/>Couleur noir<br \/><strong>Dimensions<\/strong><br \/>11.9&#215;8.8&#215;6.5 cm.<br \/><strong>Poids<\/strong><br \/>1.00 Kg.<br \/><strong>Sp\u00e9cifications suppl\u00e9mentaires<\/strong><br \/>Imprimante de tickets portable avec connexion Wi-Fi et USB. Id\u00e9al pour les environnements de mobilit\u00e9. Il comprend 2 batteries ce qui lui conf\u00e8re une grande autonomie. <br \/><b>Contr\u00f4les qualit\u00e9\/essais en laboratoire : <\/b><u>Inspection physique<\/u> : inspection du ch\u00e2ssis, nettoyage et v\u00e9rification des dommages. <u>Connectivit\u00e9 :<\/u> V\u00e9rification des ports et des connexions (USB, Ethernet, etc.). <u>Test d&rsquo;impression :<\/u> Test de qualit\u00e9 et de rapidit\u00e9, contr\u00f4le d&rsquo;alignement et de lisibilit\u00e9. <u>Gestion du papier :<\/u> Examen du syst\u00e8me d&rsquo;alimentation et d\u00e9tection des bourrages. <u>Test de charge :<\/u> Test de fiabilit\u00e9 en utilisation continue.<br \/><u>Inspection interne :<\/u> V\u00e9rification et nettoyage des composants internes.<br \/>Bon aspect ext\u00e9rieur. Il peut y avoir une certaine usure sur les boutons. Regardez dans \u00ab + Photos \u00bb et \u00ab Vid\u00e9o \u00bb et si vous avez des questions, appelez-nous ou utilisez notre chat pour plus d&rsquo;informations ou pour demander plus de d\u00e9tails.<\/p>\n<p><strong>Commentaires<\/strong><br \/><u>Wi-Fi &#8211; 2e batterie suppl\u00e9mentaire<\/u><\/p>\n","protected":false},"excerpt":{"rendered":"<p>Thermique \u00b7 Couper manuel \u00b7 Vitesse d&rsquo;imprimante 4 mm\/s \u00b7 Caract\u00e8res par pouce 203 \u00b7 USB \u00b7 Bo\u00eetier couleur noir \u00b7 <u>Wi-Fi &#8211; 2e batterie suppl\u00e9mentaire<\/u> [&#8230;]<\/p>\n<p><a class=\"btn btn-secondary understrap-read-more-link\" href=\"https:\/\/digalco.com\/fr\/produit\/imprimante-thermique-pos-toshiba-b-ep2dl-gh40-qm-r-reconditionne-fr-8508\/\">Lire la suite\u2026<span class=\"screen-reader-text\"> from Imprimante thermique POS Toshiba B-EP2DL-GH40-QM-R | Reconditionn\u00e9<\/span><\/a><\/p>\n","protected":false},"featured_media":163423,"template":"","meta":[],"product_brand":[3851],"product_cat":[1673,3102,1597,1709],"product_tag":[],"class_list":{"0":"post-163482","1":"product","2":"type-product","3":"status-publish","4":"has-post-thumbnail","6":"product_brand-toshiba","7":"product_cat-imprimantes-fr","8":"product_cat-tpv-imprimantes-fr","9":"product_cat-tpv-fr","10":"product_cat-imprimantes-tpv-fr","12":"first","13":"instock","14":"taxable","15":"shipping-taxable","16":"purchasable","17":"product-type-simple"},"bundled_by":[],"bundle_stock_status":"instock","bundle_stock_quantity":26,"bundle_virtual":false,"bundle_layout":"","bundle_add_to_cart_form_location":"","bundle_editable_in_cart":false,"bundle_sold_individually_context":"","bundle_item_grouping":"","bundle_min_size":"","bundle_max_size":"","bundle_price":[],"bundled_items":[],"bundle_sell_ids":[],"exclude_global_add_ons":[],"addons":[],"df_price":99,"df_sale_price":"","df_regular_price":99,"df_image_link":"https:\/\/digalco.com\/wp-content\/uploads\/images\/product\/8508\/tosh00136_01-300x225.jpg","_links":{"self":[{"href":"https:\/\/digalco.com\/fr\/wp-json\/wp\/v2\/product\/163482","targetHints":{"allow":["GET"]}}],"collection":[{"href":"https:\/\/digalco.com\/fr\/wp-json\/wp\/v2\/product"}],"about":[{"href":"https:\/\/digalco.com\/fr\/wp-json\/wp\/v2\/types\/product"}],"wp:featuredmedia":[{"embeddable":true,"href":"https:\/\/digalco.com\/fr\/wp-json\/wp\/v2\/media\/163423"}],"wp:attachment":[{"href":"https:\/\/digalco.com\/fr\/wp-json\/wp\/v2\/media?parent=163482"}],"wp:term":[{"taxonomy":"product_brand","embeddable":true,"href":"https:\/\/digalco.com\/fr\/wp-json\/wp\/v2\/product_brand?post=163482"},{"taxonomy":"product_cat","embeddable":true,"href":"https:\/\/digalco.com\/fr\/wp-json\/wp\/v2\/product_cat?post=163482"},{"taxonomy":"product_tag","embeddable":true,"href":"https:\/\/digalco.com\/fr\/wp-json\/wp\/v2\/product_tag?post=163482"}],"curies":[{"name":"wp","href":"https:\/\/api.w.org\/{rel}","templated":true}]}}