{"id":164057,"date":"2024-02-06T11:26:01","date_gmt":"2024-02-06T10:26:01","guid":{"rendered":"https:\/\/digalco.com\/tienda\/hp-prodesk-400-g5-reconditionne-core-i5-3ghz-16-gb-ram-256-gb-ssd-m2-sff-fr-11146\/"},"modified":"2026-05-08T12:15:41","modified_gmt":"2026-05-08T10:15:41","slug":"hp-prodesk-400-g5-reconditionne-core-i5-3ghz-16-gb-ram-256-gb-ssd-m2-sff-fr-11146","status":"publish","type":"product","link":"https:\/\/digalco.com\/fr\/produit\/hp-prodesk-400-g5-reconditionne-core-i5-3ghz-16-gb-ram-256-gb-ssd-m2-sff-fr-11146\/","title":{"rendered":"HP ProDesk 400 G5 SFF | Reconditionn\u00e9 | Core i5 3GHz | 16 GB RAM | 256 GB SSD M2"},"content":{"rendered":"<p><strong>Processeur<\/strong><br \/>Intel Core i5 8500 3 GHz. [TPM 2.0]<br \/><strong>Facteur de forme<\/strong><br \/>SFF<br \/><strong>M\u00e9moire RAM<\/strong><br \/>16 Gb. DDR4 RAM<br \/><strong>Disque dur<\/strong><br \/>256 Gb. SSD M2<br \/><strong>Cartes<\/strong><br \/>Graphique: Intel HD Graphics 630<br \/>Son: Synaptics high definition audio<br \/>R\u00e9seau: Realtek PCIe GBe family<br \/><strong>Syst\u00e8me op\u00e9ratif<\/strong><br \/>Windows 11 Pro<br \/><strong>Ports<\/strong><br \/>4x USB 2.0<br \/>4x USB 3.0<br \/><strong>Ports vid\u00e9o<\/strong><br \/>VGA<br \/>Display Port<br \/><strong>Connectivit\u00e9<\/strong><br \/>RJ-45<br \/><strong>Autres<\/strong><br \/>hR emballage<br \/><strong>Dimensions<\/strong><br \/>31x27x9.5 cm.<br \/><strong>Poids<\/strong><br \/>3.65 Kg.<br \/><strong>Sp\u00e9cifications suppl\u00e9mentaires<\/strong><br \/>Le HP ProDesk 400 G5 SFF est un ordinateur de bureau professionnel con\u00e7u pour offrir des performances solides et fiables dans des environnements de travail modernes, o\u00f9 l\u2019efficacit\u00e9 et l\u2019optimisation de l\u2019espace sont essentielles. \u00c9quip\u00e9 du processeur Intel Core i5-8500, ce syst\u00e8me fournit la puissance n\u00e9cessaire pour le multit\u00e2che intensif, les applications professionnelles et les flux de travail exigeants, tout en conservant une r\u00e9activit\u00e9 rapide et stable.<br \/>La combinaison de 16 Go de m\u00e9moire DDR4 et d\u2019un SSD M.2 de 256 Go garantit des d\u00e9marrages rapides, un acc\u00e8s imm\u00e9diat aux donn\u00e9es et une exp\u00e9rience utilisateur fluide, se traduisant par une productivit\u00e9 accrue d\u00e8s le premier jour. Avec Windows 11 Pro, ce PC de bureau professionnel est pr\u00eat pour les environnements actuels n\u00e9cessitant s\u00e9curit\u00e9, compatibilit\u00e9 et gestion professionnelle.<br \/>Son ch\u00e2ssis SFF (Small Form Factor) permet une int\u00e9gration facile dans les bureaux disposant de peu d\u2019espace, sans compromettre les possibilit\u00e9s d\u2019\u00e9volution. Les emplacements PCIe X16 et PCIe X1 offrent la flexibilit\u00e9 n\u00e9cessaire pour ajouter des cartes graphiques ou d\u2019extension, adaptant ainsi le syst\u00e8me aux besoins futurs sans remplacer la plateforme.<br \/>Gr\u00e2ce \u00e0 l\u2019int\u00e9gration du TPM 2.0, cet ordinateur de bureau ajoute une couche de s\u00e9curit\u00e9 suppl\u00e9mentaire pour la protection des donn\u00e9es et des identifiants. Silencieux, efficace et con\u00e7u avec la qualit\u00e9 reconnue de HP, le HP ProDesk 400 G5 SFF est une solution fiable pour le bureau, id\u00e9ale pour ceux qui recherchent un ordinateur compact, puissant et \u00e9volutif, offrant un excellent \u00e9quilibre entre performances, s\u00e9curit\u00e9 et rentabilit\u00e9 \u00e0 long terme.<br \/>Bon aspect ext\u00e9rieur. Il peut pr\u00e9senter de l\u00e9g\u00e8res traces d&rsquo;utilisation sur le bo\u00eetier. Regardez dans \u00ab\u00a0+ Photos\u00a0\u00bb et \u00ab\u00a0Vid\u00e9o\u00a0\u00bb et si vous avez des questions, appelez-nous ou utilisez notre chat pour d\u00e9velopper les informations ou demander plus de d\u00e9tails. <\/p>\n<p><strong>Commentaires<\/strong><br \/><u>1xPCIe X16 \/ 1xPCIe X1<\/u><\/p>\n","protected":false},"excerpt":{"rendered":"<p>Intel Core i5 8500 3 GHz. \u00b7 16 Gb. DDR4 RAM \u00b7 256 Gb. SSD M2 \u00b7 <strong>Windows 11 Pro<\/strong> \u00b7<br \/>\n<u>1xPCIe X16 \/ 1xPCIe X1<br \/>\n<\/u> [&#8230;]<\/p>\n<p><a class=\"btn btn-secondary understrap-read-more-link\" href=\"https:\/\/digalco.com\/fr\/produit\/hp-prodesk-400-g5-reconditionne-core-i5-3ghz-16-gb-ram-256-gb-ssd-m2-sff-fr-11146\/\">Lire la suite\u2026<span class=\"screen-reader-text\"> from HP ProDesk 400 G5 SFF | Reconditionn\u00e9 | Core i5 3GHz | 16 GB RAM | 256 GB SSD M2<\/span><\/a><\/p>\n","protected":false},"featured_media":164017,"template":"","meta":[],"product_brand":[3854],"product_cat":[1469,2418],"product_tag":[],"class_list":{"0":"post-164057","1":"product","2":"type-product","3":"status-publish","4":"has-post-thumbnail","6":"product_brand-hp","7":"product_cat-ordinateurs-fr","8":"product_cat-ordinateurs-intel-core-i5-fr","10":"first","11":"instock","12":"taxable","13":"shipping-taxable","14":"purchasable","15":"product-type-simple"},"bundled_by":[],"bundle_stock_status":"instock","bundle_stock_quantity":26,"bundle_virtual":false,"bundle_layout":"","bundle_add_to_cart_form_location":"","bundle_editable_in_cart":false,"bundle_sold_individually_context":"","bundle_item_grouping":"","bundle_min_size":"","bundle_max_size":"","bundle_price":[],"bundled_items":[],"bundle_sell_ids":[],"exclude_global_add_ons":true,"addons":{"webcam-upgrades":{"name":"Extension Webcam","type":"multiple_choice","position":0,"required":false,"title_format":"heading","default":"","description_enable":false,"description":"","placeholder_enable":false,"placeholder":"","display":"radiobutton","restrictions_type":"any_text","adjust_price":false,"price":"","price_type":"quantity_based","restrictions":false,"min":"0","max":"0","options":[{"label":"Conceptronic AMDIS FullHD [AMP00085]","price":"29.0000","price_type":"quantity_based","image":0,"visibility":true}]},"ram-memory-upgrades":{"name":"Extension RAM","type":"multiple_choice","position":0,"required":false,"title_format":"heading","default":"","description_enable":false,"description":"","placeholder_enable":false,"placeholder":"","display":"radiobutton","restrictions_type":"any_text","adjust_price":false,"price":"","price_type":"quantity_based","restrictions":false,"min":"0","max":"0","options":[{"label":"Extension de 32 Gb de RAM DIMM [AMP00122]","price":"150.0000","price_type":"quantity_based","image":0,"visibility":true}]},"hdd-upgrades":{"name":"Extension disque dur","type":"multiple_choice","position":0,"required":false,"title_format":"heading","default":"","description_enable":false,"description":"","placeholder_enable":false,"placeholder":"","display":"radiobutton","restrictions_type":"any_text","adjust_price":false,"price":"","price_type":"quantity_based","restrictions":false,"min":"0","max":"0","options":[{"label":"Passez au disque SSD 1 Tb. M.2 2280 PCIe [AMP00107]","price":"165.0000","price_type":"quantity_based","image":0,"visibility":true},{"label":"Passez au disque SSD de 500 Gb. M.2 2280PCIe [AMP00106]","price":"110.0000","price_type":"quantity_based","image":0,"visibility":true}]},"graphic-card-upgrades":{"name":"Extension carte graphique","type":"multiple_choice","position":0,"required":false,"title_format":"heading","default":"","description_enable":false,"description":"","placeholder_enable":false,"placeholder":"","display":"radiobutton","restrictions_type":"any_text","adjust_price":false,"price":"","price_type":"quantity_based","restrictions":false,"min":"0","max":"0","options":[{"label":"Graphique T. 2 Gb. (1xDVI, 1xHDMI) [AMP00010]","price":"60.0000","price_type":"quantity_based","image":0,"visibility":true}]},"network-card-upgrades":{"name":"Extension WIFI","type":"multiple_choice","position":0,"required":false,"title_format":"heading","default":"","description_enable":false,"description":"","placeholder_enable":false,"placeholder":"","display":"radiobutton","restrictions_type":"any_text","adjust_price":false,"price":"","price_type":"quantity_based","restrictions":false,"min":"0","max":"0","options":[{"label":"Mise \u00e0 niveau de la carte PCI Wi-Fi [AMP00017]","price":"15.0000","price_type":"quantity_based","image":0,"visibility":true},{"label":"Mise \u00e0 niveau nano USB sans fil [AMP00018]","price":"15.0000","price_type":"quantity_based","image":0,"visibility":true}]},"os-upgrades":{"name":"Expansion SO","type":"multiple_choice","position":0,"required":false,"title_format":"heading","default":"","description_enable":false,"description":"","placeholder_enable":false,"placeholder":"","display":"radiobutton","restrictions_type":"any_text","adjust_price":false,"price":"","price_type":"quantity_based","restrictions":false,"min":"0","max":"0","options":[{"label":"Changer la langue en fran\u00e7ais [AMP00125]","price":"0.0000","price_type":"quantity_based","image":0,"visibility":true},{"label":"Changer la langue en anglais [AMP00008]","price":"0.0000","price_type":"quantity_based","image":0,"visibility":true},{"label":"Changer la langue en portugais [AMP00009]","price":"0.0000","price_type":"quantity_based","image":0,"visibility":true},{"label":"Passer \u00e0 Windows 32 bits [AMP00005]","price":"10.0000","price_type":"quantity_based","image":0,"visibility":true}]},"keyboard-upgrades":{"name":"Extension clavier","type":"multiple_choice","position":0,"required":false,"title_format":"heading","default":"","description_enable":false,"description":"","placeholder_enable":false,"placeholder":"","display":"radiobutton","restrictions_type":"any_text","adjust_price":false,"price":"","price_type":"quantity_based","restrictions":false,"min":"0","max":"0","options":[{"label":"Clavier et souris [AMP00020]","price":"8.0000","price_type":"quantity_based","image":0,"visibility":true},{"label":"Clavier et souris Portuguese New [AMP00088]","price":"15.0000","price_type":"quantity_based","image":0,"visibility":true},{"label":"Clavier et souris USB espagnols (Nouveau) [AMP00068]","price":"12.0000","price_type":"quantity_based","image":0,"visibility":true}]}},"df_price":287,"df_sale_price":"","df_regular_price":287,"df_image_link":"https:\/\/digalco.com\/wp-content\/uploads\/images\/product\/11146\/hp02227_01-300x225.jpg","_links":{"self":[{"href":"https:\/\/digalco.com\/fr\/wp-json\/wp\/v2\/product\/164057","targetHints":{"allow":["GET"]}}],"collection":[{"href":"https:\/\/digalco.com\/fr\/wp-json\/wp\/v2\/product"}],"about":[{"href":"https:\/\/digalco.com\/fr\/wp-json\/wp\/v2\/types\/product"}],"wp:featuredmedia":[{"embeddable":true,"href":"https:\/\/digalco.com\/fr\/wp-json\/wp\/v2\/media\/164017"}],"wp:attachment":[{"href":"https:\/\/digalco.com\/fr\/wp-json\/wp\/v2\/media?parent=164057"}],"wp:term":[{"taxonomy":"product_brand","embeddable":true,"href":"https:\/\/digalco.com\/fr\/wp-json\/wp\/v2\/product_brand?post=164057"},{"taxonomy":"product_cat","embeddable":true,"href":"https:\/\/digalco.com\/fr\/wp-json\/wp\/v2\/product_cat?post=164057"},{"taxonomy":"product_tag","embeddable":true,"href":"https:\/\/digalco.com\/fr\/wp-json\/wp\/v2\/product_tag?post=164057"}],"curies":[{"name":"wp","href":"https:\/\/api.w.org\/{rel}","templated":true}]}}