{"id":164844,"date":"2024-02-06T11:28:35","date_gmt":"2024-02-06T10:28:35","guid":{"rendered":"https:\/\/digalco.com\/tienda\/panasonic-toughbook-fz-g1-mk3-101-reconditionne-core-i5-23ghz-8-gb-ram-256-gb-ssd-1920x1200-fr-9762\/"},"modified":"2025-10-15T13:43:09","modified_gmt":"2025-10-15T11:43:09","slug":"panasonic-toughbook-fz-g1-mk3-101-reconditionne-core-i5-23ghz-8-gb-ram-256-gb-ssd-1920x1200-fr-9762","status":"publish","type":"product","link":"https:\/\/digalco.com\/fr\/produit\/panasonic-toughbook-fz-g1-mk3-101-reconditionne-core-i5-23ghz-8-gb-ram-256-gb-ssd-1920x1200-fr-9762\/","title":{"rendered":"Panasonic ToughBook FZ-G1 MK3 10.1\u00a0\u00bb | Reconditionn\u00e9 | Core i5 2.3GHz | 8 GB RAM | 256 GB SSD 1920&#215;1200"},"content":{"rendered":"<p><strong>Processeur<\/strong><br \/>Intel Core i5 5300U 2.3 GHz.<br \/><strong>M\u00e9moire RAM<\/strong><br \/>8 Gb. DDR3 RAM<br \/><strong>Disque dur<\/strong><br \/>256 Gb. SSD<br \/><strong>Cartes<\/strong><br \/>Graphique: Intel Graphics 5500<br \/>Son: Realtek High Definition Audio<br \/><strong>Syst\u00e8me op\u00e9ratif<\/strong><br \/>Windows 10 Pro<br \/><strong>Ports<\/strong><br \/>USB 3.0<br \/><strong>\u00c9cran<\/strong><br \/>Tactile 10.1 \u00a0\u00bb FullHD 16:9  \u00b7 R\u00e9solution 1920&#215;1200<br \/><strong>Ports vid\u00e9o<\/strong><br \/>HDMI<br \/><strong>Multim\u00e9dias<\/strong><br \/>Webcam<br \/><strong>Connectivit\u00e9<\/strong><br \/>WIFI<br \/>Bluetooth<br \/>4G<br \/><strong>Autres<\/strong><br \/>hR emballage<br \/><strong>Dimensions<\/strong><br \/>28x20x4 cm.<br \/><strong>Poids<\/strong><br \/>1.40 Kg.<br \/><strong>Sp\u00e9cifications suppl\u00e9mentaires<\/strong><br \/>Bon \u00e9tat esth\u00e9tique. Tablette robuste. Sp\u00e9cial pour les environnements industriels. R\u00e9sistant \u00e0 l&rsquo;eau et aux \u00e9claboussures. R\u00e9sistant aux chocs et aux chutes jusqu&rsquo;\u00e0 1,2 m\u00e8tres. Regardez dans \u00ab + Photos \u00bb et \u00ab Vid\u00e9o \u00bb et si vous avez des questions, appelez-nous ou utilisez notre chat pour plus d&rsquo;informations ou pour demander plus de d\u00e9tails.<\/p>\n<p><strong>Commentaires<\/strong><br \/><u>Crayon inclus<\/u><\/p>\n","protected":false},"excerpt":{"rendered":"<p>Intel Core i5 5300U 2.3 GHz. \u00b7 8 Gb. DDR3 RAM \u00b7 256 Gb. SSD \u00b7 Windows 10 Pro \u00b7 Tactile 10.1 \u00a0\u00bb FullHD 16:9  \u00b7 R\u00e9solution 1920&#215;1200 \u00b7 <u>Crayon inclus<\/u> [&#8230;]<\/p>\n<p><a class=\"btn btn-secondary understrap-read-more-link\" href=\"https:\/\/digalco.com\/fr\/produit\/panasonic-toughbook-fz-g1-mk3-101-reconditionne-core-i5-23ghz-8-gb-ram-256-gb-ssd-1920x1200-fr-9762\/\">Lire la suite\u2026<span class=\"screen-reader-text\"> from Panasonic ToughBook FZ-G1 MK3 10.1\u00a0\u00bb | Reconditionn\u00e9 | Core i5 2.3GHz | 8 GB RAM | 256 GB SSD 1920&#215;1200<\/span><\/a><\/p>\n","protected":false},"featured_media":164762,"template":"","meta":[],"product_brand":[3873],"product_cat":[3110,3110,1581,1581,1593,1593,3696,3696],"product_tag":[],"class_list":{"0":"post-164844","1":"product","2":"type-product","3":"status-publish","4":"has-post-thumbnail","6":"product_brand-panasonic","7":"product_cat-tablettes-ruggerized-fr","9":"product_cat-tablettes-fr","11":"product_cat-ruggerized-fr","13":"product_cat-ruggerized-tablettes-fr","16":"first","17":"instock","18":"taxable","19":"shipping-taxable","20":"purchasable","21":"product-type-simple"},"bundled_by":[],"bundle_stock_status":"instock","bundle_stock_quantity":1,"bundle_virtual":false,"bundle_layout":"","bundle_add_to_cart_form_location":"","bundle_editable_in_cart":false,"bundle_sold_individually_context":"","bundle_item_grouping":"","bundle_min_size":"","bundle_max_size":"","bundle_price":[],"bundled_items":[],"bundle_sell_ids":[],"exclude_global_add_ons":true,"addons":{"battery-upgrades":{"name":"Extension batterie","type":"multiple_choice","position":0,"required":false,"title_format":"heading","default":"","description_enable":false,"description":"","placeholder_enable":false,"placeholder":"","display":"radiobutton","restrictions_type":"any_text","adjust_price":false,"price":"","price_type":"quantity_based","restrictions":false,"min":"0","max":"0","options":[{"label":"Passer \u00e0 une nouvelle batterie compatible [AMP00167]","price":"80.0000","price_type":"quantity_based","image":0,"visibility":true}]},"docking-station-upgrades":{"name":"Extension Docking Station","type":"multiple_choice","position":0,"required":false,"title_format":"heading","default":"","description_enable":false,"description":"","placeholder_enable":false,"placeholder":"","display":"radiobutton","restrictions_type":"any_text","adjust_price":false,"price":"","price_type":"quantity_based","restrictions":false,"min":"0","max":"0","options":[{"label":"Panasonic Docking ToughPad FZ-VEBG11 [AMP00128]","price":"100.0000","price_type":"quantity_based","image":0,"visibility":true}]},"os-upgrades":{"name":"Expansion SO","type":"multiple_choice","position":0,"required":false,"title_format":"heading","default":"","description_enable":false,"description":"","placeholder_enable":false,"placeholder":"","display":"radiobutton","restrictions_type":"any_text","adjust_price":false,"price":"","price_type":"quantity_based","restrictions":false,"min":"0","max":"0","options":[{"label":"Changer la langue en fran\u00e7ais [AMP00125]","price":"0.0000","price_type":"quantity_based","image":0,"visibility":true},{"label":"Changer la langue en anglais [AMP00008]","price":"0.0000","price_type":"quantity_based","image":0,"visibility":true},{"label":"Changer la langue en portugais [AMP00009]","price":"0.0000","price_type":"quantity_based","image":0,"visibility":true}]}},"df_price":309,"df_sale_price":"","df_regular_price":309,"df_image_link":"https:\/\/digalco.com\/wp-content\/uploads\/images\/product\/9762\/pana00074_01-300x225.jpg","_links":{"self":[{"href":"https:\/\/digalco.com\/fr\/wp-json\/wp\/v2\/product\/164844","targetHints":{"allow":["GET"]}}],"collection":[{"href":"https:\/\/digalco.com\/fr\/wp-json\/wp\/v2\/product"}],"about":[{"href":"https:\/\/digalco.com\/fr\/wp-json\/wp\/v2\/types\/product"}],"wp:featuredmedia":[{"embeddable":true,"href":"https:\/\/digalco.com\/fr\/wp-json\/wp\/v2\/media\/164762"}],"wp:attachment":[{"href":"https:\/\/digalco.com\/fr\/wp-json\/wp\/v2\/media?parent=164844"}],"wp:term":[{"taxonomy":"product_brand","embeddable":true,"href":"https:\/\/digalco.com\/fr\/wp-json\/wp\/v2\/product_brand?post=164844"},{"taxonomy":"product_cat","embeddable":true,"href":"https:\/\/digalco.com\/fr\/wp-json\/wp\/v2\/product_cat?post=164844"},{"taxonomy":"product_tag","embeddable":true,"href":"https:\/\/digalco.com\/fr\/wp-json\/wp\/v2\/product_tag?post=164844"}],"curies":[{"name":"wp","href":"https:\/\/api.w.org\/{rel}","templated":true}]}}