{"id":165126,"date":"2024-02-06T11:29:17","date_gmt":"2024-02-06T10:29:17","guid":{"rendered":"https:\/\/digalco.com\/tienda\/scanner-fujitsu-fi-6130zla-impecable-reconditionne-fr-11431\/"},"modified":"2025-10-30T13:32:45","modified_gmt":"2025-10-30T12:32:45","slug":"scanner-fujitsu-fi-6130zla-impecable-reconditionne-fr-11431","status":"publish","type":"product","link":"https:\/\/digalco.com\/fr\/produit\/scanner-fujitsu-fi-6130zla-impecable-reconditionne-fr-11431\/","title":{"rendered":"Scanner Fujitsu fi-6130ZLA &#8211; Impecable | Reconditionn\u00e9"},"content":{"rendered":"<p><strong>Technology:<\/strong><br \/><strong><\/strong>Document Color Scanner<br \/><strong>Image Sensor Type:<\/strong><br \/>Color CCD<br \/><strong>Scanning Speed:<\/strong><br \/>Color: 30 ppm<br \/>Grayscale: 30 ppm<br \/>Monochrome: 1,7 seg.<strong><\/strong><br \/><strong>Resolution:<\/strong><br \/>Up to 600 dpi<strong><\/strong><br \/><strong>Connectivity:<\/strong><br \/>USB 2.0<strong><\/strong><br \/><strong>Duplex:<\/strong><br \/>Included<strong><\/strong><br \/><strong>ADF:<\/strong><br \/>Num\u00e9risation recto verso int\u00e9gr\u00e9e<strong><\/strong><br \/><strong>Document Size:<\/strong><br \/>ADF Max: A4<strong><\/strong><br \/><strong>Dimensions:<\/strong><br \/>301 x 160 x 158 mm.<strong><\/strong><br \/><strong>Weight:<\/strong><br \/>4,2 Kgrs.<br \/><b>Sp\u00e9cifications suppl\u00e9mentaires :<\/b><br \/>Le Fujitsufi-6130ZLA est un scanner \u00e0 chargeur automatique de documents (ADF) con\u00e7u pour les environnements professionnels exigeants en mati\u00e8re de qualit\u00e9, de fiabilit\u00e9 et de flux de travail continu. Il est \u00e9quip\u00e9 d&rsquo;un capteur CCD couleur, de la num\u00e9risation recto verso int\u00e9gr\u00e9e et offre une vitesse de num\u00e9risation allant jusqu&rsquo;\u00e0 30 pages par minute (ppm) en couleur ou en niveaux de gris en mode recto, avec une r\u00e9solution optique jusqu&rsquo;\u00e0 600 dpi. Son chargeur automatique de documents de 50 feuilles facilite la num\u00e9risation par lots sans surveillance constante. La connectivit\u00e9 USB 2.0 assure une int\u00e9gration ais\u00e9e aux stations de travail standard. Gr\u00e2ce \u00e0 des fonctionnalit\u00e9s avanc\u00e9es telles que la d\u00e9tection ultrasonique de double alimentation, des chemins papier rectilignes et la prise en charge de diff\u00e9rents types de papier, le fi-6130ZLA allie performance et polyvalence dans un appareil compact, id\u00e9al pour num\u00e9riser efficacement et en toute fiabilit\u00e9 factures, contrats, documents d&rsquo;archives ou fichiers.<br \/>Son design est attrayant. Consultez les sections \u00ab + Photos \u00bb et \u00ab Vid\u00e9o \u00bb. Pour toute question, n&rsquo;h\u00e9sitez pas \u00e0 nous appeler ou \u00e0 utiliser notre chat pour obtenir plus d&rsquo;informations ou demander des pr\u00e9cisions.<\/p>\n","protected":false},"excerpt":{"rendered":"<p>Technology: Document Color Scanner &#8211; Image Sensor Type: Color CCD &#8211; Scanning Speed: Up to 30 ppm Color, 30 ppm Grayscale &#8211; Resolution: Up to 600 dpi &#8211; Connectivity: USB 2.0 &#8211;<u>Recto verso: num\u00e9risation recto verso int\u00e9gr\u00e9e<\/u> &#8211; ADF Capacity: 50 Sheet [&#8230;]<\/p>\n<p><a class=\"btn btn-secondary understrap-read-more-link\" href=\"https:\/\/digalco.com\/fr\/produit\/scanner-fujitsu-fi-6130zla-impecable-reconditionne-fr-11431\/\">Lire la suite\u2026<span class=\"screen-reader-text\"> from Scanner Fujitsu fi-6130ZLA &#8211; Impecable | Reconditionn\u00e9<\/span><\/a><\/p>\n","protected":false},"featured_media":165014,"template":"","meta":[],"product_brand":[3859],"product_cat":[1725],"product_tag":[],"class_list":{"0":"post-165126","1":"product","2":"type-product","3":"status-publish","4":"has-post-thumbnail","6":"product_brand-fujitsu","7":"product_cat-scanners-fr","9":"first","10":"instock","11":"taxable","12":"shipping-taxable","13":"purchasable","14":"product-type-simple"},"bundled_by":[],"bundle_stock_status":"instock","bundle_stock_quantity":205,"bundle_virtual":false,"bundle_layout":"","bundle_add_to_cart_form_location":"","bundle_editable_in_cart":false,"bundle_sold_individually_context":"","bundle_item_grouping":"","bundle_min_size":"","bundle_max_size":"","bundle_price":[],"bundled_items":[],"bundle_sell_ids":[],"exclude_global_add_ons":[],"addons":[],"df_price":186,"df_sale_price":"","df_regular_price":186,"df_image_link":"https:\/\/digalco.com\/wp-content\/uploads\/images\/product\/11431\/fuji00230_01-300x225.jpg","_links":{"self":[{"href":"https:\/\/digalco.com\/fr\/wp-json\/wp\/v2\/product\/165126","targetHints":{"allow":["GET"]}}],"collection":[{"href":"https:\/\/digalco.com\/fr\/wp-json\/wp\/v2\/product"}],"about":[{"href":"https:\/\/digalco.com\/fr\/wp-json\/wp\/v2\/types\/product"}],"wp:featuredmedia":[{"embeddable":true,"href":"https:\/\/digalco.com\/fr\/wp-json\/wp\/v2\/media\/165014"}],"wp:attachment":[{"href":"https:\/\/digalco.com\/fr\/wp-json\/wp\/v2\/media?parent=165126"}],"wp:term":[{"taxonomy":"product_brand","embeddable":true,"href":"https:\/\/digalco.com\/fr\/wp-json\/wp\/v2\/product_brand?post=165126"},{"taxonomy":"product_cat","embeddable":true,"href":"https:\/\/digalco.com\/fr\/wp-json\/wp\/v2\/product_cat?post=165126"},{"taxonomy":"product_tag","embeddable":true,"href":"https:\/\/digalco.com\/fr\/wp-json\/wp\/v2\/product_tag?post=165126"}],"curies":[{"name":"wp","href":"https:\/\/api.w.org\/{rel}","templated":true}]}}