{"id":166677,"date":"2024-02-06T11:33:54","date_gmt":"2024-02-06T10:33:54","guid":{"rendered":"https:\/\/digalco.com\/tienda\/samsung-s22e650-22-led-169-reconditionne-1920x1080-fr-11161\/"},"modified":"2025-09-30T11:28:51","modified_gmt":"2025-09-30T09:28:51","slug":"samsung-s22e650-22-led-169-reconditionne-1920x1080-fr-11161","status":"publish","type":"product","link":"https:\/\/digalco.com\/fr\/produit\/samsung-s22e650-22-led-169-reconditionne-1920x1080-fr-11161\/","title":{"rendered":"Samsung S22E650 22&Prime; Led 16:9 | Reconditionn\u00e9 | 1920&#215;1080"},"content":{"rendered":"<p><strong>\u00c9cran<\/strong><br \/>Led 22 \u00a0\u00bb FullHD 16:9  \u00b7 R\u00e9solution 1920&#215;1080<br \/>R\u00e9ponse 4 ms<br \/>Contraste 1000:1<br \/>Luminosit\u00e9 250 cd\/m2<br \/>Angle vision 178\u00b0v\/178\u00b0h<br \/><strong>Ports vid\u00e9o<\/strong><br \/>VGA<br \/>Display Port<br \/>DVI<br \/><strong>Affichage sp\u00e9cifique<\/strong><br \/>Stand VESA<br \/>Base<br \/>R\u00e9glable en hauteur<br \/><strong>Autres<\/strong><br \/>hR emballage<br \/><strong>Dimensions<\/strong><br \/>50.2&#215;36.3&#215;21 cm.<br \/><strong>Poids<\/strong><br \/>4.70 Kg.<br \/><strong>Sp\u00e9cifications suppl\u00e9mentaires<\/strong><br \/>Bon aspect ext\u00e9rieur. Il peut y avoir de l\u00e9g\u00e8res traces d&rsquo;utilisation sur le bo\u00eetier. Si vous avez des questions, appelez-nous ou utilisez notre chat pour plus d&rsquo;informations ou pour demander plus de d\u00e9tails.<\/p>\n<p><strong>Commentaires<\/strong><br \/><u>C\u00e2ble d&rsquo;alimentation et VGA inclus<\/u><\/p>\n","protected":false},"excerpt":{"rendered":"<p>Led 22 \u00a0\u00bb FullHD 16:9  \u00b7 R\u00e9solution 1920&#215;1080 \u00b7 R\u00e9ponse 4 ms \u00b7 Contraste 1000:1 \u00b7 Luminosit\u00e9 250 cd\/m2 \u00b7 Angle vision 178\u00b0v\/178\u00b0h \u00b7 VGA \u00b7 Display Port \u00b7 DVI \u00b7 <u>C\u00e2ble d&rsquo;alimentation et VGA inclus<\/u> [&#8230;]<\/p>\n<p><a class=\"btn btn-secondary understrap-read-more-link\" href=\"https:\/\/digalco.com\/fr\/produit\/samsung-s22e650-22-led-169-reconditionne-1920x1080-fr-11161\/\">Lire la suite\u2026<span class=\"screen-reader-text\"> from Samsung S22E650 22&Prime; Led 16:9 | Reconditionn\u00e9 | 1920&#215;1080<\/span><\/a><\/p>\n","protected":false},"featured_media":166576,"template":"","meta":[],"product_brand":[3868],"product_cat":[2382,2382,1493],"product_tag":[],"class_list":{"0":"post-166677","1":"product","2":"type-product","3":"status-publish","4":"has-post-thumbnail","6":"product_brand-samsung","7":"product_cat-moniteurs-22-fr","9":"product_cat-moniteurs-fr","11":"first","12":"instock","13":"taxable","14":"shipping-taxable","15":"purchasable","16":"product-type-simple"},"bundled_by":[],"bundle_stock_status":"instock","bundle_stock_quantity":5,"bundle_virtual":false,"bundle_layout":"","bundle_add_to_cart_form_location":"","bundle_editable_in_cart":false,"bundle_sold_individually_context":"","bundle_item_grouping":"","bundle_min_size":"","bundle_max_size":"","bundle_price":[],"bundled_items":[],"bundle_sell_ids":[],"exclude_global_add_ons":true,"addons":{"webcam-upgrades":{"name":"Extension Webcam","type":"multiple_choice","position":0,"required":false,"title_format":"heading","default":"","description_enable":false,"description":"","placeholder_enable":false,"placeholder":"","display":"radiobutton","restrictions_type":"any_text","adjust_price":false,"price":"","price_type":"quantity_based","restrictions":false,"min":"0","max":"0","options":[{"label":"Conceptronic AMDIS FullHD [AMP00085]","price":"29.0000","price_type":"quantity_based","image":0,"visibility":true}]},"hdmi-upgrades":{"name":"Extension c\u00e2ble","type":"multiple_choice","position":0,"required":false,"title_format":"heading","default":"","description_enable":false,"description":"","placeholder_enable":false,"placeholder":"","display":"radiobutton","restrictions_type":"any_text","adjust_price":false,"price":"","price_type":"quantity_based","restrictions":false,"min":"0","max":"0","options":[{"label":"C\u00e2ble DVI-D M\/M Dual Link 1,8 mts. [AMP00102]","price":"2.0000","price_type":"quantity_based","image":0,"visibility":true},{"label":"C\u00e2ble DisplayPort vers DisplayPort 1,8 mts. [AMP00103]","price":"8.0000","price_type":"quantity_based","image":0,"visibility":true}]},"warranty-upgrades":{"name":"Extension garantie","type":"multiple_choice","position":0,"required":false,"title_format":"heading","default":"","description_enable":false,"description":"","placeholder_enable":false,"placeholder":"","display":"radiobutton","restrictions_type":"any_text","adjust_price":false,"price":"","price_type":"quantity_based","restrictions":false,"min":"0","max":"0","options":[{"label":"Extension de garantie \u00e0 2 ans [AMP00021]","price":"15.0000","price_type":"quantity_based","image":0,"visibility":true}]}},"df_price":70,"df_sale_price":"","df_regular_price":70,"df_image_link":"https:\/\/digalco.com\/wp-content\/uploads\/images\/product\/11161\/sam00111_01-300x225.jpg","_links":{"self":[{"href":"https:\/\/digalco.com\/fr\/wp-json\/wp\/v2\/product\/166677","targetHints":{"allow":["GET"]}}],"collection":[{"href":"https:\/\/digalco.com\/fr\/wp-json\/wp\/v2\/product"}],"about":[{"href":"https:\/\/digalco.com\/fr\/wp-json\/wp\/v2\/types\/product"}],"wp:featuredmedia":[{"embeddable":true,"href":"https:\/\/digalco.com\/fr\/wp-json\/wp\/v2\/media\/166576"}],"wp:attachment":[{"href":"https:\/\/digalco.com\/fr\/wp-json\/wp\/v2\/media?parent=166677"}],"wp:term":[{"taxonomy":"product_brand","embeddable":true,"href":"https:\/\/digalco.com\/fr\/wp-json\/wp\/v2\/product_brand?post=166677"},{"taxonomy":"product_cat","embeddable":true,"href":"https:\/\/digalco.com\/fr\/wp-json\/wp\/v2\/product_cat?post=166677"},{"taxonomy":"product_tag","embeddable":true,"href":"https:\/\/digalco.com\/fr\/wp-json\/wp\/v2\/product_tag?post=166677"}],"curies":[{"name":"wp","href":"https:\/\/api.w.org\/{rel}","templated":true}]}}