{"id":171482,"date":"2024-02-06T11:48:14","date_gmt":"2024-02-06T10:48:14","guid":{"rendered":"https:\/\/digalco.com\/tienda\/cisco-webex-dx80-23-ips-169-reconditionne-1920x1080-fr-8836\/"},"modified":"2024-12-11T11:42:09","modified_gmt":"2024-12-11T10:42:09","slug":"cisco-webex-dx80-23-ips-169-reconditionne-1920x1080-fr-8836","status":"publish","type":"product","link":"https:\/\/digalco.com\/fr\/produit\/cisco-webex-dx80-23-ips-169-reconditionne-1920x1080-fr-8836\/","title":{"rendered":"CISCO Webex DX80 23\u00a0\u00bb IPS 16:9 Reconditionn\u00e9 | 1920&#215;1080"},"content":{"rendered":"<p><strong>\u00c9cran<\/strong><br \/>IPS 23 \u00a0\u00bb FullHD  avec Haut-parleurs \u00b7  16:9  \u00b7 R\u00e9solution 1920&#215;1080<br \/>R\u00e9ponse 5 ms<br \/>Contraste 1000:1<br \/>Luminosit\u00e9 215 cd\/m2<br \/>Angle vision 178\u00b0v\/178\u00b0h<br \/><strong>Ports vid\u00e9o<\/strong><br \/>1x HDMI<br \/><strong>Dimensions<\/strong><br \/>52x57x9 cm.<br \/><strong>Poids<\/strong><br \/>7.10 Kg.<br \/><strong>Sp\u00e9cifications suppl\u00e9mentaires<\/strong><br \/>Moniteur FullHD 23&Prime; avec entr\u00e9e HDMI et USB. Comprend 2 connecteurs RJ45 et webcam pour les syst\u00e8mes de visioconf\u00e9rence CISCO. \u00c9galement utilisable comme moniteur de bureau. Bon aspect ext\u00e9rieur. Il peut pr\u00e9senter de l\u00e9g\u00e8res traces d&rsquo;utilisation sur le bo\u00eetier. Voir dans \u00ab + Photos \u00bb et Si vous avez des questions, appelez-nous ou utilisez notre chat pour plus d&rsquo;informations ou pour demander plus de d\u00e9tails.<\/p>\n<p><strong>Commentaires<\/strong><br \/><u>Comprend une webcam pour la vid\u00e9oconf\u00e9rence (fonctionne uniquement sur les syst\u00e8mes CISCO)<\/u><\/p>\n","protected":false},"excerpt":{"rendered":"<p>IPS 23 \u00a0\u00bb FullHD  avec Haut-parleurs \u00b7  16:9  \u00b7 R\u00e9solution 1920&#215;1080 \u00b7 R\u00e9ponse 5 ms \u00b7 Contraste 1000:1 \u00b7 Luminosit\u00e9 215 cd\/m2 \u00b7 Angle vision 178\u00b0v\/178\u00b0h \u00b7 1x HDMI \u00b7 <u>Comprend une webcam pour la vid\u00e9oconf\u00e9rence (fonctionne uniquement sur les syst\u00e8mes CISCO)<\/u> [&#8230;]<\/p>\n<p><a class=\"btn btn-secondary understrap-read-more-link\" href=\"https:\/\/digalco.com\/fr\/produit\/cisco-webex-dx80-23-ips-169-reconditionne-1920x1080-fr-8836\/\">Lire la suite\u2026<span class=\"screen-reader-text\"> from CISCO Webex DX80 23\u00a0\u00bb IPS 16:9 Reconditionn\u00e9 | 1920&#215;1080<\/span><\/a><\/p>\n","protected":false},"featured_media":171434,"template":"","meta":[],"product_brand":[3882],"product_cat":[3803,1665],"product_tag":[],"class_list":{"0":"post-171482","1":"product","2":"type-product","3":"status-publish","4":"has-post-thumbnail","6":"product_brand-cisco","7":"product_cat-networking-videoconference-fr","8":"product_cat-networking-fr","10":"first","11":"instock","12":"taxable","13":"shipping-taxable","14":"purchasable","15":"product-type-simple"},"bundled_by":[],"bundle_stock_status":"instock","bundle_stock_quantity":2,"bundle_virtual":false,"bundle_layout":"","bundle_add_to_cart_form_location":"","bundle_editable_in_cart":false,"bundle_sold_individually_context":"","bundle_item_grouping":"","bundle_min_size":"","bundle_max_size":"","bundle_price":[],"bundled_items":[],"bundle_sell_ids":[],"exclude_global_add_ons":true,"addons":{"hdmi-upgrades":{"name":"Extension c\u00e2ble","type":"multiple_choice","position":0,"required":false,"title_format":"heading","default":"","description_enable":false,"description":"","placeholder_enable":false,"placeholder":"","display":"radiobutton","restrictions_type":"any_text","adjust_price":false,"price":"","price_type":"quantity_based","restrictions":false,"min":"0","max":"0","options":[{"label":"C\u00e2ble HDMI 2 mts. [AMP00104]","price":"6.0000","price_type":"quantity_based","image":0,"visibility":true}]}},"df_price":180,"df_sale_price":"","df_regular_price":180,"df_image_link":"https:\/\/digalco.com\/wp-content\/uploads\/images\/product\/8836\/cisc00027_01-300x225.jpg","_links":{"self":[{"href":"https:\/\/digalco.com\/fr\/wp-json\/wp\/v2\/product\/171482","targetHints":{"allow":["GET"]}}],"collection":[{"href":"https:\/\/digalco.com\/fr\/wp-json\/wp\/v2\/product"}],"about":[{"href":"https:\/\/digalco.com\/fr\/wp-json\/wp\/v2\/types\/product"}],"wp:featuredmedia":[{"embeddable":true,"href":"https:\/\/digalco.com\/fr\/wp-json\/wp\/v2\/media\/171434"}],"wp:attachment":[{"href":"https:\/\/digalco.com\/fr\/wp-json\/wp\/v2\/media?parent=171482"}],"wp:term":[{"taxonomy":"product_brand","embeddable":true,"href":"https:\/\/digalco.com\/fr\/wp-json\/wp\/v2\/product_brand?post=171482"},{"taxonomy":"product_cat","embeddable":true,"href":"https:\/\/digalco.com\/fr\/wp-json\/wp\/v2\/product_cat?post=171482"},{"taxonomy":"product_tag","embeddable":true,"href":"https:\/\/digalco.com\/fr\/wp-json\/wp\/v2\/product_tag?post=171482"}],"curies":[{"name":"wp","href":"https:\/\/api.w.org\/{rel}","templated":true}]}}