{"id":171598,"date":"2024-02-06T11:48:37","date_gmt":"2024-02-06T10:48:37","guid":{"rendered":"https:\/\/digalco.com\/tienda\/option-pos-detector-billetes-uv-safescan-70-nouveau-fr-8990\/"},"modified":"2024-11-07T20:20:17","modified_gmt":"2024-11-07T19:20:17","slug":"option-pos-detector-billetes-uv-safescan-70-nouveau-fr-8990","status":"publish","type":"product","link":"https:\/\/digalco.com\/fr\/produit\/option-pos-detector-billetes-uv-safescan-70-nouveau-fr-8990\/","title":{"rendered":"Option POS  Detector billetes UV Safescan 70 Nouveau"},"content":{"rendered":"<p>Lampe UV puissante de 9 W<br \/>Avec r\u00e9flecteur, pour assurer une qualit\u00e9 de lumi\u00e8re UV super puissante<br \/>Avec la technologie de pr\u00e9chauffage au d\u00e9marrage pour tripler la dur\u00e9e de vie de la lampe<br \/>Lampe facilement rempla\u00e7able<br \/>Large zone de lumi\u00e8re blanche (16 LED)<br \/>Capteur marche\/arr\u00eat automatique pour \u00e9conomiser de l&rsquo;\u00e9nergie et prolonger la dur\u00e9e de vie de la lampe<br \/>Convient \u00e0 toutes les devises<br \/>V\u00e9rifie les anciens et les nouveaux billets en euros (ES-1\/ES-2)<br \/>V\u00e9rifiez les caract\u00e9ristiques UV des billets de banque<br \/>V\u00e9rifiez le filigrane, la micro-impression et le fil m\u00e9tallique<br \/>V\u00e9rifier les cartes de cr\u00e9dit, passeports et autres pi\u00e8ces d&rsquo;identit\u00e9<br \/>Dimensions : 20,6 x 10,2 x 8,8 cm<br \/>Poids : 585g<br \/>Alimentation : CA 220V-240V<\/p>\n","protected":false},"excerpt":{"rendered":"<p>D\u00e9tecteur de faux billets. Identification des signes de s\u00e9curit\u00e9 sur les billets de banque. V\u00e9rifiez \u00e9galement les identifiants. R\u00e9flecteur int\u00e9gr\u00e9 pour une vision optimale. Zone de r\u00e9tro\u00e9clairage puissant. Modes veille et d\u00e9marrage automatiques. [&#8230;]<\/p>\n<p><a class=\"btn btn-secondary understrap-read-more-link\" href=\"https:\/\/digalco.com\/fr\/produit\/option-pos-detector-billetes-uv-safescan-70-nouveau-fr-8990\/\">Lire la suite\u2026<span class=\"screen-reader-text\"> from Option POS  Detector billetes UV Safescan 70 Nouveau<\/span><\/a><\/p>\n","protected":false},"featured_media":171579,"template":"","meta":[],"product_brand":[3864],"product_cat":[1621,1597],"product_tag":[],"class_list":{"0":"post-171598","1":"product","2":"type-product","3":"status-publish","4":"has-post-thumbnail","6":"product_brand-generic","7":"product_cat-tpv-autres-fr","8":"product_cat-tpv-fr","10":"first","11":"instock","12":"taxable","13":"shipping-taxable","14":"purchasable","15":"product-type-simple"},"bundled_by":[],"bundle_stock_status":"instock","bundle_stock_quantity":1,"bundle_virtual":false,"bundle_layout":"","bundle_add_to_cart_form_location":"","bundle_editable_in_cart":false,"bundle_sold_individually_context":"","bundle_item_grouping":"","bundle_min_size":"","bundle_max_size":"","bundle_price":[],"bundled_items":[],"bundle_sell_ids":[],"exclude_global_add_ons":[],"addons":[],"df_price":60,"df_sale_price":"","df_regular_price":60,"df_image_link":"https:\/\/digalco.com\/wp-content\/uploads\/images\/product\/8990\/gene00249_01-300x225.jpg","_links":{"self":[{"href":"https:\/\/digalco.com\/fr\/wp-json\/wp\/v2\/product\/171598","targetHints":{"allow":["GET"]}}],"collection":[{"href":"https:\/\/digalco.com\/fr\/wp-json\/wp\/v2\/product"}],"about":[{"href":"https:\/\/digalco.com\/fr\/wp-json\/wp\/v2\/types\/product"}],"wp:featuredmedia":[{"embeddable":true,"href":"https:\/\/digalco.com\/fr\/wp-json\/wp\/v2\/media\/171579"}],"wp:attachment":[{"href":"https:\/\/digalco.com\/fr\/wp-json\/wp\/v2\/media?parent=171598"}],"wp:term":[{"taxonomy":"product_brand","embeddable":true,"href":"https:\/\/digalco.com\/fr\/wp-json\/wp\/v2\/product_brand?post=171598"},{"taxonomy":"product_cat","embeddable":true,"href":"https:\/\/digalco.com\/fr\/wp-json\/wp\/v2\/product_cat?post=171598"},{"taxonomy":"product_tag","embeddable":true,"href":"https:\/\/digalco.com\/fr\/wp-json\/wp\/v2\/product_tag?post=171598"}],"curies":[{"name":"wp","href":"https:\/\/api.w.org\/{rel}","templated":true}]}}