{"id":172162,"date":"2024-02-06T11:50:12","date_gmt":"2024-02-06T10:50:12","guid":{"rendered":"https:\/\/digalco.com\/tienda\/dell-precision-7910-impecable-faute-xeon-six-core-16ghz-32-gb-ram-512-gb-ssd-rack-fr-10910\/"},"modified":"2025-03-21T13:46:56","modified_gmt":"2025-03-21T12:46:56","slug":"dell-precision-7910-impecable-faute-xeon-six-core-16ghz-32-gb-ram-512-gb-ssd-rack-fr-10910","status":"publish","type":"product","link":"https:\/\/digalco.com\/fr\/produit\/dell-precision-7910-impecable-faute-xeon-six-core-16ghz-32-gb-ram-512-gb-ssd-rack-fr-10910\/","title":{"rendered":"Dell Precision 7910 Rack | Faute | Xeon Six Core 1.6GHz | 32 GB RAM | 512 GB SSD"},"content":{"rendered":"<p><strong>Processeur<\/strong><br \/>Intel Xeon Six Core E5-2603 V3 1.6 GHz.<br \/><strong>Facteur de forme<\/strong><br \/>Rack<br \/><strong>M\u00e9moire RAM<\/strong><br \/>32 Gb. DDR4 ECC RAM<br \/><strong>Disque dur<\/strong><br \/>512 Gb. SSD<br \/><strong>Lecteur optique<\/strong><br \/>DVD-RW<br \/><strong>Cartes<\/strong><br \/>Graphique: MSI Geforce GTX 970 4GB GDDR5<br \/>Son: High Definition Audio<br \/>R\u00e9seau: Intel 82579LM Gigabit Ethernet<br \/><strong>Syst\u00e8me op\u00e9ratif<\/strong><br \/>Windows 10 Pro<br \/><strong>Ports<\/strong><br \/>S\u00e9rie<br \/>4x USB 2.0<br \/><strong>Ports vid\u00e9o<\/strong><br \/>HDMI<br \/>3x Display Port<br \/>DVI<br \/><strong>Connectivit\u00e9<\/strong><br \/>4x RJ-45<br \/><strong>Autres<\/strong><br \/>hR emballage<br \/><strong>Dimensions<\/strong><br \/>47.2&#215;41.6&#215;17.3 cm.<br \/><strong>Poids<\/strong><br \/>13.25 Kg.<br \/><strong>Commentaires<\/strong><br \/><u>Pause sur le c\u00f4t\u00e9 gauche du serveur. Il s&rsquo;agit d&rsquo;une rupture dans l&rsquo;habillage de la fixation au meuble Rack. On peut le ranger au placard sans probl\u00e8me puisque sur le c\u00f4t\u00e9 droit la prise en main est bonne et ce n&rsquo;est qu&rsquo;un aspect esth\u00e9tique. Regardez dans \u00ab + Photos \u00bb et si vous avez des questions, appelez-nous ou utilisez notre chat pour plus d&rsquo;informations ou pour demander plus de d\u00e9tails.<\/u><\/p>\n","protected":false},"excerpt":{"rendered":"<p>Intel Xeon Six Core E5-2603 V3 1.6 GHz. \u00b7 32 Gb. DDR4 ECC RAM \u00b7<u>Rodage des garnitures lat\u00e9rales (Voir dans \u00ab\u00a0+ Photos\u00a0\u00bb)<\/u> [&#8230;]<\/p>\n<p><a class=\"btn btn-secondary understrap-read-more-link\" href=\"https:\/\/digalco.com\/fr\/produit\/dell-precision-7910-impecable-faute-xeon-six-core-16ghz-32-gb-ram-512-gb-ssd-rack-fr-10910\/\">Lire la suite\u2026<span class=\"screen-reader-text\"> from Dell Precision 7910 Rack | Faute | Xeon Six Core 1.6GHz | 32 GB RAM | 512 GB SSD<\/span><\/a><\/p>\n","protected":false},"featured_media":172127,"template":"","meta":[],"product_brand":[3852],"product_cat":[1469,1489,1873,1881],"product_tag":[],"class_list":{"0":"post-172162","1":"product","2":"type-product","3":"status-publish","4":"has-post-thumbnail","6":"product_brand-dell","7":"product_cat-ordinateurs-fr","8":"product_cat-ordinateurs-avec-des-defauts-fr","9":"product_cat-avec-des-defauts-fr","10":"product_cat-avec-des-defauts-ordinateurs-fr","12":"first","13":"instock","14":"sale","15":"taxable","16":"shipping-taxable","17":"purchasable","18":"product-type-simple"},"bundled_by":[],"bundle_stock_status":"instock","bundle_stock_quantity":1,"bundle_virtual":false,"bundle_layout":"","bundle_add_to_cart_form_location":"","bundle_editable_in_cart":false,"bundle_sold_individually_context":"","bundle_item_grouping":"","bundle_min_size":"","bundle_max_size":"","bundle_price":[],"bundled_items":[],"bundle_sell_ids":[],"exclude_global_add_ons":[],"addons":[],"df_price":402,"df_sale_price":402,"df_regular_price":673,"df_image_link":"https:\/\/digalco.com\/wp-content\/uploads\/images\/product\/10910\/dell01105tr01_01-300x225.jpg","_links":{"self":[{"href":"https:\/\/digalco.com\/fr\/wp-json\/wp\/v2\/product\/172162","targetHints":{"allow":["GET"]}}],"collection":[{"href":"https:\/\/digalco.com\/fr\/wp-json\/wp\/v2\/product"}],"about":[{"href":"https:\/\/digalco.com\/fr\/wp-json\/wp\/v2\/types\/product"}],"wp:featuredmedia":[{"embeddable":true,"href":"https:\/\/digalco.com\/fr\/wp-json\/wp\/v2\/media\/172127"}],"wp:attachment":[{"href":"https:\/\/digalco.com\/fr\/wp-json\/wp\/v2\/media?parent=172162"}],"wp:term":[{"taxonomy":"product_brand","embeddable":true,"href":"https:\/\/digalco.com\/fr\/wp-json\/wp\/v2\/product_brand?post=172162"},{"taxonomy":"product_cat","embeddable":true,"href":"https:\/\/digalco.com\/fr\/wp-json\/wp\/v2\/product_cat?post=172162"},{"taxonomy":"product_tag","embeddable":true,"href":"https:\/\/digalco.com\/fr\/wp-json\/wp\/v2\/product_tag?post=172162"}],"curies":[{"name":"wp","href":"https:\/\/api.w.org\/{rel}","templated":true}]}}