{"id":172583,"date":"2024-02-06T11:51:21","date_gmt":"2024-02-06T10:51:21","guid":{"rendered":"https:\/\/digalco.com\/tienda\/imprimante-thermique-pos-zebra-hc100-impr-de-pulseras-reconditionne-fr-7951\/"},"modified":"2024-11-19T12:53:38","modified_gmt":"2024-11-19T11:53:38","slug":"imprimante-thermique-pos-zebra-hc100-impr-de-pulseras-reconditionne-fr-7951","status":"publish","type":"product","link":"https:\/\/digalco.com\/fr\/produit\/imprimante-thermique-pos-zebra-hc100-impr-de-pulseras-reconditionne-fr-7951\/","title":{"rendered":"Imprimante thermique POS Zebra HC100 Impr. de Pulseras | Reconditionn\u00e9"},"content":{"rendered":"<p><strong>Technologie<\/strong><br \/>Thermique<br \/><strong>Copies<\/strong><br \/>Vitesse d&rsquo;imprimante 51 mm\/s<br \/><strong>Gestion du papier<\/strong><br \/>Largeur de papier 31.16mm<br \/>Couper automatique<br \/><strong>Connectivit\u00e9 imprimante<\/strong><br \/>S\u00e9rie, USB, Ethernet<br \/><strong>Autres<\/strong><br \/>Alimentateur inclus<br \/><strong>Bo\u00eetier<\/strong><br \/>Couleur blanc<br \/><strong>Dimensions<\/strong><br \/>12.7&#215;17.8&#215;24.2 cm.<br \/><strong>Poids<\/strong><br \/>1.40 Kg.<br \/><strong>Sp\u00e9cifications suppl\u00e9mentaires<\/strong><br \/><b>Fonctionnalit\u00e9s standard :<\/b><br \/>Chargement automatique du mat\u00e9riau \u2013 sans contact de l&rsquo;utilisateur avec le mat\u00e9riau pendant le chargement ou l&rsquo;extraction<br \/>R\u00e9glage automatique de la vitesse d&rsquo;impression &#8211; jusqu&rsquo;\u00e0 102 mm\/seconde, selon la cartouche install\u00e9e.<br \/>Impression thermique directe des codes-barres , textes et graphiques<br \/>Structure \u00e0 double paroi, avec plastique r\u00e9sistant aux chocs.<br \/>Langages de programmation ZplTM ou Zpl iiTM<br \/>Processeur Risc 32 bits.<br \/> M\u00e9moire 8 Mo SDRam en standard<br \/>(4 Mo disponibles pour l&rsquo;utilisateur)<br \/>8 Mo m\u00e9moire flash en standard (4 Mo disponibles pour l&rsquo;utilisateur)<br \/>Contr\u00f4le de l&rsquo;\u00e9nergie de la t\u00eate d&rsquo;impression Zebra e3TM<br \/><b>Interface de communication :<\/b><br \/>Double : s\u00e9rie et USB<br \/>Compteur kilom\u00e9trique pour la tra\u00e7abilit\u00e9 de la longueur<br \/>print<br \/>Indicateur d&rsquo;\u00e9tat du mat\u00e9riau lumineux<br \/>Remplacement sans outil de la<br \/>t\u00eate d&rsquo;impression et de la base de support d&rsquo;impression<br \/> UnicodeTM approuv\u00e9 pour les applications<br \/>multilingue<br style=\", 51)\">Calibrage instantan\u00e9 du mat\u00e9riau<br \/>16 polices bitmap extensibles r\u00e9sidentes<br \/>Une fontaine r\u00e9sidente \u00e9volutive<br \/>Capteur t\u00eate haute<br \/>Fonction de mode de distribution standard <br \/>Impression XML activ\u00e9e \u2013 permet<br \/>Communications XML \u00e0 partir des syst\u00e8mes d&rsquo;information.<br \/><b>Longueur d&rsquo;impression maximale :<\/b><br \/>558 mm<br \/> <b>Longueur d&rsquo;impression minimale :<\/b><br \/>73 mm<br \/><b>Largeurs d&rsquo;impression :<\/b><br \/>19,05 mm\/25 4 mm\/30,16 mm<br \/><b>R\u00e9solution :<\/b><br \/> 300 dpi\/12 points par mm<br \/><b>Vitesse d&rsquo;impression maximale :<\/b><br \/>51 mm\/sec. (Soins de sant\u00e9)<br \/>102 mm\/sec. (Z-band fun &amp; Z-band splash)<br \/><b>Contr\u00f4les de qualit\u00e9\/tests de laboratoire : <\/b><u>Inspection physique :<\/u> Inspection du ch\u00e2ssis, nettoyage et v\u00e9rification des dommages. <u>Connectivit\u00e9 :<\/u> V\u00e9rification des ports et des connexions (USB, Ethernet, etc.). <u>Test d&rsquo;impression : <\/u>Test de qualit\u00e9 et de rapidit\u00e9, contr\u00f4le d&rsquo;alignement et de lisibilit\u00e9. <u>Gestion du papier :<\/u> Examen du syst\u00e8me d&rsquo;alimentation et d\u00e9tection des bourrages. <u>Test de charge : <\/u>Test de fiabilit\u00e9 en utilisation continue.<br \/><u>Inspection interne :<\/u> V\u00e9rification et nettoyage des composants internes.<\/p>\n<p><strong>Commentaires<\/strong><br \/><u>Consommable non inclus<\/u><\/p>\n","protected":false},"excerpt":{"rendered":"<p>Longueur d&rsquo;impression maximale: 558 mm Longueur d&rsquo;impression minimale: 73 mm Largeur d&rsquo;impression: 19,05 mm \/ 25,4 mm \/ 30,16 mm R\u00e9solution: 300 dpi \/ 12 points par mm Vitesse d&rsquo;impression maximale: 51 mm \/ sec. (Sant\u00e9) 102 mm \/ sec. (Amusement du groupe Z et \u00e9claboussure du groupe Z) [&#8230;]<\/p>\n<p><a class=\"btn btn-secondary understrap-read-more-link\" href=\"https:\/\/digalco.com\/fr\/produit\/imprimante-thermique-pos-zebra-hc100-impr-de-pulseras-reconditionne-fr-7951\/\">Lire la suite\u2026<span class=\"screen-reader-text\"> from Imprimante thermique POS Zebra HC100 Impr. de Pulseras | Reconditionn\u00e9<\/span><\/a><\/p>\n","protected":false},"featured_media":172553,"template":"","meta":[],"product_brand":[3883],"product_cat":[1597,1673,3102,1709],"product_tag":[],"class_list":{"0":"post-172583","1":"product","2":"type-product","3":"status-publish","4":"has-post-thumbnail","6":"product_brand-zebra","7":"product_cat-tpv-fr","8":"product_cat-imprimantes-fr","9":"product_cat-tpv-imprimantes-fr","10":"product_cat-imprimantes-tpv-fr","12":"first","13":"instock","14":"taxable","15":"shipping-taxable","16":"purchasable","17":"product-type-simple"},"bundled_by":[],"bundle_stock_status":"instock","bundle_stock_quantity":2,"bundle_virtual":false,"bundle_layout":"","bundle_add_to_cart_form_location":"","bundle_editable_in_cart":false,"bundle_sold_individually_context":"","bundle_item_grouping":"","bundle_min_size":"","bundle_max_size":"","bundle_price":[],"bundled_items":[],"bundle_sell_ids":[],"exclude_global_add_ons":[],"addons":[],"df_price":99,"df_sale_price":"","df_regular_price":99,"df_image_link":"https:\/\/digalco.com\/wp-content\/uploads\/images\/product\/7951\/zebr00004_01-300x225.jpg","_links":{"self":[{"href":"https:\/\/digalco.com\/fr\/wp-json\/wp\/v2\/product\/172583","targetHints":{"allow":["GET"]}}],"collection":[{"href":"https:\/\/digalco.com\/fr\/wp-json\/wp\/v2\/product"}],"about":[{"href":"https:\/\/digalco.com\/fr\/wp-json\/wp\/v2\/types\/product"}],"wp:featuredmedia":[{"embeddable":true,"href":"https:\/\/digalco.com\/fr\/wp-json\/wp\/v2\/media\/172553"}],"wp:attachment":[{"href":"https:\/\/digalco.com\/fr\/wp-json\/wp\/v2\/media?parent=172583"}],"wp:term":[{"taxonomy":"product_brand","embeddable":true,"href":"https:\/\/digalco.com\/fr\/wp-json\/wp\/v2\/product_brand?post=172583"},{"taxonomy":"product_cat","embeddable":true,"href":"https:\/\/digalco.com\/fr\/wp-json\/wp\/v2\/product_cat?post=172583"},{"taxonomy":"product_tag","embeddable":true,"href":"https:\/\/digalco.com\/fr\/wp-json\/wp\/v2\/product_tag?post=172583"}],"curies":[{"name":"wp","href":"https:\/\/api.w.org\/{rel}","templated":true}]}}