{"id":176525,"date":"2024-02-06T12:34:38","date_gmt":"2024-02-06T11:34:38","guid":{"rendered":"https:\/\/digalco.com\/tienda\/imprimante-matricielle-wincor-nixdorf-4915-reconditionne-fr-3109\/"},"modified":"2024-11-07T20:23:52","modified_gmt":"2024-11-07T19:23:52","slug":"imprimante-matricielle-wincor-nixdorf-4915-reconditionne-fr-3109","status":"publish","type":"product","link":"https:\/\/digalco.com\/fr\/produit\/imprimante-matricielle-wincor-nixdorf-4915-reconditionne-fr-3109\/","title":{"rendered":"Imprimante matricielle Wincor Nixdorf 4915 | Reconditionn\u00e9"},"content":{"rendered":"<p><strong>G\u00e9n\u00e9rale imprimante<\/strong><br \/>Chariot Ancho<br \/>Colonnes 80<br \/>\u00c9pingles 24<br \/><strong>Copies<\/strong><br \/>Vitesse 300 cps<br \/>Nombre de copies 1+2\/1+4<br \/><strong>Connectivit\u00e9 imprimante<\/strong><br \/>S\u00e9rie<br \/><strong>Format papier<\/strong><br \/>Feuilles simples<br \/><strong>Consommables<\/strong><br \/>Ruban (inclus)<br \/><strong>Dimensions<\/strong><br \/>38x34x17 cm.<br \/><strong>Poids<\/strong><br \/>9.15 Kg.<br \/><strong>Sp\u00e9cifications suppl\u00e9mentaires<\/strong><br \/><b>Contr\u00f4les qualit\u00e9\/tests en laboratoire :<\/b> <u>Inspection physique :<\/u> Inspection du ch\u00e2ssis, nettoyage et v\u00e9rification des dommages. <u>Connectivit\u00e9 :<\/u> V\u00e9rification des ports et des connexions (USB, Ethernet, etc.). <u>Test d&rsquo;impression :<\/u> Test de qualit\u00e9 et de rapidit\u00e9, contr\u00f4le d&rsquo;alignement et de lisibilit\u00e9. <u>Gestion du papier :<\/u> Examen du syst\u00e8me d&rsquo;alimentation et d\u00e9tection des bourrages. <u>Test de charge : <\/u>Test de fiabilit\u00e9 en utilisation continue.<br \/><u>Inspection interne :<\/u> V\u00e9rification et nettoyage des composants internes.<br \/>Bon aspect ext\u00e9rieur. Si vous avez des questions, appelez-nous ou utilisez notre chat pour plus d&rsquo;informations ou pour demander plus de d\u00e9tails.<\/p>\n","protected":false},"excerpt":{"rendered":"<p>Colonnes 80 \u00b7 \u00c9pingles 24 \u00b7 Chariot Ancho \u00b7 Vitesse 300 cps \u00b7 Nombre de copies 1+2\/1+4 \u00b7 S\u00e9rie \u00b7 Feuilles simples \u00b7 Ruban (Inclus) [&#8230;]<\/p>\n<p><a class=\"btn btn-secondary understrap-read-more-link\" href=\"https:\/\/digalco.com\/fr\/produit\/imprimante-matricielle-wincor-nixdorf-4915-reconditionne-fr-3109\/\">Lire la suite\u2026<span class=\"screen-reader-text\"> from Imprimante matricielle Wincor Nixdorf 4915 | Reconditionn\u00e9<\/span><\/a><\/p>\n","protected":false},"featured_media":176403,"template":"","meta":[],"product_brand":[3940],"product_cat":[1713,1673],"product_tag":[],"class_list":{"0":"post-176525","1":"product","2":"type-product","3":"status-publish","4":"has-post-thumbnail","6":"product_brand-wincor-nixdorf","7":"product_cat-imprimantes-financieres-fr","8":"product_cat-imprimantes-fr","10":"first","11":"instock","12":"taxable","13":"shipping-taxable","14":"purchasable","15":"product-type-simple"},"bundled_by":[],"bundle_stock_status":"instock","bundle_stock_quantity":7,"bundle_virtual":false,"bundle_layout":"","bundle_add_to_cart_form_location":"","bundle_editable_in_cart":false,"bundle_sold_individually_context":"","bundle_item_grouping":"","bundle_min_size":"","bundle_max_size":"","bundle_price":[],"bundled_items":[],"bundle_sell_ids":[],"exclude_global_add_ons":[],"addons":[],"df_price":60,"df_sale_price":"","df_regular_price":60,"df_image_link":"https:\/\/digalco.com\/wp-content\/uploads\/images\/product\/3109\/winc00006_01-300x225.jpg","_links":{"self":[{"href":"https:\/\/digalco.com\/fr\/wp-json\/wp\/v2\/product\/176525","targetHints":{"allow":["GET"]}}],"collection":[{"href":"https:\/\/digalco.com\/fr\/wp-json\/wp\/v2\/product"}],"about":[{"href":"https:\/\/digalco.com\/fr\/wp-json\/wp\/v2\/types\/product"}],"wp:featuredmedia":[{"embeddable":true,"href":"https:\/\/digalco.com\/fr\/wp-json\/wp\/v2\/media\/176403"}],"wp:attachment":[{"href":"https:\/\/digalco.com\/fr\/wp-json\/wp\/v2\/media?parent=176525"}],"wp:term":[{"taxonomy":"product_brand","embeddable":true,"href":"https:\/\/digalco.com\/fr\/wp-json\/wp\/v2\/product_brand?post=176525"},{"taxonomy":"product_cat","embeddable":true,"href":"https:\/\/digalco.com\/fr\/wp-json\/wp\/v2\/product_cat?post=176525"},{"taxonomy":"product_tag","embeddable":true,"href":"https:\/\/digalco.com\/fr\/wp-json\/wp\/v2\/product_tag?post=176525"}],"curies":[{"name":"wp","href":"https:\/\/api.w.org\/{rel}","templated":true}]}}