{"id":176635,"date":"2024-02-06T12:34:56","date_gmt":"2024-02-06T11:34:56","guid":{"rendered":"https:\/\/digalco.com\/tienda\/option-notebook-getac-docking-station-s410-reconditionne-fr-9703\/"},"modified":"2026-04-10T08:30:36","modified_gmt":"2026-04-10T06:30:36","slug":"option-notebook-getac-docking-station-s410-reconditionne-fr-9703","status":"publish","type":"product","link":"https:\/\/digalco.com\/fr\/produit\/option-notebook-getac-docking-station-s410-reconditionne-fr-9703\/","title":{"rendered":"Option notebook GETAC Docking Station S410 | Reconditionn\u00e9"},"content":{"rendered":"<p>Station d&rsquo;accueil pour ordinateur portable robuste GETAC S410.<br \/>Permet l&rsquo;alimentation et le chargement de l&rsquo;ordinateur portable via la station d&rsquo;accueil.<br \/>Possibilit\u00e9 d&rsquo;allumer l&rsquo;ordinateur portable gr\u00e2ce \u00e0 la station d&rsquo;accueil.<br \/><b>Ports\u00a0:<\/b><br \/>3xUSB 3.0 \/ 1xS\u00e9rie \/ 1xParall\u00e8le \/ 1xRJ45 \/ 1xHDMI \/ 1xDisplayPort \/ 1xEntr\u00e9e-Sortie Audio<\/p>\n","protected":false},"excerpt":{"rendered":"<p>3xUSB 3.0 \/ 1xS\u00e9rie \/ 1xParall\u00e8le \/ 1xRJ45 \/ 1xHDMI \/ 1xDisplayPort \/ 1xEntr\u00e9e-Sortie Audio [&#8230;]<\/p>\n<p><a class=\"btn btn-secondary understrap-read-more-link\" href=\"https:\/\/digalco.com\/fr\/produit\/option-notebook-getac-docking-station-s410-reconditionne-fr-9703\/\">Lire la suite\u2026<span class=\"screen-reader-text\"> from Option notebook GETAC Docking Station S410 | Reconditionn\u00e9<\/span><\/a><\/p>\n","protected":false},"featured_media":176580,"template":"","meta":[],"product_brand":[3853],"product_cat":[3058,1517,3046],"product_tag":[],"class_list":{"0":"post-176635","1":"product","2":"type-product","3":"status-publish","4":"has-post-thumbnail","6":"product_brand-getac","7":"product_cat-notebooks-options-docking-station-fr","8":"product_cat-notebooks-fr","9":"product_cat-notebooks-options-fr","11":"first","12":"instock","13":"taxable","14":"shipping-taxable","15":"purchasable","16":"product-type-simple"},"bundled_by":[],"bundle_stock_status":"instock","bundle_stock_quantity":14,"bundle_virtual":false,"bundle_layout":"","bundle_add_to_cart_form_location":"","bundle_editable_in_cart":false,"bundle_sold_individually_context":"","bundle_item_grouping":"","bundle_min_size":"","bundle_max_size":"","bundle_price":[],"bundled_items":[],"bundle_sell_ids":[],"exclude_global_add_ons":[],"addons":[],"df_price":125,"df_sale_price":"","df_regular_price":125,"df_image_link":"https:\/\/digalco.com\/wp-content\/uploads\/images\/product\/9703\/gtc00014_01-300x225.jpg","_links":{"self":[{"href":"https:\/\/digalco.com\/fr\/wp-json\/wp\/v2\/product\/176635","targetHints":{"allow":["GET"]}}],"collection":[{"href":"https:\/\/digalco.com\/fr\/wp-json\/wp\/v2\/product"}],"about":[{"href":"https:\/\/digalco.com\/fr\/wp-json\/wp\/v2\/types\/product"}],"wp:featuredmedia":[{"embeddable":true,"href":"https:\/\/digalco.com\/fr\/wp-json\/wp\/v2\/media\/176580"}],"wp:attachment":[{"href":"https:\/\/digalco.com\/fr\/wp-json\/wp\/v2\/media?parent=176635"}],"wp:term":[{"taxonomy":"product_brand","embeddable":true,"href":"https:\/\/digalco.com\/fr\/wp-json\/wp\/v2\/product_brand?post=176635"},{"taxonomy":"product_cat","embeddable":true,"href":"https:\/\/digalco.com\/fr\/wp-json\/wp\/v2\/product_cat?post=176635"},{"taxonomy":"product_tag","embeddable":true,"href":"https:\/\/digalco.com\/fr\/wp-json\/wp\/v2\/product_tag?post=176635"}],"curies":[{"name":"wp","href":"https:\/\/api.w.org\/{rel}","templated":true}]}}