{"id":176800,"date":"2024-02-06T12:35:21","date_gmt":"2024-02-06T11:35:21","guid":{"rendered":"https:\/\/digalco.com\/tienda\/hardware-refurbished-monitor-monocromo-tpv-9-nouveau-fr-7098\/"},"modified":"2024-02-06T12:35:29","modified_gmt":"2024-02-06T11:35:29","slug":"hardware-refurbished-monitor-monocromo-tpv-9-nouveau-fr-7098","status":"publish","type":"product","link":"https:\/\/digalco.com\/fr\/produit\/hardware-refurbished-monitor-monocromo-tpv-9-nouveau-fr-7098\/","title":{"rendered":"Hardware"},"content":{"rendered":"<p><b>La technologie<\/b><br \/>Moniteur monochrome 9 \u00ab\u00a0<br \/><b>Zone de vision<\/b><br \/>165 x 120 mm. max<br \/><b>La fr\u00e9quence<\/b><br \/>31,5 KHz. Seul<br \/><b>Entr\u00e9e vid\u00e9o<\/b><br \/>1xVGA<br \/><b>Consommation<\/b><br \/>30 W max<br \/><b>Dimensions<\/b><br \/>28,5 x 26,7 x 30,5 mm.<br \/><b>Poids<\/b><br \/>4,8 Kgrs.<br \/><b>Commentaires<\/b><br \/>Tout nouveau moniteur. Comprend la bo\u00eete d&rsquo;origine et le manuel. Regardez \u00ab\u00a0+ Photos\u00a0\u00bb et si vous avez des questions, appelez-nous ou utilisez notre chat pour plus d&rsquo;informations ou pour demander plus de d\u00e9tails.<\/p>\n","protected":false},"excerpt":{"rendered":"<p>La technologie: Moniteur monochrome 9 &quot; &#8211; Zone de vision: 165 x 120 mm. max &#8211; La fr\u00e9quence: 31,5 KHz. Seul &#8211; Entr\u00e9e vid\u00e9o: 1xVGA &#8211; Consommation: 30 W max &#8211; Dimensions 28,5 x 26,7 x 30,5 mm. &#8211; Poids 4,8 Kgrs. [&#8230;]<\/p>\n<p><a class=\"btn btn-secondary understrap-read-more-link\" href=\"https:\/\/digalco.com\/fr\/produit\/hardware-refurbished-monitor-monocromo-tpv-9-nouveau-fr-7098\/\">Lire la suite\u2026<span class=\"screen-reader-text\"> from Hardware<\/span><\/a><\/p>\n","protected":false},"featured_media":176707,"template":"","meta":[],"product_brand":[],"product_cat":[1617,1597],"product_tag":[],"class_list":{"0":"post-176800","1":"product","2":"type-product","3":"status-publish","4":"has-post-thumbnail","6":"product_cat-tpv-moniteurs-fr","7":"product_cat-tpv-fr","9":"first","10":"instock","11":"taxable","12":"shipping-taxable","13":"purchasable","14":"product-type-simple"},"bundled_by":[],"bundle_stock_status":"instock","bundle_stock_quantity":2,"bundle_virtual":false,"bundle_layout":"","bundle_add_to_cart_form_location":"","bundle_editable_in_cart":false,"bundle_sold_individually_context":"","bundle_item_grouping":"","bundle_min_size":"","bundle_max_size":"","bundle_price":[],"bundled_items":[],"bundle_sell_ids":[],"exclude_global_add_ons":[],"addons":[],"df_price":60,"df_sale_price":"","df_regular_price":60,"df_image_link":"https:\/\/digalco.com\/wp-content\/uploads\/images\/product\/7098\/mon9_01-300x225.jpg","_links":{"self":[{"href":"https:\/\/digalco.com\/fr\/wp-json\/wp\/v2\/product\/176800","targetHints":{"allow":["GET"]}}],"collection":[{"href":"https:\/\/digalco.com\/fr\/wp-json\/wp\/v2\/product"}],"about":[{"href":"https:\/\/digalco.com\/fr\/wp-json\/wp\/v2\/types\/product"}],"wp:featuredmedia":[{"embeddable":true,"href":"https:\/\/digalco.com\/fr\/wp-json\/wp\/v2\/media\/176707"}],"wp:attachment":[{"href":"https:\/\/digalco.com\/fr\/wp-json\/wp\/v2\/media?parent=176800"}],"wp:term":[{"taxonomy":"product_brand","embeddable":true,"href":"https:\/\/digalco.com\/fr\/wp-json\/wp\/v2\/product_brand?post=176800"},{"taxonomy":"product_cat","embeddable":true,"href":"https:\/\/digalco.com\/fr\/wp-json\/wp\/v2\/product_cat?post=176800"},{"taxonomy":"product_tag","embeddable":true,"href":"https:\/\/digalco.com\/fr\/wp-json\/wp\/v2\/product_tag?post=176800"}],"curies":[{"name":"wp","href":"https:\/\/api.w.org\/{rel}","templated":true}]}}