{"id":178043,"date":"2024-02-07T11:04:15","date_gmt":"2024-02-07T10:04:15","guid":{"rendered":"https:\/\/digalco.com\/tienda\/microsoft-surface-pro-5-123-reconditionne-core-i5-26ghz-8-gb-ram-256-gb-ssd-2736x1824-fr-5754\/"},"modified":"2026-04-06T13:59:50","modified_gmt":"2026-04-06T11:59:50","slug":"microsoft-surface-pro-5-123-reconditionne-core-i5-26ghz-8-gb-ram-256-gb-ssd-2736x1824-fr-5754","status":"publish","type":"product","link":"https:\/\/digalco.com\/fr\/produit\/microsoft-surface-pro-5-123-reconditionne-core-i5-26ghz-8-gb-ram-256-gb-ssd-2736x1824-fr-5754\/","title":{"rendered":"Microsoft Surface Pro 5 12.3\u00a0\u00bb | Reconditionn\u00e9 | Core i5 2.6GHz | 8 GB RAM | 256 GB SSD 2736&#215;1824"},"content":{"rendered":"<p><strong>Processeur<\/strong><br \/>Intel Core i5 7300U 2.6 GHz.<br \/><strong>M\u00e9moire RAM<\/strong><br \/>8 Gb. DDR3 RAM<br \/><strong>Disque dur<\/strong><br \/>256 Gb. SSD<br \/><strong>Cartes<\/strong><br \/>Graphique: Intel HD Graphics 620<br \/>Son: Realtek High Definition Audio<br \/><strong>Syst\u00e8me op\u00e9ratif<\/strong><br \/>Windows 10 Pro<br \/><strong>Ports<\/strong><br \/>USB 3.0<br \/><strong>\u00c9cran<\/strong><br \/>Tactile 12.3 \u00a0\u00bb 2K 16:9  \u00b7 R\u00e9solution 2736&#215;1824<br \/><strong>Ports vid\u00e9o<\/strong><br \/>Mini Display Port<br \/><strong>Multim\u00e9dias<\/strong><br \/>Cam\u00e9ra arri\u00e8re<br \/>Cam\u00e9ra frontale<br \/><strong>Connectivit\u00e9<\/strong><br \/>WIFI<br \/>Bluetooth<br \/><strong>Autres<\/strong><br \/>hR emballage<br \/><strong>Dimensions<\/strong><br \/>29.2&#215;20.5&#215;1.5 cm.<br \/><strong>Poids<\/strong><br \/>0.80 Kg.<br \/><strong>Sp\u00e9cifications suppl\u00e9mentaires<\/strong><br \/>La Microsoft Surface Pro 5 est une tablette professionnelle con\u00e7ue pour ceux qui valorisent la mobilit\u00e9 sans compromettre la qualit\u00e9 de travail. Son design premium, l\u00e9ger et extr\u00eamement polyvalent en fait un choix id\u00e9al pour les professionnels, les \u00e9tudiants avanc\u00e9s ou les environnements de travail hybrides o\u00f9 la flexibilit\u00e9 est essentielle.Elle int\u00e8gre un processeur Intel Core i5 haute performance, accompagn\u00e9 de 8 Go de RAM et d\u2019un SSD de 256 Go qui garantit des d\u00e9marrages rapides et une utilisation fluide au quotidien. Son spectaculaire \u00e9cran tactile de 12,3 pouces avec r\u00e9solution 2K offre une nettet\u00e9 exceptionnelle, des couleurs vives et une exp\u00e9rience visuelle sup\u00e9rieure, parfaite aussi bien pour la productivit\u00e9 que pour le contenu multim\u00e9dia. Avec Windows 10 Pro, vous disposez d\u2019un syst\u00e8me d\u2019exploitation robuste, s\u00e9curis\u00e9 et pr\u00eat pour les environnements professionnels.L\u2019un de ses grands atouts est l\u2019exp\u00e9rience utilisateur : l\u00e9g\u00e8re, silencieuse et dot\u00e9e d\u2019une qualit\u00e9 de fabrication remarquable, la Surface Pro 5 s\u2019adapte \u00e0 toutes les fa\u00e7ons de travailler. Que ce soit comme tablette pour une mobilit\u00e9 maximale ou comme ordinateur portable avec clavier (optionnel), c\u2019est un appareil con\u00e7u pour offrir des performances avec style. Un choix s\u00fbr pour ceux qui recherchent un \u00e9quilibre entre design, performance et exp\u00e9rience premium.Bon aspect ext\u00e9rieur. Voir \u201c+ Photos\u201d et \u201cVid\u00e9o\u201d et si vous avez des questions appelez-nous ou utilisez notre chat pour obtenir plus d\u2019informations ou demander plus de d\u00e9tails.<\/p>\n","protected":false},"excerpt":{"rendered":"<p>Intel Core i5 7300U 2.6 GHz. \u00b7 8 Gb. DDR3 RAM \u00b7 256 Gb. SSD \u00b7 Windows 10 Pro \u00b7 Tactile 12.3 \u00a0\u00bb <strong>2K 16:9 \u00b7 R\u00e9solution 2736&#215;1824<\/strong> [&#8230;]<\/p>\n<p><a class=\"btn btn-secondary understrap-read-more-link\" href=\"https:\/\/digalco.com\/fr\/produit\/microsoft-surface-pro-5-123-reconditionne-core-i5-26ghz-8-gb-ram-256-gb-ssd-2736x1824-fr-5754\/\">Lire la suite\u2026<span class=\"screen-reader-text\"> from Microsoft Surface Pro 5 12.3\u00a0\u00bb | Reconditionn\u00e9 | Core i5 2.6GHz | 8 GB RAM | 256 GB SSD 2736&#215;1824<\/span><\/a><\/p>\n","protected":false},"featured_media":177998,"template":"","meta":[],"product_brand":[3860],"product_cat":[3750,1581],"product_tag":[],"class_list":{"0":"post-178043","1":"product","2":"type-product","3":"status-publish","4":"has-post-thumbnail","6":"product_brand-microsoft","7":"product_cat-tablettes-surface-fr","8":"product_cat-tablettes-fr","10":"first","11":"instock","12":"taxable","13":"shipping-taxable","14":"purchasable","15":"product-type-simple"},"bundled_by":[],"bundle_stock_status":"instock","bundle_stock_quantity":49,"bundle_virtual":false,"bundle_layout":"","bundle_add_to_cart_form_location":"","bundle_editable_in_cart":false,"bundle_sold_individually_context":"","bundle_item_grouping":"","bundle_min_size":"","bundle_max_size":"","bundle_price":[],"bundled_items":[],"bundle_sell_ids":[],"exclude_global_add_ons":true,"addons":{"docking-station-upgrades":{"name":"Extension Docking Station","type":"multiple_choice","position":0,"required":false,"title_format":"heading","default":"","description_enable":false,"description":"","placeholder_enable":false,"placeholder":"","display":"radiobutton","restrictions_type":"any_text","adjust_price":false,"price":"","price_type":"quantity_based","restrictions":false,"min":"0","max":"0","options":[{"label":"Microsoft Surface Docking Station 1661 [AMP00061]","price":"45.0000","price_type":"quantity_based","image":0,"visibility":true}]},"pencil-upgrades":{"name":"Extension Crayon","type":"multiple_choice","position":0,"required":false,"title_format":"heading","default":"","description_enable":false,"description":"","placeholder_enable":false,"placeholder":"","display":"radiobutton","restrictions_type":"any_text","adjust_price":false,"price":"","price_type":"quantity_based","restrictions":false,"min":"0","max":"0","options":[{"label":"Stylet Microsoft Surface Original [AMP00087]","price":"50.0000","price_type":"quantity_based","image":0,"visibility":true}]},"keyboard-upgrades":{"name":"Extension clavier","type":"multiple_choice","position":0,"required":false,"title_format":"heading","default":"","description_enable":false,"description":"","placeholder_enable":false,"placeholder":"","display":"radiobutton","restrictions_type":"any_text","adjust_price":false,"price":"","price_type":"quantity_based","restrictions":false,"min":"0","max":"0","options":[{"label":"Microsoft Keyboard Surface Pro [AMP00063]","price":"70.0000","price_type":"quantity_based","image":0,"visibility":true},{"label":"Microsoft Keyboard Surface Pro Portuguese [AMP00089]","price":"70.0000","price_type":"quantity_based","image":0,"visibility":true},{"label":"Clavier Surface Pro Inter. (autocollants) [AMP00064]","price":"55.0000","price_type":"quantity_based","image":0,"visibility":true}]}},"df_price":233,"df_sale_price":"","df_regular_price":233,"df_image_link":"https:\/\/digalco.com\/wp-content\/uploads\/images\/product\/5754\/ms00034_01-300x225.jpg","_links":{"self":[{"href":"https:\/\/digalco.com\/fr\/wp-json\/wp\/v2\/product\/178043","targetHints":{"allow":["GET"]}}],"collection":[{"href":"https:\/\/digalco.com\/fr\/wp-json\/wp\/v2\/product"}],"about":[{"href":"https:\/\/digalco.com\/fr\/wp-json\/wp\/v2\/types\/product"}],"wp:featuredmedia":[{"embeddable":true,"href":"https:\/\/digalco.com\/fr\/wp-json\/wp\/v2\/media\/177998"}],"wp:attachment":[{"href":"https:\/\/digalco.com\/fr\/wp-json\/wp\/v2\/media?parent=178043"}],"wp:term":[{"taxonomy":"product_brand","embeddable":true,"href":"https:\/\/digalco.com\/fr\/wp-json\/wp\/v2\/product_brand?post=178043"},{"taxonomy":"product_cat","embeddable":true,"href":"https:\/\/digalco.com\/fr\/wp-json\/wp\/v2\/product_cat?post=178043"},{"taxonomy":"product_tag","embeddable":true,"href":"https:\/\/digalco.com\/fr\/wp-json\/wp\/v2\/product_tag?post=178043"}],"curies":[{"name":"wp","href":"https:\/\/api.w.org\/{rel}","templated":true}]}}