{"id":182347,"date":"2024-02-28T12:29:17","date_gmt":"2024-02-28T11:29:17","guid":{"rendered":"https:\/\/digalco.com\/tienda\/clonico-flat-plasma-44-lcd-169-reconditionne-1280x768-fr-11792\/"},"modified":"2025-08-19T13:34:55","modified_gmt":"2025-08-19T11:34:55","slug":"clonico-flat-plasma-44-lcd-169-reconditionne-1280x768-fr-11792","status":"publish","type":"product","link":"https:\/\/digalco.com\/fr\/produit\/clonico-flat-plasma-44-lcd-169-reconditionne-1280x768-fr-11792\/","title":{"rendered":"Clonico FLAT Plasma 44\u00a0\u00bb LCD 16:9 | Reconditionn\u00e9 | 1280&#215;768"},"content":{"rendered":"<p><strong>\u00c9cran<\/strong><br \/>LCD 44 \u00a0\u00bb HD  16:9  \u00b7 R\u00e9solution 1280&#215;768<br \/>Contraste 500:1<br \/>Luminosit\u00e9 450 cd\/m2<br \/>Angle vision 170\u00b0v\/170\u00b0h<br \/><strong>Ports vid\u00e9o<\/strong><br \/>1x VGA<br \/>1x DVI<br \/><strong>Bo\u00eetier<\/strong><br \/>Color gris<br \/><strong>Affichage sp\u00e9cifique<\/strong><br \/>Base<br \/><strong>Autres<\/strong><br \/>hR emballage<br \/><strong>Dimensions<\/strong><br \/>121&#215;70.5&#215;31 cm.<br \/><strong>Poids<\/strong><br \/>35.00 Kg.<br \/><strong>Sp\u00e9cifications suppl\u00e9mentaires<\/strong><br \/>Bon aspect ext\u00e9rieur. Il peut y avoir de l\u00e9g\u00e8res traces d&rsquo;utilisation sur le bo\u00eetier. Regardez dans \u00ab + Photos \u00bb et si vous avez des questions, appelez-nous ou utilisez notre chat pour plus d&rsquo;informations ou pour demander plus de d\u00e9tails.<\/p>\n<p><strong>Commentaires<\/strong><br \/><u>C\u00e2ble d&rsquo;alimentation et VGA inclus &#8211; 1x port s\u00e9rie<\/u><\/p>\n","protected":false},"excerpt":{"rendered":"<p>LCD 44 \u00a0\u00bb HD  16:9  \u00b7 R\u00e9solution 1280&#215;768 \u00b7 Contraste 500:1 \u00b7 Luminosit\u00e9 450 cd\/m2 \u00b7 Angle vision 170\u00b0v\/170\u00b0h \u00b7 1x VGA \u00b7 1x DVI \u00b7 <u>C\u00e2ble d&rsquo;alimentation et VGA inclus &#8211; 1x port s\u00e9rie<\/u> [&#8230;]<\/p>\n<p><a class=\"btn btn-secondary understrap-read-more-link\" href=\"https:\/\/digalco.com\/fr\/produit\/clonico-flat-plasma-44-lcd-169-reconditionne-1280x768-fr-11792\/\">Lire la suite\u2026<span class=\"screen-reader-text\"> from Clonico FLAT Plasma 44\u00a0\u00bb LCD 16:9 | Reconditionn\u00e9 | 1280&#215;768<\/span><\/a><\/p>\n","protected":false},"featured_media":182335,"template":"","meta":[],"product_brand":[3880],"product_cat":[3106,1493,3106],"product_tag":[],"class_list":{"0":"post-182347","1":"product","2":"type-product","3":"status-publish","4":"has-post-thumbnail","6":"product_brand-clonico","7":"product_cat-moniteurs-plus-de-27-fr","8":"product_cat-moniteurs-fr","11":"first","12":"instock","13":"taxable","14":"shipping-taxable","15":"purchasable","16":"product-type-simple"},"bundled_by":[],"bundle_stock_status":"instock","bundle_stock_quantity":1,"bundle_virtual":false,"bundle_layout":"","bundle_add_to_cart_form_location":"","bundle_editable_in_cart":false,"bundle_sold_individually_context":"","bundle_item_grouping":"","bundle_min_size":"","bundle_max_size":"","bundle_price":[],"bundled_items":[],"bundle_sell_ids":[],"exclude_global_add_ons":true,"addons":{"hdmi-upgrades":{"name":"Extension c\u00e2ble","type":"multiple_choice","position":0,"required":false,"title_format":"heading","default":"","description_enable":false,"description":"","placeholder_enable":false,"placeholder":"","display":"radiobutton","restrictions_type":"any_text","adjust_price":false,"price":"","price_type":"quantity_based","restrictions":false,"min":"0","max":"0","options":[{"label":"C\u00e2ble DVI-D M\/M Dual Link 1,8 mts. [AMP00102]","price":"2.0000","price_type":"quantity_based","image":0,"visibility":true}]}},"df_price":74,"df_sale_price":"","df_regular_price":74,"df_image_link":"https:\/\/digalco.com\/wp-content\/uploads\/images\/product\/11792\/clon00102_01-300x225.jpg","_links":{"self":[{"href":"https:\/\/digalco.com\/fr\/wp-json\/wp\/v2\/product\/182347","targetHints":{"allow":["GET"]}}],"collection":[{"href":"https:\/\/digalco.com\/fr\/wp-json\/wp\/v2\/product"}],"about":[{"href":"https:\/\/digalco.com\/fr\/wp-json\/wp\/v2\/types\/product"}],"wp:featuredmedia":[{"embeddable":true,"href":"https:\/\/digalco.com\/fr\/wp-json\/wp\/v2\/media\/182335"}],"wp:attachment":[{"href":"https:\/\/digalco.com\/fr\/wp-json\/wp\/v2\/media?parent=182347"}],"wp:term":[{"taxonomy":"product_brand","embeddable":true,"href":"https:\/\/digalco.com\/fr\/wp-json\/wp\/v2\/product_brand?post=182347"},{"taxonomy":"product_cat","embeddable":true,"href":"https:\/\/digalco.com\/fr\/wp-json\/wp\/v2\/product_cat?post=182347"},{"taxonomy":"product_tag","embeddable":true,"href":"https:\/\/digalco.com\/fr\/wp-json\/wp\/v2\/product_tag?post=182347"}],"curies":[{"name":"wp","href":"https:\/\/api.w.org\/{rel}","templated":true}]}}