{"id":183705,"date":"2024-03-07T10:38:27","date_gmt":"2024-03-07T09:38:27","guid":{"rendered":"https:\/\/digalco.com\/tienda\/cable-cisco-50cm-type-1-stacking-cable-reconditionne-fr-11733\/"},"modified":"2024-12-11T11:12:13","modified_gmt":"2024-12-11T10:12:13","slug":"cable-cisco-50cm-type-1-stacking-cable-reconditionne-fr-11733","status":"publish","type":"product","link":"https:\/\/digalco.com\/fr\/produit\/cable-cisco-50cm-type-1-stacking-cable-reconditionne-fr-11733\/","title":{"rendered":"C\u00e2ble CISCO 50CM Type 1 Stacking Cable | Reconditionn\u00e9"},"content":{"rendered":"<p>Con\u00e7u pour:<br \/>Cisco Catalyst 3850-24P-E, 3850-24P-L, 3850-24P-S, 3850-24PW-S, 3850-24T-E, 3850-24T-L, 3850-24T-S, 3850-48F-E, 3850-48F-L, 3850-48F-S, 3850-48P-E, 3850-48P-L, 3850-48P-S, 3850-48PW-S, 3850-48T-E, 3850-48T-L, 3850- 48T-S<\/p>\n","protected":false},"excerpt":{"rendered":"<p>Nouveau. P\/N: 800-40403-01 [&#8230;]<\/p>\n<p><a class=\"btn btn-secondary understrap-read-more-link\" href=\"https:\/\/digalco.com\/fr\/produit\/cable-cisco-50cm-type-1-stacking-cable-reconditionne-fr-11733\/\">Lire la suite\u2026<span class=\"screen-reader-text\"> from C\u00e2ble CISCO 50CM Type 1 Stacking Cable | Reconditionn\u00e9<\/span><\/a><\/p>\n","protected":false},"featured_media":183700,"template":"","meta":[],"product_brand":[3882],"product_cat":[3807,1665],"product_tag":[],"class_list":{"0":"post-183705","1":"product","2":"type-product","3":"status-publish","4":"has-post-thumbnail","6":"product_brand-cisco","7":"product_cat-networking-autres-fr","8":"product_cat-networking-fr","10":"first","11":"instock","12":"taxable","13":"shipping-taxable","14":"purchasable","15":"product-type-simple"},"bundled_by":[],"bundle_stock_status":"instock","bundle_stock_quantity":3,"bundle_virtual":false,"bundle_layout":"","bundle_add_to_cart_form_location":"","bundle_editable_in_cart":false,"bundle_sold_individually_context":"","bundle_item_grouping":"","bundle_min_size":"","bundle_max_size":"","bundle_price":[],"bundled_items":[],"bundle_sell_ids":[],"exclude_global_add_ons":[],"addons":[],"df_price":108,"df_sale_price":"","df_regular_price":108,"df_image_link":"https:\/\/digalco.com\/wp-content\/uploads\/images\/product\/11733\/cisc00045_01-300x225.jpg","_links":{"self":[{"href":"https:\/\/digalco.com\/fr\/wp-json\/wp\/v2\/product\/183705","targetHints":{"allow":["GET"]}}],"collection":[{"href":"https:\/\/digalco.com\/fr\/wp-json\/wp\/v2\/product"}],"about":[{"href":"https:\/\/digalco.com\/fr\/wp-json\/wp\/v2\/types\/product"}],"wp:featuredmedia":[{"embeddable":true,"href":"https:\/\/digalco.com\/fr\/wp-json\/wp\/v2\/media\/183700"}],"wp:attachment":[{"href":"https:\/\/digalco.com\/fr\/wp-json\/wp\/v2\/media?parent=183705"}],"wp:term":[{"taxonomy":"product_brand","embeddable":true,"href":"https:\/\/digalco.com\/fr\/wp-json\/wp\/v2\/product_brand?post=183705"},{"taxonomy":"product_cat","embeddable":true,"href":"https:\/\/digalco.com\/fr\/wp-json\/wp\/v2\/product_cat?post=183705"},{"taxonomy":"product_tag","embeddable":true,"href":"https:\/\/digalco.com\/fr\/wp-json\/wp\/v2\/product_tag?post=183705"}],"curies":[{"name":"wp","href":"https:\/\/api.w.org\/{rel}","templated":true}]}}