{"id":192280,"date":"2024-04-18T10:11:20","date_gmt":"2024-04-18T08:11:20","guid":{"rendered":"https:\/\/digalco.com\/tienda\/switch-hp-procurve-2610-48-pwr-j9089a-reconditionne-fr-12065\/"},"modified":"2024-12-11T11:05:16","modified_gmt":"2024-12-11T10:05:16","slug":"switch-hp-procurve-2610-48-pwr-j9089a-reconditionne-fr-12065","status":"publish","type":"product","link":"https:\/\/digalco.com\/fr\/produit\/switch-hp-procurve-2610-48-pwr-j9089a-reconditionne-fr-12065\/","title":{"rendered":"Switch HP Procurve 2610-48-PWR (J9089A) | Reconditionn\u00e9"},"content":{"rendered":"<p><strong>G\u00e9n\u00e9rale imprimante<\/strong><br \/>Switch<br \/><strong>Ports r\u00e9seau<\/strong><br \/>48x Ethernet 100 Mbps.<br \/>2x Fibre 1000 Mbps.<br \/><strong>Autres<\/strong><br \/>hR emballage<br \/><strong>Dimensions<\/strong><br \/>44.5x30x4.5 cm.<br \/><strong>Poids<\/strong><br \/>3.00 Kg.<br \/><strong>Sp\u00e9cifications suppl\u00e9mentaires<\/strong><br \/>Bon aspect ext\u00e9rieur. Si vous avez des questions, appelez-nous ou utilisez notre chat pour plus d&rsquo;informations ou pour demander plus de d\u00e9tails.<\/p>\n","protected":false},"excerpt":{"rendered":"<p>Switch \u00b7 48x Ethernet 100 Mbps. \u00b7 2x Fibre 1000 Mbps. \u00b7 PoE \u00b7 Montage en rack [&#8230;]<\/p>\n<p><a class=\"btn btn-secondary understrap-read-more-link\" href=\"https:\/\/digalco.com\/fr\/produit\/switch-hp-procurve-2610-48-pwr-j9089a-reconditionne-fr-12065\/\">Lire la suite\u2026<span class=\"screen-reader-text\"> from Switch HP Procurve 2610-48-PWR (J9089A) | Reconditionn\u00e9<\/span><\/a><\/p>\n","protected":false},"featured_media":192275,"template":"","meta":[],"product_brand":[3854],"product_cat":[3787,1665],"product_tag":[],"class_list":{"0":"post-192280","1":"product","2":"type-product","3":"status-publish","4":"has-post-thumbnail","6":"product_brand-hp","7":"product_cat-networking-switches-fr","8":"product_cat-networking-fr","10":"first","11":"instock","12":"taxable","13":"shipping-taxable","14":"purchasable","15":"product-type-simple"},"bundled_by":[],"bundle_stock_status":"instock","bundle_stock_quantity":1,"bundle_virtual":false,"bundle_layout":"","bundle_add_to_cart_form_location":"","bundle_editable_in_cart":false,"bundle_sold_individually_context":"","bundle_item_grouping":"","bundle_min_size":"","bundle_max_size":"","bundle_price":[],"bundled_items":[],"bundle_sell_ids":[],"exclude_global_add_ons":[],"addons":[],"df_price":72,"df_sale_price":"","df_regular_price":72,"df_image_link":"https:\/\/digalco.com\/wp-content\/uploads\/images\/product\/12065\/hp02533_01-300x225.jpg","_links":{"self":[{"href":"https:\/\/digalco.com\/fr\/wp-json\/wp\/v2\/product\/192280","targetHints":{"allow":["GET"]}}],"collection":[{"href":"https:\/\/digalco.com\/fr\/wp-json\/wp\/v2\/product"}],"about":[{"href":"https:\/\/digalco.com\/fr\/wp-json\/wp\/v2\/types\/product"}],"wp:featuredmedia":[{"embeddable":true,"href":"https:\/\/digalco.com\/fr\/wp-json\/wp\/v2\/media\/192275"}],"wp:attachment":[{"href":"https:\/\/digalco.com\/fr\/wp-json\/wp\/v2\/media?parent=192280"}],"wp:term":[{"taxonomy":"product_brand","embeddable":true,"href":"https:\/\/digalco.com\/fr\/wp-json\/wp\/v2\/product_brand?post=192280"},{"taxonomy":"product_cat","embeddable":true,"href":"https:\/\/digalco.com\/fr\/wp-json\/wp\/v2\/product_cat?post=192280"},{"taxonomy":"product_tag","embeddable":true,"href":"https:\/\/digalco.com\/fr\/wp-json\/wp\/v2\/product_tag?post=192280"}],"curies":[{"name":"wp","href":"https:\/\/api.w.org\/{rel}","templated":true}]}}