{"id":192685,"date":"2024-04-19T14:17:39","date_gmt":"2024-04-19T12:17:39","guid":{"rendered":"https:\/\/digalco.com\/tienda\/microsoft-surface-pro-6-123-reconditionne-core-i5-17ghz-8-gb-ram-128-gb-ssd-2736x1824-fr-10030\/"},"modified":"2026-04-09T09:08:53","modified_gmt":"2026-04-09T07:08:53","slug":"microsoft-surface-pro-6-123-reconditionne-core-i5-17ghz-8-gb-ram-128-gb-ssd-2736x1824-fr-10030","status":"publish","type":"product","link":"https:\/\/digalco.com\/fr\/produit\/microsoft-surface-pro-6-123-reconditionne-core-i5-17ghz-8-gb-ram-128-gb-ssd-2736x1824-fr-10030\/","title":{"rendered":"Microsoft Surface Pro 6 12.3\u00a0\u00bb | Reconditionn\u00e9 | Core i5 1.7GHz | 8 GB RAM | 128 GB SSD M2 2736&#215;1824"},"content":{"rendered":"<p><strong>Processeur<\/strong><br \/>Intel Core i5 8350U 1.7 GHz.<br \/><strong>M\u00e9moire RAM<\/strong><br \/>8 Gb. SO-DDR3 RAM<br \/><strong>Disque dur<\/strong><br \/>128 Gb. SSD M2<br \/><strong>Cartes<\/strong><br \/>Graphique: Intel HD Graphics 620<br \/>Son: Realtek HDA<br \/><strong>Syst\u00e8me op\u00e9ratif<\/strong><br \/>Windows 11 Pro<br \/><strong>Ports<\/strong><br \/>USB 3.0<br \/><strong>\u00c9cran<\/strong><br \/>Tactile 12.3 \u00a0\u00bb 2K 4:3  \u00b7 R\u00e9solution 2736&#215;1824<br \/><strong>Ports vid\u00e9o<\/strong><br \/>Mini Display Port<br \/><strong>Multim\u00e9dias<\/strong><br \/>Webcam<br \/>Cam\u00e9ra arri\u00e8re<br \/>Cam\u00e9ra frontale<br \/><strong>Connectivit\u00e9<\/strong><br \/>WIFI<br \/>Bluetooth<br \/><strong>Autres<\/strong><br \/>hR emballage<br \/><strong>Dimensions<\/strong><br \/>29.2&#215;20.5&#215;1 cm.<br \/><strong>Poids<\/strong><br \/>0.75 Kg.<br \/><strong>Sp\u00e9cifications suppl\u00e9mentaires<\/strong><br \/>La Microsoft Surface Pro 6 est la tablette id\u00e9ale pour les professionnels recherchant un appareil ultra-portable sans compromettre la puissance ni les performances. Son design l\u00e9ger et tactile permet de travailler confortablement partout, du bureau aux r\u00e9unions ext\u00e9rieures, combinant la mobilit\u00e9 d\u2019une tablette avec la polyvalence d\u2019un appareil professionnel complet.<br \/>Avec un processeur Intel Core i5 8350U, 8 Go de RAM et un SSD M.2 rapide de 128 Go, la Surface Pro 6 offre une exp\u00e9rience fluide et r\u00e9active m\u00eame avec plusieurs applications ouvertes simultan\u00e9ment. Son \u00e9cran tactile PixelSense de 12,3\u2019\u2019 avec une r\u00e9solution de 2736&#215;1824 (2K) et un format 4:3 garantit des couleurs vives, une nettet\u00e9 exceptionnelle et une interaction tactile pr\u00e9cise. Windows 11 Pro est inclus, assurant la compatibilit\u00e9 avec les outils avanc\u00e9s et un environnement s\u00e9curis\u00e9 et efficace.<br \/>Cet appareil ne se contente pas d\u2019augmenter la productivit\u00e9, il s\u2019adapte \u00e9galement \u00e0 tous les styles de travail. Sa combinaison de l\u00e9g\u00e8ret\u00e9, d\u2019\u00e9cran haute d\u00e9finition et de performance professionnelle en fait un outil polyvalent pour les professionnels cr\u00e9atifs, les \u00e9tudiants avanc\u00e9s ou les cadres qui ont besoin d\u2019un appareil fiable et \u00e9l\u00e9gant dans toutes les situations. La Surface Pro 6 transforme la mani\u00e8re de travailler, d\u2019\u00e9tudier et de cr\u00e9er avec confort et style.<br \/>Bon \u00e9tat ext\u00e9rieur. Consultez \u201c+ Photos\u201d et \u00ab\u00a0Vid\u00e9o,\u00a0\u00bb et si vous avez des questions, appelez-nous ou utilisez notre chat pour obtenir plus d\u2019informations ou demander des d\u00e9tails suppl\u00e9mentaires.<\/p>\n","protected":false},"excerpt":{"rendered":"<p>Intel Core i5 8350U 1.7 GHz. \u00b7 8 Gb. SO-DDR3 RAM \u00b7 128 Gb. SSD M2 \u00b7 <strong>Windows 11 Pro<\/strong> \u00b7 Tactile 12.3 \u00a0\u00bb 2K 4:3 \u00b7 R\u00e9solution 2736&#215;1824 [&#8230;]<\/p>\n<p><a class=\"btn btn-secondary understrap-read-more-link\" href=\"https:\/\/digalco.com\/fr\/produit\/microsoft-surface-pro-6-123-reconditionne-core-i5-17ghz-8-gb-ram-128-gb-ssd-2736x1824-fr-10030\/\">Lire la suite\u2026<span class=\"screen-reader-text\"> from Microsoft Surface Pro 6 12.3\u00a0\u00bb | Reconditionn\u00e9 | Core i5 1.7GHz | 8 GB RAM | 128 GB SSD M2 2736&#215;1824<\/span><\/a><\/p>\n","protected":false},"featured_media":192640,"template":"","meta":[],"product_brand":[3860],"product_cat":[3750,1581],"product_tag":[],"class_list":{"0":"post-192685","1":"product","2":"type-product","3":"status-publish","4":"has-post-thumbnail","6":"product_brand-microsoft","7":"product_cat-tablettes-surface-fr","8":"product_cat-tablettes-fr","10":"first","11":"instock","12":"taxable","13":"shipping-taxable","14":"purchasable","15":"product-type-simple"},"bundled_by":[],"bundle_stock_status":"instock","bundle_stock_quantity":4,"bundle_virtual":false,"bundle_layout":"","bundle_add_to_cart_form_location":"","bundle_editable_in_cart":false,"bundle_sold_individually_context":"","bundle_item_grouping":"","bundle_min_size":"","bundle_max_size":"","bundle_price":[],"bundled_items":[],"bundle_sell_ids":[],"exclude_global_add_ons":true,"addons":{"docking-station-upgrades":{"name":"Extension Docking Station","type":"multiple_choice","position":0,"required":false,"title_format":"heading","default":"","description_enable":false,"description":"","placeholder_enable":false,"placeholder":"","display":"radiobutton","restrictions_type":"any_text","adjust_price":false,"price":"","price_type":"quantity_based","restrictions":false,"min":"0","max":"0","options":[{"label":"Microsoft Surface Docking Station 1661 [AMP00061]","price":"45.0000","price_type":"quantity_based","image":0,"visibility":true}]},"pencil-upgrades":{"name":"Extension Crayon","type":"multiple_choice","position":0,"required":false,"title_format":"heading","default":"","description_enable":false,"description":"","placeholder_enable":false,"placeholder":"","display":"radiobutton","restrictions_type":"any_text","adjust_price":false,"price":"","price_type":"quantity_based","restrictions":false,"min":"0","max":"0","options":[{"label":"Stylet Microsoft Surface Original [AMP00087]","price":"50.0000","price_type":"quantity_based","image":0,"visibility":true}]},"keyboard-upgrades":{"name":"Extension clavier","type":"multiple_choice","position":0,"required":false,"title_format":"heading","default":"","description_enable":false,"description":"","placeholder_enable":false,"placeholder":"","display":"radiobutton","restrictions_type":"any_text","adjust_price":false,"price":"","price_type":"quantity_based","restrictions":false,"min":"0","max":"0","options":[{"label":"Microsoft Keyboard Surface Pro [AMP00063]","price":"70.0000","price_type":"quantity_based","image":0,"visibility":true},{"label":"Microsoft Keyboard Surface Pro Portuguese [AMP00089]","price":"70.0000","price_type":"quantity_based","image":0,"visibility":true},{"label":"Clavier Surface Pro Inter. (autocollants) [AMP00064]","price":"55.0000","price_type":"quantity_based","image":0,"visibility":true}]}},"df_price":264,"df_sale_price":"","df_regular_price":264,"df_image_link":"https:\/\/digalco.com\/wp-content\/uploads\/images\/product\/10030\/ms00084_01-300x225.jpg","_links":{"self":[{"href":"https:\/\/digalco.com\/fr\/wp-json\/wp\/v2\/product\/192685","targetHints":{"allow":["GET"]}}],"collection":[{"href":"https:\/\/digalco.com\/fr\/wp-json\/wp\/v2\/product"}],"about":[{"href":"https:\/\/digalco.com\/fr\/wp-json\/wp\/v2\/types\/product"}],"wp:featuredmedia":[{"embeddable":true,"href":"https:\/\/digalco.com\/fr\/wp-json\/wp\/v2\/media\/192640"}],"wp:attachment":[{"href":"https:\/\/digalco.com\/fr\/wp-json\/wp\/v2\/media?parent=192685"}],"wp:term":[{"taxonomy":"product_brand","embeddable":true,"href":"https:\/\/digalco.com\/fr\/wp-json\/wp\/v2\/product_brand?post=192685"},{"taxonomy":"product_cat","embeddable":true,"href":"https:\/\/digalco.com\/fr\/wp-json\/wp\/v2\/product_cat?post=192685"},{"taxonomy":"product_tag","embeddable":true,"href":"https:\/\/digalco.com\/fr\/wp-json\/wp\/v2\/product_tag?post=192685"}],"curies":[{"name":"wp","href":"https:\/\/api.w.org\/{rel}","templated":true}]}}