{"id":192817,"date":"2024-04-22T10:46:12","date_gmt":"2024-04-22T08:46:12","guid":{"rendered":"https:\/\/digalco.com\/tienda\/microsoft-surface-go-3-105-reconditionne-core-i3-13ghz-4-gb-ram-62-gb-ssd-1920x1080-fr-11970\/"},"modified":"2026-04-08T12:51:05","modified_gmt":"2026-04-08T10:51:05","slug":"microsoft-surface-go-3-105-reconditionne-core-i3-13ghz-4-gb-ram-62-gb-ssd-1920x1080-fr-11970","status":"publish","type":"product","link":"https:\/\/digalco.com\/fr\/produit\/microsoft-surface-go-3-105-reconditionne-core-i3-13ghz-4-gb-ram-62-gb-ssd-1920x1080-fr-11970\/","title":{"rendered":"Microsoft Surface Go 3 10.5\u00a0\u00bb | Reconditionn\u00e9 | Core i3 1.3GHz | 4 GB RAM | 62 GB SSD 1920&#215;1080"},"content":{"rendered":"<p><strong>Processeur<\/strong><br \/>Intel Core i3 10100Y 1.3 GHz.<br \/><strong>M\u00e9moire RAM<\/strong><br \/>4 Gb. SO-DDR3 RAM<br \/><strong>Disque dur<\/strong><br \/>62 Gb. SSD<br \/><strong>Cartes<\/strong><br \/>Graphique: UHD Graphics 615<br \/>Son: HD Audio<br \/><strong>Syst\u00e8me op\u00e9ratif<\/strong><br \/>Windows 11 Pro<br \/><strong>Ports<\/strong><br \/>USB-C<br \/><strong>\u00c9cran<\/strong><br \/>Tactile 10.5 \u00a0\u00bb FullHD 16:10  \u00b7 R\u00e9solution 1920&#215;1080<br \/><strong>Multim\u00e9dias<\/strong><br \/>Webcam<br \/>Lecteur SD<br \/>Cam\u00e9ra arri\u00e8re<br \/>Cam\u00e9ra frontale<br \/><strong>Connectivit\u00e9<\/strong><br \/>WIFI<br \/>Bluetooth<br \/><strong>Autres<\/strong><br \/>hR emballage<br \/><strong>Dimensions<\/strong><br \/>24.50&#215;17.50&#215;0.83 cm.<br \/><strong>Poids<\/strong><br \/>0.55 Kg.<br \/><strong>Sp\u00e9cifications suppl\u00e9mentaires<\/strong><br \/>La Microsoft Surface Go 3 est la tablette parfaite pour ceux qui recherchent un \u00e9quilibre entre portabilit\u00e9 et performance au quotidien. Son design l\u00e9ger, moderne et facile \u00e0 transporter en fait une option id\u00e9ale pour travailler en mobilit\u00e9, \u00e9tudier ou g\u00e9rer des t\u00e2ches depuis n\u2019importe o\u00f9 avec un grand confort.<br \/>Elle int\u00e8gre un processeur Intel Core i3 de 10e g\u00e9n\u00e9ration qui offre un gain de performance par rapport aux mod\u00e8les plus basiques, accompagn\u00e9 de 4 Go de RAM et d\u2019un stockage SSD garantissant rapidit\u00e9 dans les t\u00e2ches courantes. Son \u00e9cran tactile Full HD de 10,5 pouces au format 16:10 offre une exp\u00e9rience visuelle claire et confortable, parfaite pour la navigation, les documents et les appels vid\u00e9o. De plus, avec Windows 11 Pro, vous b\u00e9n\u00e9ficiez d\u2019un environnement plus moderne, s\u00e9curis\u00e9 et optimis\u00e9 pour la productivit\u00e9.<br \/>La Surface Go 3 se distingue par sa polyvalence et sa facilit\u00e9 d\u2019utilisation, s\u2019adaptant aussi bien \u00e0 un usage professionnel l\u00e9ger qu\u2019\u00e0 un usage personnel. Son format 2-en-1 permet de travailler efficacement dans n\u2019importe quel environnement, offrant une exp\u00e9rience fluide dans un appareil compact et \u00e9l\u00e9gant. Une excellente option pour ceux qui recherchent une tablette fiable, actuelle et pr\u00eate pour le rythme du quotidien.<br \/>Bon aspect ext\u00e9rieur. Si vous avez des questions, appelez-nous ou utilisez notre chat pour obtenir plus d\u2019informations ou pour demander plus de d\u00e9tails.<\/p>\n","protected":false},"excerpt":{"rendered":"<p>Intel Core i3 10100Y 1.3 GHz. \u00b7 4 Gb. SO-DDR3 RAM \u00b7 62 Gb. SSD \u00b7 Windows 11 Pro \u00b7 Tactile 10.5 \u00a0\u00bb FullHD 16:10  \u00b7 R\u00e9solution 1920&#215;1080 [&#8230;]<\/p>\n<p><a class=\"btn btn-secondary understrap-read-more-link\" href=\"https:\/\/digalco.com\/fr\/produit\/microsoft-surface-go-3-105-reconditionne-core-i3-13ghz-4-gb-ram-62-gb-ssd-1920x1080-fr-11970\/\">Lire la suite\u2026<span class=\"screen-reader-text\"> from Microsoft Surface Go 3 10.5\u00a0\u00bb | Reconditionn\u00e9 | Core i3 1.3GHz | 4 GB RAM | 62 GB SSD 1920&#215;1080<\/span><\/a><\/p>\n","protected":false},"featured_media":192802,"template":"","meta":[],"product_brand":[3860],"product_cat":[3750,1581],"product_tag":[],"class_list":{"0":"post-192817","1":"product","2":"type-product","3":"status-publish","4":"has-post-thumbnail","6":"product_brand-microsoft","7":"product_cat-tablettes-surface-fr","8":"product_cat-tablettes-fr","10":"first","11":"instock","12":"taxable","13":"shipping-taxable","14":"purchasable","15":"product-type-simple"},"bundled_by":[],"bundle_stock_status":"instock","bundle_stock_quantity":1,"bundle_virtual":false,"bundle_layout":"","bundle_add_to_cart_form_location":"","bundle_editable_in_cart":false,"bundle_sold_individually_context":"","bundle_item_grouping":"","bundle_min_size":"","bundle_max_size":"","bundle_price":[],"bundled_items":[],"bundle_sell_ids":[],"exclude_global_add_ons":true,"addons":{"pencil-upgrades":{"name":"Extension Crayon","type":"multiple_choice","position":0,"required":false,"title_format":"heading","default":"","description_enable":false,"description":"","placeholder_enable":false,"placeholder":"","display":"radiobutton","restrictions_type":"any_text","adjust_price":false,"price":"","price_type":"quantity_based","restrictions":false,"min":"0","max":"0","options":[{"label":"Stylet Microsoft Surface Original [AMP00087]","price":"50.0000","price_type":"quantity_based","image":0,"visibility":true}]},"os-upgrades":{"name":"Expansion SO","type":"multiple_choice","position":0,"required":false,"title_format":"heading","default":"","description_enable":false,"description":"","placeholder_enable":false,"placeholder":"","display":"radiobutton","restrictions_type":"any_text","adjust_price":false,"price":"","price_type":"quantity_based","restrictions":false,"min":"0","max":"0","options":[{"label":"Changer la langue en fran\u00e7ais [AMP00125]","price":"0.0000","price_type":"quantity_based","image":0,"visibility":true},{"label":"Changer la langue en anglais [AMP00008]","price":"0.0000","price_type":"quantity_based","image":0,"visibility":true},{"label":"Changer la langue en portugais [AMP00009]","price":"0.0000","price_type":"quantity_based","image":0,"visibility":true}]}},"df_price":193,"df_sale_price":"","df_regular_price":193,"df_image_link":"https:\/\/digalco.com\/wp-content\/uploads\/images\/product\/11970\/ms00136_01-300x225.jpg","_links":{"self":[{"href":"https:\/\/digalco.com\/fr\/wp-json\/wp\/v2\/product\/192817","targetHints":{"allow":["GET"]}}],"collection":[{"href":"https:\/\/digalco.com\/fr\/wp-json\/wp\/v2\/product"}],"about":[{"href":"https:\/\/digalco.com\/fr\/wp-json\/wp\/v2\/types\/product"}],"wp:featuredmedia":[{"embeddable":true,"href":"https:\/\/digalco.com\/fr\/wp-json\/wp\/v2\/media\/192802"}],"wp:attachment":[{"href":"https:\/\/digalco.com\/fr\/wp-json\/wp\/v2\/media?parent=192817"}],"wp:term":[{"taxonomy":"product_brand","embeddable":true,"href":"https:\/\/digalco.com\/fr\/wp-json\/wp\/v2\/product_brand?post=192817"},{"taxonomy":"product_cat","embeddable":true,"href":"https:\/\/digalco.com\/fr\/wp-json\/wp\/v2\/product_cat?post=192817"},{"taxonomy":"product_tag","embeddable":true,"href":"https:\/\/digalco.com\/fr\/wp-json\/wp\/v2\/product_tag?post=192817"}],"curies":[{"name":"wp","href":"https:\/\/api.w.org\/{rel}","templated":true}]}}