{"id":193316,"date":"2024-04-23T09:56:37","date_gmt":"2024-04-23T07:56:37","guid":{"rendered":"https:\/\/digalco.com\/tienda\/router-clonico-ubiquiti-unifi-ap-pro-access-point-reconditionne-fr-11838\/"},"modified":"2024-12-11T11:03:40","modified_gmt":"2024-12-11T10:03:40","slug":"router-clonico-ubiquiti-unifi-ap-pro-access-point-reconditionne-fr-11838","status":"publish","type":"product","link":"https:\/\/digalco.com\/fr\/produit\/router-clonico-ubiquiti-unifi-ap-pro-access-point-reconditionne-fr-11838\/","title":{"rendered":"Point d&rsquo;acc\u00e8s Clonico Ubiquiti UniFi AP Pro | Reconditionn\u00e9"},"content":{"rendered":"<p><strong>G\u00e9n\u00e9rale imprimante<\/strong><br \/>Point d&rsquo;acc\u00e8s<br \/><strong>Ports r\u00e9seau<\/strong><br \/>2x Ethernet 1000 Mbps.<br \/><strong>Autres<\/strong><br \/>hR emballage<br \/><strong>Dimensions<\/strong><br \/>20x20x4 cm.<br \/><strong>Poids<\/strong><br \/>1.00 Kg.<br \/><strong>Sp\u00e9cifications suppl\u00e9mentaires<\/strong><br \/>Bon aspect ext\u00e9rieur. Si vous avez des questions, appelez-nous ou utilisez notre chat pour plus d&rsquo;informations ou pour demander plus de d\u00e9tails.<\/p>\n<p><strong>Commentaires<\/strong><br \/><u>2,4\/5 GHz &#8211; PoE &#8211; 2xGigabit Ethernet &#8211; 3 antennes Dual Band &#8211; Wi-FI a\/b\/g\/n\/ac &#8211; Int\u00e9rieur\/Ext\u00e9rieur<\/u><\/p>\n","protected":false},"excerpt":{"rendered":"<p>Point d&rsquo;acc\u00e8s \u00b7 2x Ethernet 1000 Mbps. \u00b7 PoE \u00b7 <u>2,4\/5 GHz &#8211; PoE &#8211; 2xGigabit Ethernet &#8211; 3 antennes Dual Band &#8211; Wi-FI a\/b\/g\/n\/ac &#8211; Int\u00e9rieur\/Ext\u00e9rieur<\/u> [&#8230;]<\/p>\n<p><a class=\"btn btn-secondary understrap-read-more-link\" href=\"https:\/\/digalco.com\/fr\/produit\/router-clonico-ubiquiti-unifi-ap-pro-access-point-reconditionne-fr-11838\/\">Lire la suite\u2026<span class=\"screen-reader-text\"> from Point d&rsquo;acc\u00e8s Clonico Ubiquiti UniFi AP Pro | Reconditionn\u00e9<\/span><\/a><\/p>\n","protected":false},"featured_media":193306,"template":"","meta":[],"product_brand":[3880],"product_cat":[3795,1665],"product_tag":[],"class_list":{"0":"post-193316","1":"product","2":"type-product","3":"status-publish","4":"has-post-thumbnail","6":"product_brand-clonico","7":"product_cat-networking-wireless-fr","8":"product_cat-networking-fr","10":"first","11":"instock","12":"taxable","13":"shipping-taxable","14":"purchasable","15":"product-type-simple"},"bundled_by":[],"bundle_stock_status":"instock","bundle_stock_quantity":6,"bundle_virtual":false,"bundle_layout":"","bundle_add_to_cart_form_location":"","bundle_editable_in_cart":false,"bundle_sold_individually_context":"","bundle_item_grouping":"","bundle_min_size":"","bundle_max_size":"","bundle_price":[],"bundled_items":[],"bundle_sell_ids":[],"exclude_global_add_ons":[],"addons":[],"df_price":118,"df_sale_price":"","df_regular_price":118,"df_image_link":"https:\/\/digalco.com\/wp-content\/uploads\/images\/product\/11838\/clon00107_01-300x225.jpg","_links":{"self":[{"href":"https:\/\/digalco.com\/fr\/wp-json\/wp\/v2\/product\/193316","targetHints":{"allow":["GET"]}}],"collection":[{"href":"https:\/\/digalco.com\/fr\/wp-json\/wp\/v2\/product"}],"about":[{"href":"https:\/\/digalco.com\/fr\/wp-json\/wp\/v2\/types\/product"}],"wp:featuredmedia":[{"embeddable":true,"href":"https:\/\/digalco.com\/fr\/wp-json\/wp\/v2\/media\/193306"}],"wp:attachment":[{"href":"https:\/\/digalco.com\/fr\/wp-json\/wp\/v2\/media?parent=193316"}],"wp:term":[{"taxonomy":"product_brand","embeddable":true,"href":"https:\/\/digalco.com\/fr\/wp-json\/wp\/v2\/product_brand?post=193316"},{"taxonomy":"product_cat","embeddable":true,"href":"https:\/\/digalco.com\/fr\/wp-json\/wp\/v2\/product_cat?post=193316"},{"taxonomy":"product_tag","embeddable":true,"href":"https:\/\/digalco.com\/fr\/wp-json\/wp\/v2\/product_tag?post=193316"}],"curies":[{"name":"wp","href":"https:\/\/api.w.org\/{rel}","templated":true}]}}