{"id":194077,"date":"2024-04-24T16:10:02","date_gmt":"2024-04-24T14:10:02","guid":{"rendered":"https:\/\/digalco.com\/tienda\/microsoft-surface-pro-5-123-reconditionne-core-i7-25ghz-8-gb-ram-256-gb-ssd-m2-2736x1824-fr-11833\/"},"modified":"2026-04-10T09:48:04","modified_gmt":"2026-04-10T07:48:04","slug":"microsoft-surface-pro-5-123-reconditionne-core-i7-25ghz-8-gb-ram-256-gb-ssd-m2-2736x1824-fr-11833","status":"publish","type":"product","link":"https:\/\/digalco.com\/fr\/produit\/microsoft-surface-pro-5-123-reconditionne-core-i7-25ghz-8-gb-ram-256-gb-ssd-m2-2736x1824-fr-11833\/","title":{"rendered":"Microsoft Surface Pro 5 12.3\u00a0\u00bb | Reconditionn\u00e9 | Core i7 2.5GHz | 8 GB RAM | 256 GB SSD M2 2736&#215;1824"},"content":{"rendered":"<p><strong>Processeur<\/strong><br \/>Intel Core i7 7660U 2.5 GHz.<br \/><strong>M\u00e9moire RAM<\/strong><br \/>8 Gb. DDR3 RAM<br \/><strong>Disque dur<\/strong><br \/>256 Gb. SSD M2<br \/><strong>Cartes<\/strong><br \/>Graphique: Intel HD Graphics 620<br \/>Son: High Definition Audio<br \/><strong>Syst\u00e8me op\u00e9ratif<\/strong><br \/>Windows 10 Pro<br \/><strong>Ports<\/strong><br \/>USB 3.0<br \/><strong>\u00c9cran<\/strong><br \/>Tactile 12.3 \u00a0\u00bb 2K 16:9  \u00b7 R\u00e9solution 2736&#215;1824<br \/><strong>Ports vid\u00e9o<\/strong><br \/>Mini Display Port<br \/><strong>Multim\u00e9dias<\/strong><br \/>Webcam<br \/>Cam\u00e9ra arri\u00e8re<br \/>Cam\u00e9ra frontale<br \/><strong>Connectivit\u00e9<\/strong><br \/>WIFI<br \/>Bluetooth<br \/><strong>Autres<\/strong><br \/>hR emballage<br \/><strong>Dimensions<\/strong><br \/>29.2&#215;20.5&#215;1.5 cm.<br \/><strong>Poids<\/strong><br \/>0.80 Kg.<br \/><strong>Sp\u00e9cifications suppl\u00e9mentaires<\/strong><br \/>La Microsoft Surface Pro 5 est une tablette professionnelle con\u00e7ue pour ceux qui ont besoin d\u2019un appareil polyvalent, l\u00e9ger et capable d\u2019offrir des performances fiables au quotidien. Parfaite pour travailler en mobilit\u00e9, en environnement de bureau ou en usage hybride, elle combine le confort d\u2019une tablette avec la fonctionnalit\u00e9 d\u2019un ordinateur portable, offrant une exp\u00e9rience fluide et efficace dans n\u2019importe quel environnement.<br \/>\u00c0 l\u2019int\u00e9rieur, elle int\u00e8gre un processeur Intel Core i7, accompagn\u00e9 de 8 Go de RAM et d\u2019un SSD de 256 Go, ce qui garantit des performances r\u00e9actives dans les t\u00e2ches courantes telles que la gestion de documents, la navigation intensive ou les applications professionnelles. Son \u00e9cran tactile de 12,3 pouces avec une r\u00e9solution 2K (2736&#215;1824) offre une excellente qualit\u00e9 d\u2019image, id\u00e9ale pour travailler avec pr\u00e9cision, visualiser du contenu ou r\u00e9aliser des pr\u00e9sentations avec une grande nettet\u00e9. De plus, avec Windows 10 Pro, elle fournit un environnement stable, s\u00e9curis\u00e9 et parfaitement adapt\u00e9 aux environnements de travail exigeants.<br \/>La Surface Pro 5 se distingue par son \u00e9quilibre entre performances, portabilit\u00e9 et prix, ce qui en fait une option tr\u00e8s int\u00e9ressante pour ceux qui recherchent une tablette Windows puissante et fiable sans n\u00e9cessiter un investissement important. Son design l\u00e9ger et son format 2 en 1 en font un outil parfait pour augmenter la productivit\u00e9 depuis n\u2019importe o\u00f9, tout en conservant une image professionnelle et moderne.<br \/>Bon aspect ext\u00e9rieur. Regardez dans \u00ab\u00a0+ Photos\u00a0\u00bb et \u00ab\u00a0Vid\u00e9o\u00a0\u00bb et si vous avez des questions, appelez-nous ou utilisez notre chat pour d\u00e9velopper les informations ou demander plus de d\u00e9tails. <\/p>\n","protected":false},"excerpt":{"rendered":"<p>Intel Core i7 7660U 2.5 GHz. \u00b7 8 Gb. DDR3 RAM \u00b7 256 Gb. SSD M2 \u00b7 Windows<br \/>\n 10 Pro \u00b7 Tactile 12.3 \u00a0\u00bb <strong>2K 16:9 \u00b7 R\u00e9solution 2736&#215;1824<\/strong> [&#8230;]<\/p>\n<p><a class=\"btn btn-secondary understrap-read-more-link\" href=\"https:\/\/digalco.com\/fr\/produit\/microsoft-surface-pro-5-123-reconditionne-core-i7-25ghz-8-gb-ram-256-gb-ssd-m2-2736x1824-fr-11833\/\">Lire la suite\u2026<span class=\"screen-reader-text\"> from Microsoft Surface Pro 5 12.3\u00a0\u00bb | Reconditionn\u00e9 | Core i7 2.5GHz | 8 GB RAM | 256 GB SSD M2 2736&#215;1824<\/span><\/a><\/p>\n","protected":false},"featured_media":194037,"template":"","meta":[],"product_brand":[3860],"product_cat":[3750,1581],"product_tag":[],"class_list":{"0":"post-194077","1":"product","2":"type-product","3":"status-publish","4":"has-post-thumbnail","6":"product_brand-microsoft","7":"product_cat-tablettes-surface-fr","8":"product_cat-tablettes-fr","10":"first","11":"instock","12":"taxable","13":"shipping-taxable","14":"purchasable","15":"product-type-simple"},"bundled_by":[],"bundle_stock_status":"instock","bundle_stock_quantity":1,"bundle_virtual":false,"bundle_layout":"","bundle_add_to_cart_form_location":"","bundle_editable_in_cart":false,"bundle_sold_individually_context":"","bundle_item_grouping":"","bundle_min_size":"","bundle_max_size":"","bundle_price":[],"bundled_items":[],"bundle_sell_ids":[],"exclude_global_add_ons":true,"addons":{"docking-station-upgrades":{"name":"Extension Docking Station","type":"multiple_choice","position":0,"required":false,"title_format":"heading","default":"","description_enable":false,"description":"","placeholder_enable":false,"placeholder":"","display":"radiobutton","restrictions_type":"any_text","adjust_price":false,"price":"","price_type":"quantity_based","restrictions":false,"min":"0","max":"0","options":[{"label":"Microsoft Surface Docking Station 1661 [AMP00061]","price":"45.0000","price_type":"quantity_based","image":0,"visibility":true}]},"pencil-upgrades":{"name":"Extension Crayon","type":"multiple_choice","position":0,"required":false,"title_format":"heading","default":"","description_enable":false,"description":"","placeholder_enable":false,"placeholder":"","display":"radiobutton","restrictions_type":"any_text","adjust_price":false,"price":"","price_type":"quantity_based","restrictions":false,"min":"0","max":"0","options":[{"label":"Stylet Microsoft Surface Original [AMP00087]","price":"50.0000","price_type":"quantity_based","image":0,"visibility":true}]},"keyboard-upgrades":{"name":"Extension clavier","type":"multiple_choice","position":0,"required":false,"title_format":"heading","default":"","description_enable":false,"description":"","placeholder_enable":false,"placeholder":"","display":"radiobutton","restrictions_type":"any_text","adjust_price":false,"price":"","price_type":"quantity_based","restrictions":false,"min":"0","max":"0","options":[{"label":"Microsoft Keyboard Surface Pro [AMP00063]","price":"70.0000","price_type":"quantity_based","image":0,"visibility":true},{"label":"Microsoft Keyboard Surface Pro Portuguese [AMP00089]","price":"70.0000","price_type":"quantity_based","image":0,"visibility":true},{"label":"Clavier Surface Pro Inter. (autocollants) [AMP00064]","price":"55.0000","price_type":"quantity_based","image":0,"visibility":true}]}},"df_price":264,"df_sale_price":"","df_regular_price":264,"df_image_link":"https:\/\/digalco.com\/wp-content\/uploads\/images\/product\/11833\/ms00128_01-300x225.jpg","_links":{"self":[{"href":"https:\/\/digalco.com\/fr\/wp-json\/wp\/v2\/product\/194077","targetHints":{"allow":["GET"]}}],"collection":[{"href":"https:\/\/digalco.com\/fr\/wp-json\/wp\/v2\/product"}],"about":[{"href":"https:\/\/digalco.com\/fr\/wp-json\/wp\/v2\/types\/product"}],"wp:featuredmedia":[{"embeddable":true,"href":"https:\/\/digalco.com\/fr\/wp-json\/wp\/v2\/media\/194037"}],"wp:attachment":[{"href":"https:\/\/digalco.com\/fr\/wp-json\/wp\/v2\/media?parent=194077"}],"wp:term":[{"taxonomy":"product_brand","embeddable":true,"href":"https:\/\/digalco.com\/fr\/wp-json\/wp\/v2\/product_brand?post=194077"},{"taxonomy":"product_cat","embeddable":true,"href":"https:\/\/digalco.com\/fr\/wp-json\/wp\/v2\/product_cat?post=194077"},{"taxonomy":"product_tag","embeddable":true,"href":"https:\/\/digalco.com\/fr\/wp-json\/wp\/v2\/product_tag?post=194077"}],"curies":[{"name":"wp","href":"https:\/\/api.w.org\/{rel}","templated":true}]}}