{"id":204634,"date":"2024-06-27T13:01:43","date_gmt":"2024-06-27T11:01:43","guid":{"rendered":"https:\/\/digalco.com\/tienda\/dell-poweredge-r200-rack-reconditionne-core-2-quad-283ghz-8-gb-ram-300-gb-sas-fr-10348\/"},"modified":"2024-11-07T19:51:27","modified_gmt":"2024-11-07T18:51:27","slug":"dell-poweredge-r200-rack-reconditionne-core-2-quad-283ghz-8-gb-ram-300-gb-sas-fr-10348","status":"publish","type":"product","link":"https:\/\/digalco.com\/fr\/produit\/dell-poweredge-r200-rack-reconditionne-core-2-quad-283ghz-8-gb-ram-300-gb-sas-fr-10348\/","title":{"rendered":"Dell PowerEdge R200 Rack | Reconditionn\u00e9 | Core 2 Quad 2.83GHz | 8 GB RAM | 300 GB SAS"},"content":{"rendered":"<p><strong>Processeur<\/strong><br \/>Intel Core 2 Quad Q9505 2.83 GHz.<br \/><strong>Facteur de forme<\/strong><br \/>Rack  (1U)<br \/><strong>M\u00e9moire RAM<\/strong><br \/>8 Gb. DDR3 ECC RAM<br \/>4 emplacements  (0 vide )<br \/><strong>Disque dur<\/strong><br \/>2x 300 Gb. SAS 3.5\u00a0\u00bb<br \/><strong>Lecteur optique<\/strong><br \/>DVD-RW<br \/><strong>Cartes<\/strong><br \/>Graphique: G200<br \/>R\u00e9seau: Gigabit B5709C<br \/><strong>Syst\u00e8me op\u00e9ratif<\/strong><br \/>&#8211; Sans SO &#8211;<br \/><strong>Ports<\/strong><br \/>1x S\u00e9rie<br \/>4x USB 2.0<br \/><strong>Connectivit\u00e9<\/strong><br \/>2x RJ-45<br \/><strong>Source de courant<\/strong><br \/>1x Alimentations<br \/><strong>Autres<\/strong><br \/>hR emballage<br \/><strong>Dimensions<\/strong><br \/>48x66x4 cm.<br \/><strong>Poids<\/strong><br \/>18.00 Kg.<br \/><strong>Sp\u00e9cifications suppl\u00e9mentaires<\/strong><br \/>Bon aspect ext\u00e9rieur. Il peut y avoir de l\u00e9g\u00e8res traces d&rsquo;utilisation sur le bo\u00eetier. Si vous avez des questions, appelez-nous ou utilisez notre chat pour plus d&rsquo;informations ou pour demander plus de d\u00e9tails.<\/p>\n<p><strong>Commentaires<\/strong><br \/><u>PERC 6\/iR RAID Controller<\/u><\/p>\n","protected":false},"excerpt":{"rendered":"<p>Intel Core 2 Quad Q9505 2.83 GHz. \u00b7 8 Gb. DDR3 ECC RAM \u00b7 4 emplacements  (0 vide ) \u00b7 2x 300 Gb. SAS 3.5\u00a0\u00bb \u00b7 DVD-RW \u00b7 <u>PERC 6\/iR RAID Controller<\/u> [&#8230;]<\/p>\n<p><a class=\"btn btn-secondary understrap-read-more-link\" href=\"https:\/\/digalco.com\/fr\/produit\/dell-poweredge-r200-rack-reconditionne-core-2-quad-283ghz-8-gb-ram-300-gb-sas-fr-10348\/\">Lire la suite\u2026<span class=\"screen-reader-text\"> from Dell PowerEdge R200 Rack | Reconditionn\u00e9 | Core 2 Quad 2.83GHz | 8 GB RAM | 300 GB SAS<\/span><\/a><\/p>\n","protected":false},"featured_media":204624,"template":"","meta":[],"product_brand":[3852],"product_cat":[1633,1641],"product_tag":[],"class_list":{"0":"post-204634","1":"product","2":"type-product","3":"status-publish","4":"has-post-thumbnail","6":"product_brand-dell","7":"product_cat-serveurs-fr","8":"product_cat-serveurs-rack-fr","10":"first","11":"instock","12":"taxable","13":"shipping-taxable","14":"purchasable","15":"product-type-simple"},"bundled_by":[],"bundle_stock_status":"instock","bundle_stock_quantity":1,"bundle_virtual":false,"bundle_layout":"","bundle_add_to_cart_form_location":"","bundle_editable_in_cart":false,"bundle_sold_individually_context":"","bundle_item_grouping":"","bundle_min_size":"","bundle_max_size":"","bundle_price":[],"bundled_items":[],"bundle_sell_ids":[],"exclude_global_add_ons":true,"addons":{"hdd-upgrades":{"name":"Extension disque dur","type":"multiple_choice","position":0,"required":false,"title_format":"heading","default":"","description_enable":false,"description":"","placeholder_enable":false,"placeholder":"","display":"radiobutton","restrictions_type":"any_text","adjust_price":false,"price":"","price_type":"quantity_based","restrictions":false,"min":"0","max":"0","options":[{"label":"2x disque SSD 240 Gb. [AMP00058]","price":"100.0000","price_type":"quantity_based","image":0,"visibility":true},{"label":"2x disque SSD 480 Gb. [AMP00059]","price":"200.0000","price_type":"quantity_based","image":0,"visibility":true}]}},"df_price":96,"df_sale_price":"","df_regular_price":96,"df_image_link":"https:\/\/digalco.com\/wp-content\/uploads\/images\/product\/10348\/dell01030_01-300x225.jpg","_links":{"self":[{"href":"https:\/\/digalco.com\/fr\/wp-json\/wp\/v2\/product\/204634","targetHints":{"allow":["GET"]}}],"collection":[{"href":"https:\/\/digalco.com\/fr\/wp-json\/wp\/v2\/product"}],"about":[{"href":"https:\/\/digalco.com\/fr\/wp-json\/wp\/v2\/types\/product"}],"wp:featuredmedia":[{"embeddable":true,"href":"https:\/\/digalco.com\/fr\/wp-json\/wp\/v2\/media\/204624"}],"wp:attachment":[{"href":"https:\/\/digalco.com\/fr\/wp-json\/wp\/v2\/media?parent=204634"}],"wp:term":[{"taxonomy":"product_brand","embeddable":true,"href":"https:\/\/digalco.com\/fr\/wp-json\/wp\/v2\/product_brand?post=204634"},{"taxonomy":"product_cat","embeddable":true,"href":"https:\/\/digalco.com\/fr\/wp-json\/wp\/v2\/product_cat?post=204634"},{"taxonomy":"product_tag","embeddable":true,"href":"https:\/\/digalco.com\/fr\/wp-json\/wp\/v2\/product_tag?post=204634"}],"curies":[{"name":"wp","href":"https:\/\/api.w.org\/{rel}","templated":true}]}}