{"id":207648,"date":"2024-07-15T17:45:20","date_gmt":"2024-07-15T15:45:20","guid":{"rendered":"https:\/\/digalco.com\/tienda\/switch-cisco-ws-c2960s-48ts-l-reconditionne-fr-12487\/"},"modified":"2024-12-10T16:33:38","modified_gmt":"2024-12-10T15:33:38","slug":"switch-cisco-ws-c2960s-48ts-l-reconditionne-fr-12487","status":"publish","type":"product","link":"https:\/\/digalco.com\/fr\/produit\/switch-cisco-ws-c2960s-48ts-l-reconditionne-fr-12487\/","title":{"rendered":"Switch CISCO WS-C2960S-48TS-L | Reconditionn\u00e9"},"content":{"rendered":"<p><strong>G\u00e9n\u00e9rale imprimante<\/strong><br \/>Switch<br \/><strong>Ports r\u00e9seau<\/strong><br \/>48x Ethernet 1000 Mbps.<br \/>4x Fibre 1000 Mbps.<br \/><strong>Autres<\/strong><br \/>hR emballage<br \/><strong>Dimensions<\/strong><br \/>44.5x30x4.5 cm.<br \/><strong>Poids<\/strong><br \/>4.70 Kg.<br \/><strong>Sp\u00e9cifications suppl\u00e9mentaires<\/strong><br \/>Le Cisco WS-C2960S-48TS-L est un commutateur d&rsquo;entreprise de la s\u00e9rie Catalyst 2960-S, dot\u00e9 de 48 ports Ethernet Gigabit et de 4 ports SFP pour les liaisons montantes. Il offre des fonctionnalit\u00e9s de couche 2, une qualit\u00e9 de service (QoS), une s\u00e9curit\u00e9 avanc\u00e9e et une gestion via Cisco Network Assistant ou CLI. Il est id\u00e9al pour les r\u00e9seaux d&rsquo;acc\u00e8s, offrant une haute disponibilit\u00e9, une efficacit\u00e9 \u00e9nerg\u00e9tique avec Cisco EnergyWise et une empilabilit\u00e9 avec FlexStack pour l&rsquo;\u00e9volutivit\u00e9. Con\u00e7u pour des d\u00e9ploiements fiables dans des environnements d&rsquo;entreprise ou \u00e9ducatifs.<\/p>\n","protected":false},"excerpt":{"rendered":"<p>Switch \u00b7 48x Ethernet 1000 Mbps. \u00b7 4x Fibre 1000 Mbps. \u00b7 Montage en rack [&#8230;]<\/p>\n<p><a class=\"btn btn-secondary understrap-read-more-link\" href=\"https:\/\/digalco.com\/fr\/produit\/switch-cisco-ws-c2960s-48ts-l-reconditionne-fr-12487\/\">Lire la suite\u2026<span class=\"screen-reader-text\"> from Switch CISCO WS-C2960S-48TS-L | Reconditionn\u00e9<\/span><\/a><\/p>\n","protected":false},"featured_media":207643,"template":"","meta":[],"product_brand":[3882],"product_cat":[1429],"product_tag":[],"class_list":{"0":"post-207648","1":"product","2":"type-product","3":"status-publish","4":"has-post-thumbnail","6":"product_brand-cisco","7":"product_cat-sans-categorie-fr","9":"first","10":"instock","11":"taxable","12":"shipping-taxable","13":"purchasable","14":"product-type-simple"},"bundled_by":[],"bundle_stock_status":"instock","bundle_stock_quantity":1,"bundle_virtual":false,"bundle_layout":"","bundle_add_to_cart_form_location":"","bundle_editable_in_cart":false,"bundle_sold_individually_context":"","bundle_item_grouping":"","bundle_min_size":"","bundle_max_size":"","bundle_price":[],"bundled_items":[],"bundle_sell_ids":[],"exclude_global_add_ons":[],"addons":[],"df_price":96,"df_sale_price":"","df_regular_price":96,"df_image_link":"https:\/\/digalco.com\/wp-content\/uploads\/images\/product\/12487\/cisc00089_01-300x225.jpg","_links":{"self":[{"href":"https:\/\/digalco.com\/fr\/wp-json\/wp\/v2\/product\/207648","targetHints":{"allow":["GET"]}}],"collection":[{"href":"https:\/\/digalco.com\/fr\/wp-json\/wp\/v2\/product"}],"about":[{"href":"https:\/\/digalco.com\/fr\/wp-json\/wp\/v2\/types\/product"}],"wp:featuredmedia":[{"embeddable":true,"href":"https:\/\/digalco.com\/fr\/wp-json\/wp\/v2\/media\/207643"}],"wp:attachment":[{"href":"https:\/\/digalco.com\/fr\/wp-json\/wp\/v2\/media?parent=207648"}],"wp:term":[{"taxonomy":"product_brand","embeddable":true,"href":"https:\/\/digalco.com\/fr\/wp-json\/wp\/v2\/product_brand?post=207648"},{"taxonomy":"product_cat","embeddable":true,"href":"https:\/\/digalco.com\/fr\/wp-json\/wp\/v2\/product_cat?post=207648"},{"taxonomy":"product_tag","embeddable":true,"href":"https:\/\/digalco.com\/fr\/wp-json\/wp\/v2\/product_tag?post=207648"}],"curies":[{"name":"wp","href":"https:\/\/api.w.org\/{rel}","templated":true}]}}