{"id":208678,"date":"2024-07-24T14:27:45","date_gmt":"2024-07-24T12:27:45","guid":{"rendered":"https:\/\/digalco.com\/tienda\/scanner-fujitsu-fi-6130la-reconditionne-fr-4028\/"},"modified":"2026-04-10T16:13:31","modified_gmt":"2026-04-10T14:13:31","slug":"scanner-fujitsu-fi-6130la-reconditionne-fr-4028","status":"publish","type":"product","link":"https:\/\/digalco.com\/fr\/produit\/scanner-fujitsu-fi-6130la-reconditionne-fr-4028\/","title":{"rendered":"Scanner Fujitsu FI-6130LA GRADO -A | Reconditionn\u00e9"},"content":{"rendered":"<p><strong>La technologie<\/strong><br \/>Scanner de documents couleur<strong><\/strong><br \/><strong>Capteur d&rsquo;image<\/strong><br \/>Couleur CCD<strong><\/strong><br \/><strong>Vitesse de num\u00e9risation<\/strong><br \/>Couleur: 40 ppmNiveaux de gris: 30 ppmMonochrome: 1,7 sec.<strong><\/strong><br \/><strong>R\u00e9solution<\/strong><br \/>Jusqu&rsquo;\u00e0 600 ppp<strong><\/strong><br \/><strong>Connectivit\u00e9:<\/strong><br \/><strong><\/strong>USB 2.0<strong><\/strong><br \/><strong>Duplex<\/strong><br \/>Incorpor\u00e9<strong><\/strong><br \/><strong>La manipulation du papier<\/strong><br \/>Chargeur automatique de 50 feuilles<strong><\/strong><br \/><strong>Zone de num\u00e9risation<\/strong><br \/>ADF max. A4<strong><\/strong><br \/><strong>Dimensions<\/strong><br \/>301 x 160 x 158 mm.<strong><\/strong><br \/><strong>Poids<\/strong><br \/>4,2 Kgrs.<br \/><b>Sp\u00e9cifications suppl\u00e9mentaires :<\/b><br \/>Le Fujitsufi-6130LA est un scanner de documents couleur con\u00e7u pour les environnements professionnels exigeants en mati\u00e8re de vitesse, de qualit\u00e9 et de fiabilit\u00e9. Dot\u00e9 de la technologie CCD couleur et de la num\u00e9risation recto verso int\u00e9gr\u00e9e, il atteint des vitesses allant jusqu\u2019\u00e0 40 pages par minute (ppm) en mode recto couleur et jusqu\u2019\u00e0 80 images par minute (ipm) en mode recto verso noir et blanc ou niveaux de gris. Sa r\u00e9solution optique jusqu\u2019\u00e0 600 dpi permet de capturer des documents avec une grande pr\u00e9cision et un niveau de d\u00e9tail \u00e9lev\u00e9. \u00c9quip\u00e9 d\u2019un chargeur automatique de documents (ADF) de 50 feuilles, il facilite la num\u00e9risation par lots sans intervention constante. La connectivit\u00e9 USB 2.0 assure une int\u00e9gration facile aux stations de travail standard. Ce mod\u00e8le inclut des fonctionnalit\u00e9s avanc\u00e9es telles que la d\u00e9tection ultrasonique de double alimentation, la correction automatique du d\u00e9salignement et la reconnaissance automatique du mode couleur, am\u00e9liorant ainsi l\u2019efficacit\u00e9 du flux de travail documentaire. Le Fujitsufi-6130LA est une solution robuste et performante pour les entreprises qui ont besoin de num\u00e9riser rapidement et efficacement factures, contrats, fichiers ou archives.&nbsp;<br \/><u>L\u00e9g\u00e8rement jauni.<\/u> Bon \u00e9tat ext\u00e9rieur. Consultez les sections \u00ab + Photos \u00bb et \u00ab Vid\u00e9o \u00bb et si vous avez des questions, appelez-nous ou utilisez notre chat pour obtenir plus d\u2019informations ou demander des pr\u00e9cisions.<\/p>\n","protected":false},"excerpt":{"rendered":"<p>Technologie: Scanner de documents couleur &#8211; Capteur d&rsquo;image: CCD couleur &#8211; Vitesse de num\u00e9risation: jusqu&rsquo;\u00e0 40 ppm Couleur, 30 ppm Niveaux de gris &#8211; R\u00e9solution: jusqu&rsquo;\u00e0 600 dpi &#8211; Connectivit\u00e9: USB 2.0 &#8211;<u>Recto verso: num\u00e9risation recto verso int\u00e9gr\u00e9e<\/u> &#8211; Chargeur automatique de 50 feuilles. [&#8230;]<\/p>\n<p><a class=\"btn btn-secondary understrap-read-more-link\" href=\"https:\/\/digalco.com\/fr\/produit\/scanner-fujitsu-fi-6130la-reconditionne-fr-4028\/\">Lire la suite\u2026<span class=\"screen-reader-text\"> from Scanner Fujitsu FI-6130LA GRADO -A | Reconditionn\u00e9<\/span><\/a><\/p>\n","protected":false},"featured_media":208643,"template":"","meta":[],"product_brand":[3859],"product_cat":[1725],"product_tag":[],"class_list":{"0":"post-208678","1":"product","2":"type-product","3":"status-publish","4":"has-post-thumbnail","6":"product_brand-fujitsu","7":"product_cat-scanners-fr","9":"first","10":"instock","11":"taxable","12":"shipping-taxable","13":"purchasable","14":"product-type-simple"},"bundled_by":[],"bundle_stock_status":"instock","bundle_stock_quantity":1000,"bundle_virtual":false,"bundle_layout":"","bundle_add_to_cart_form_location":"","bundle_editable_in_cart":false,"bundle_sold_individually_context":"","bundle_item_grouping":"","bundle_min_size":"","bundle_max_size":"","bundle_price":[],"bundled_items":[],"bundle_sell_ids":[],"exclude_global_add_ons":[],"addons":[],"df_price":130,"df_sale_price":"","df_regular_price":130,"df_image_link":"https:\/\/digalco.com\/wp-content\/uploads\/images\/product\/4028\/fuji00064_01-300x225.jpg","_links":{"self":[{"href":"https:\/\/digalco.com\/fr\/wp-json\/wp\/v2\/product\/208678","targetHints":{"allow":["GET"]}}],"collection":[{"href":"https:\/\/digalco.com\/fr\/wp-json\/wp\/v2\/product"}],"about":[{"href":"https:\/\/digalco.com\/fr\/wp-json\/wp\/v2\/types\/product"}],"wp:featuredmedia":[{"embeddable":true,"href":"https:\/\/digalco.com\/fr\/wp-json\/wp\/v2\/media\/208643"}],"wp:attachment":[{"href":"https:\/\/digalco.com\/fr\/wp-json\/wp\/v2\/media?parent=208678"}],"wp:term":[{"taxonomy":"product_brand","embeddable":true,"href":"https:\/\/digalco.com\/fr\/wp-json\/wp\/v2\/product_brand?post=208678"},{"taxonomy":"product_cat","embeddable":true,"href":"https:\/\/digalco.com\/fr\/wp-json\/wp\/v2\/product_cat?post=208678"},{"taxonomy":"product_tag","embeddable":true,"href":"https:\/\/digalco.com\/fr\/wp-json\/wp\/v2\/product_tag?post=208678"}],"curies":[{"name":"wp","href":"https:\/\/api.w.org\/{rel}","templated":true}]}}