{"id":211751,"date":"2024-08-07T15:45:11","date_gmt":"2024-08-07T13:45:11","guid":{"rendered":"https:\/\/digalco.com\/tienda\/dell-latitude-d630c-141-reconditionne-core-2-duo-2ghz-4-gb-ram-80-gb-hdd-1280x800-fr-980\/"},"modified":"2026-03-06T11:22:48","modified_gmt":"2026-03-06T10:22:48","slug":"dell-latitude-d630c-141-reconditionne-core-2-duo-2ghz-4-gb-ram-80-gb-hdd-1280x800-fr-980","status":"publish","type":"product","link":"https:\/\/digalco.com\/fr\/produit\/dell-latitude-d630c-141-reconditionne-core-2-duo-2ghz-4-gb-ram-80-gb-hdd-1280x800-fr-980\/","title":{"rendered":"Dell Latitude D630C 14.1\u00a0\u00bb | Reconditionn\u00e9 | Core 2 Duo 2GHz | 4 GB RAM | 80 GB HDD 1280&#215;800"},"content":{"rendered":"<p><strong>Processeur<\/strong><br \/>Intel Core 2 Duo T7250 2 GHz.<br \/><strong>M\u00e9moire RAM<\/strong><br \/>4 Gb. DDR2 RAM<br \/><strong>Disque dur<\/strong><br \/>80 Gb. SATA<br \/><strong>Lecteur optique<\/strong><br \/>DVD<br \/><strong>Cartes<\/strong><br \/>Graphique: INVIDIA Quadro NVS 135M<br \/>Son: IDT STAC9205 Codec<br \/>R\u00e9seau: Ethernet 10\/100\/1000<br \/><strong>Syst\u00e8me op\u00e9ratif<\/strong><br \/>Ubuntu GNU\/Linux<br \/><strong>Ports<\/strong><br \/>S\u00e9rie<br \/>4x USB 2.0<br \/>Firewire<br \/><strong>\u00c9cran<\/strong><br \/>TFT 14.1 \u00a0\u00bb HD 16:9  \u00b7 R\u00e9solution 1280&#215;800<br \/><strong>Autres ports<\/strong><br \/>PCMCIA<br \/>Express Card<br \/><strong>Ports vid\u00e9o<\/strong><br \/>VGA<br \/><strong>Connectivit\u00e9<\/strong><br \/>RJ-45<br \/>WIFI<br \/>Modem<br \/><strong>Notebook sp\u00e9cifique<\/strong><br \/>Langue du clavier Espagnol<br \/><strong>Autres<\/strong><br \/>hR emballage<br \/><strong>Dimensions<\/strong><br \/>34x24x3 cm.<br \/><strong>Poids<\/strong><br \/>3.00 Kg.<br \/><strong>Sp\u00e9cifications suppl\u00e9mentaires<\/strong><br \/>Bon aspect ext\u00e9rieur. Il peut y avoir de l\u00e9g\u00e8res traces d&rsquo;utilisation sur le bo\u00eetier. Si vous avez des questions, appelez-nous ou utilisez notre chat pour plus d&rsquo;informations ou pour demander plus de d\u00e9tails.<\/p>\n","protected":false},"excerpt":{"rendered":"<p>Intel Core 2 Duo T7250 2 GHz. \u00b7 4 Gb. DDR2 RAM \u00b7 80 Gb. SATA \u00b7 DVD \u00b7 Ubuntu GNU\/Linux \u00b7 TFT 14.1 \u00a0\u00bb HD 16:9 \u00b7<strong>Port s\u00e9rie<\/strong> [&#8230;]<\/p>\n<p><a class=\"btn btn-secondary understrap-read-more-link\" href=\"https:\/\/digalco.com\/fr\/produit\/dell-latitude-d630c-141-reconditionne-core-2-duo-2ghz-4-gb-ram-80-gb-hdd-1280x800-fr-980\/\">Lire la suite\u2026<span class=\"screen-reader-text\"> from Dell Latitude D630C 14.1\u00a0\u00bb | Reconditionn\u00e9 | Core 2 Duo 2GHz | 4 GB RAM | 80 GB HDD 1280&#215;800<\/span><\/a><\/p>\n","protected":false},"featured_media":211736,"template":"","meta":[],"product_brand":[3852],"product_cat":[3760,2446,1517],"product_tag":[],"class_list":{"0":"post-211751","1":"product","2":"type-product","3":"status-publish","4":"has-post-thumbnail","6":"product_brand-dell","7":"product_cat-notebooks-14-fr","8":"product_cat-notebooks-intel-core-2-duo-fr","9":"product_cat-notebooks-fr","11":"first","12":"instock","13":"taxable","14":"shipping-taxable","15":"purchasable","16":"product-type-simple"},"bundled_by":[],"bundle_stock_status":"instock","bundle_stock_quantity":1,"bundle_virtual":false,"bundle_layout":"","bundle_add_to_cart_form_location":"","bundle_editable_in_cart":false,"bundle_sold_individually_context":"","bundle_item_grouping":"","bundle_min_size":"","bundle_max_size":"","bundle_price":[],"bundled_items":[],"bundle_sell_ids":[],"exclude_global_add_ons":true,"addons":{"keyboard-iso-upgrades":{"name":"Choisir langue du clavier","type":"multiple_choice","position":0,"required":false,"title_format":"heading","default":"","description_enable":false,"description":"","placeholder_enable":false,"placeholder":"","display":"radiobutton","restrictions_type":"any_text","adjust_price":false,"price":"","price_type":"quantity_based","restrictions":false,"min":"0","max":"0","options":[{"label":"Autocollants fran\u00e7ais [AMP00084]","price":"0.0000","price_type":"quantity_based","image":0,"visibility":true},{"label":"Autocollants portugais [AMP00083]","price":"0.0000","price_type":"quantity_based","image":0,"visibility":true}]},"webcam-upgrades":{"name":"Extension Webcam","type":"multiple_choice","position":0,"required":false,"title_format":"heading","default":"","description_enable":false,"description":"","placeholder_enable":false,"placeholder":"","display":"radiobutton","restrictions_type":"any_text","adjust_price":false,"price":"","price_type":"quantity_based","restrictions":false,"min":"0","max":"0","options":[{"label":"Conceptronic AMDIS FullHD [AMP00085]","price":"29.0000","price_type":"quantity_based","image":0,"visibility":true}]}},"df_price":287,"df_sale_price":"","df_regular_price":287,"df_image_link":"https:\/\/digalco.com\/wp-content\/uploads\/images\/product\/980\/dell00185_01-300x225.jpg","_links":{"self":[{"href":"https:\/\/digalco.com\/fr\/wp-json\/wp\/v2\/product\/211751","targetHints":{"allow":["GET"]}}],"collection":[{"href":"https:\/\/digalco.com\/fr\/wp-json\/wp\/v2\/product"}],"about":[{"href":"https:\/\/digalco.com\/fr\/wp-json\/wp\/v2\/types\/product"}],"wp:featuredmedia":[{"embeddable":true,"href":"https:\/\/digalco.com\/fr\/wp-json\/wp\/v2\/media\/211736"}],"wp:attachment":[{"href":"https:\/\/digalco.com\/fr\/wp-json\/wp\/v2\/media?parent=211751"}],"wp:term":[{"taxonomy":"product_brand","embeddable":true,"href":"https:\/\/digalco.com\/fr\/wp-json\/wp\/v2\/product_brand?post=211751"},{"taxonomy":"product_cat","embeddable":true,"href":"https:\/\/digalco.com\/fr\/wp-json\/wp\/v2\/product_cat?post=211751"},{"taxonomy":"product_tag","embeddable":true,"href":"https:\/\/digalco.com\/fr\/wp-json\/wp\/v2\/product_tag?post=211751"}],"curies":[{"name":"wp","href":"https:\/\/api.w.org\/{rel}","templated":true}]}}