{"id":211792,"date":"2024-08-07T16:53:22","date_gmt":"2024-08-07T14:53:22","guid":{"rendered":"https:\/\/digalco.com\/tienda\/dell-latitude-x300-121-reconditionne-pentium-m-14ghz-102-gb-ram-40-gb-hdd-1024x768-fr-12616\/"},"modified":"2025-09-26T14:18:59","modified_gmt":"2025-09-26T12:18:59","slug":"dell-latitude-x300-121-reconditionne-pentium-m-14ghz-102-gb-ram-40-gb-hdd-1024x768-fr-12616","status":"publish","type":"product","link":"https:\/\/digalco.com\/fr\/produit\/dell-latitude-x300-121-reconditionne-pentium-m-14ghz-102-gb-ram-40-gb-hdd-1024x768-fr-12616\/","title":{"rendered":"Dell Latitude X300 12.1\u00a0\u00bb | Reconditionn\u00e9 | Pentium M 1.4GHz | 1.02 GB RAM | 40 GB HDD 1024&#215;768"},"content":{"rendered":"<p><strong>Processeur<\/strong><br \/>Intel Pentium M 1.4 GHz.<br \/><strong>M\u00e9moire RAM<\/strong><br \/>1.02 Gb. SO-DDR2 RAM<br \/><strong>Disque dur<\/strong><br \/>40 Gb. IDE<br \/><strong>Cartes<\/strong><br \/>Graphique: Intel Graphics 82852\/82855 GM\/GME<br \/>Son: SigmaTel C-Mejor audio<br \/>R\u00e9seau: Broadcom 570x Gigabit<br \/><strong>Syst\u00e8me op\u00e9ratif<\/strong><br \/>Windows XP Home<br \/><strong>Ports<\/strong><br \/>1x S\u00e9rie<br \/>1x Parall\u00e8le<br \/>2x USB 2.0<br \/>1x PS2<br \/>1x Firewire<br \/><strong>\u00c9cran<\/strong><br \/>TFT 12.1 \u00a0\u00bb HD 4:3 \u00b7 R\u00e9solution 1024&#215;768<br \/><strong>Autres ports<\/strong><br \/>1x PCMCIA<br \/><strong>Ports vid\u00e9o<\/strong><br \/>1x VGA<br \/><strong>Connectivit\u00e9<\/strong><br \/>1x RJ-45<br \/>WIFI<br \/>Bluetooth<br \/>Modem<br \/><strong>Notebook sp\u00e9cifique<\/strong><br \/>Langue du clavier Espagnol<br \/><strong>Autres<\/strong><br \/>hR emballage<br \/><strong>Dimensions<\/strong><br \/>28x24x3.5 cm.<br \/><strong>Poids<\/strong><br \/>1.00 Kg.<br \/><strong>Sp\u00e9cifications suppl\u00e9mentaires<\/strong><br \/>Bon aspect ext\u00e9rieur. Il peut y avoir de l\u00e9g\u00e8res traces d&rsquo;utilisation sur le bo\u00eetier. Si vous avez des questions, appelez-nous ou utilisez notre chat pour plus d&rsquo;informations ou pour demander plus de d\u00e9tails.<\/p>\n","protected":false},"excerpt":{"rendered":"<p>Intel Pentium M 1.4 GHz. \u00b7 1.02 Gb. SO-DDR2 RAM \u00b7 40 Gb. IDE \u00b7 <strong>Windows XP Home<\/strong> \u00b7 TFT 12.1 \u00a0\u00bb HD 4:3 \u00b7<strong>Port s\u00e9rie<\/strong> [&#8230;]<\/p>\n<p><a class=\"btn btn-secondary understrap-read-more-link\" href=\"https:\/\/digalco.com\/fr\/produit\/dell-latitude-x300-121-reconditionne-pentium-m-14ghz-102-gb-ram-40-gb-hdd-1024x768-fr-12616\/\">Lire la suite\u2026<span class=\"screen-reader-text\"> from Dell Latitude X300 12.1\u00a0\u00bb | Reconditionn\u00e9 | Pentium M 1.4GHz | 1.02 GB RAM | 40 GB HDD 1024&#215;768<\/span><\/a><\/p>\n","protected":false},"featured_media":211775,"template":"","meta":[],"product_brand":[3852],"product_cat":[2430,2446,2446,1517],"product_tag":[],"class_list":{"0":"post-211792","1":"product","2":"type-product","3":"status-publish","4":"has-post-thumbnail","6":"product_brand-dell","7":"product_cat-notebooks-11-12-fr","8":"product_cat-notebooks-intel-core-2-duo-fr","10":"product_cat-notebooks-fr","12":"first","13":"instock","14":"taxable","15":"shipping-taxable","16":"purchasable","17":"product-type-simple"},"bundled_by":[],"bundle_stock_status":"instock","bundle_stock_quantity":1,"bundle_virtual":false,"bundle_layout":"","bundle_add_to_cart_form_location":"","bundle_editable_in_cart":false,"bundle_sold_individually_context":"","bundle_item_grouping":"","bundle_min_size":"","bundle_max_size":"","bundle_price":[],"bundled_items":[],"bundle_sell_ids":[],"exclude_global_add_ons":true,"addons":{"keyboard-iso-upgrades":{"name":"Choisir langue du clavier","type":"multiple_choice","position":0,"required":false,"title_format":"heading","default":"","description_enable":false,"description":"","placeholder_enable":false,"placeholder":"","display":"radiobutton","restrictions_type":"any_text","adjust_price":false,"price":"","price_type":"quantity_based","restrictions":false,"min":"0","max":"0","options":[{"label":"Autocollants fran\u00e7ais [AMP00084]","price":"0.0000","price_type":"quantity_based","image":0,"visibility":true},{"label":"Autocollants portugais [AMP00083]","price":"0.0000","price_type":"quantity_based","image":0,"visibility":true}]},"webcam-upgrades":{"name":"Extension Webcam","type":"multiple_choice","position":0,"required":false,"title_format":"heading","default":"","description_enable":false,"description":"","placeholder_enable":false,"placeholder":"","display":"radiobutton","restrictions_type":"any_text","adjust_price":false,"price":"","price_type":"quantity_based","restrictions":false,"min":"0","max":"0","options":[{"label":"Conceptronic AMDIS FullHD [AMP00085]","price":"29.0000","price_type":"quantity_based","image":0,"visibility":true}]}},"df_price":233,"df_sale_price":"","df_regular_price":233,"df_image_link":"https:\/\/digalco.com\/wp-content\/uploads\/images\/product\/12616\/dell01310_01-300x225.jpg","_links":{"self":[{"href":"https:\/\/digalco.com\/fr\/wp-json\/wp\/v2\/product\/211792","targetHints":{"allow":["GET"]}}],"collection":[{"href":"https:\/\/digalco.com\/fr\/wp-json\/wp\/v2\/product"}],"about":[{"href":"https:\/\/digalco.com\/fr\/wp-json\/wp\/v2\/types\/product"}],"wp:featuredmedia":[{"embeddable":true,"href":"https:\/\/digalco.com\/fr\/wp-json\/wp\/v2\/media\/211775"}],"wp:attachment":[{"href":"https:\/\/digalco.com\/fr\/wp-json\/wp\/v2\/media?parent=211792"}],"wp:term":[{"taxonomy":"product_brand","embeddable":true,"href":"https:\/\/digalco.com\/fr\/wp-json\/wp\/v2\/product_brand?post=211792"},{"taxonomy":"product_cat","embeddable":true,"href":"https:\/\/digalco.com\/fr\/wp-json\/wp\/v2\/product_cat?post=211792"},{"taxonomy":"product_tag","embeddable":true,"href":"https:\/\/digalco.com\/fr\/wp-json\/wp\/v2\/product_tag?post=211792"}],"curies":[{"name":"wp","href":"https:\/\/api.w.org\/{rel}","templated":true}]}}