{"id":211997,"date":"2024-08-09T11:27:01","date_gmt":"2024-08-09T09:27:01","guid":{"rendered":"https:\/\/digalco.com\/tienda\/switch-cisco-ws-c2950g-24-ei-reconditionne-fr-12483\/"},"modified":"2024-12-11T09:46:55","modified_gmt":"2024-12-11T08:46:55","slug":"switch-cisco-ws-c2950g-24-ei-reconditionne-fr-12483","status":"publish","type":"product","link":"https:\/\/digalco.com\/fr\/produit\/switch-cisco-ws-c2950g-24-ei-reconditionne-fr-12483\/","title":{"rendered":"Switch CISCO WS-C2950G-24-EI | Reconditionn\u00e9"},"content":{"rendered":"<p><strong>G\u00e9n\u00e9rale imprimante<\/strong><br \/>Switch<br \/><strong>Ports r\u00e9seau<\/strong><br \/>24x Ethernet 100 Mbps.<br \/><strong>Dimensions<\/strong><br \/>44.5x30x24 cm.<br \/><strong>Poids<\/strong><br \/>3.00 Kg.<\/p>\n","protected":false},"excerpt":{"rendered":"<p>Switch \u00b7 24x Ethernet 100 Mbps. \u00b7 Montage en rack [&#8230;]<\/p>\n<p><a class=\"btn btn-secondary understrap-read-more-link\" href=\"https:\/\/digalco.com\/fr\/produit\/switch-cisco-ws-c2950g-24-ei-reconditionne-fr-12483\/\">Lire la suite\u2026<span class=\"screen-reader-text\"> from Switch CISCO WS-C2950G-24-EI | Reconditionn\u00e9<\/span><\/a><\/p>\n","protected":false},"featured_media":211992,"template":"","meta":[],"product_brand":[3882],"product_cat":[3787,1665],"product_tag":[],"class_list":{"0":"post-211997","1":"product","2":"type-product","3":"status-publish","4":"has-post-thumbnail","6":"product_brand-cisco","7":"product_cat-networking-switches-fr","8":"product_cat-networking-fr","10":"first","11":"instock","12":"taxable","13":"shipping-taxable","14":"purchasable","15":"product-type-simple"},"bundled_by":[],"bundle_stock_status":"instock","bundle_stock_quantity":2,"bundle_virtual":false,"bundle_layout":"","bundle_add_to_cart_form_location":"","bundle_editable_in_cart":false,"bundle_sold_individually_context":"","bundle_item_grouping":"","bundle_min_size":"","bundle_max_size":"","bundle_price":[],"bundled_items":[],"bundle_sell_ids":[],"exclude_global_add_ons":[],"addons":[],"df_price":65,"df_sale_price":"","df_regular_price":65,"df_image_link":"https:\/\/digalco.com\/wp-content\/uploads\/images\/product\/12483\/cisc00085_01-300x225.jpg","_links":{"self":[{"href":"https:\/\/digalco.com\/fr\/wp-json\/wp\/v2\/product\/211997","targetHints":{"allow":["GET"]}}],"collection":[{"href":"https:\/\/digalco.com\/fr\/wp-json\/wp\/v2\/product"}],"about":[{"href":"https:\/\/digalco.com\/fr\/wp-json\/wp\/v2\/types\/product"}],"wp:featuredmedia":[{"embeddable":true,"href":"https:\/\/digalco.com\/fr\/wp-json\/wp\/v2\/media\/211992"}],"wp:attachment":[{"href":"https:\/\/digalco.com\/fr\/wp-json\/wp\/v2\/media?parent=211997"}],"wp:term":[{"taxonomy":"product_brand","embeddable":true,"href":"https:\/\/digalco.com\/fr\/wp-json\/wp\/v2\/product_brand?post=211997"},{"taxonomy":"product_cat","embeddable":true,"href":"https:\/\/digalco.com\/fr\/wp-json\/wp\/v2\/product_cat?post=211997"},{"taxonomy":"product_tag","embeddable":true,"href":"https:\/\/digalco.com\/fr\/wp-json\/wp\/v2\/product_tag?post=211997"}],"curies":[{"name":"wp","href":"https:\/\/api.w.org\/{rel}","templated":true}]}}