{"id":216246,"date":"2024-09-17T09:57:35","date_gmt":"2024-09-17T07:57:35","guid":{"rendered":"https:\/\/digalco.com\/tienda\/kiosco-allinone-hp-4300-17-aio-reconditionne-core-i3-33ghz-8-gb-ram-250-gb-ssd-fr-12699\/"},"modified":"2025-12-12T09:52:14","modified_gmt":"2025-12-12T08:52:14","slug":"kiosco-allinone-hp-4300-17-aio-reconditionne-core-i3-33ghz-8-gb-ram-250-gb-ssd-fr-12699","status":"publish","type":"product","link":"https:\/\/digalco.com\/fr\/produit\/kiosco-allinone-hp-4300-17-aio-reconditionne-core-i3-33ghz-8-gb-ram-250-gb-ssd-fr-12699\/","title":{"rendered":"Kiosco All-In-One con HP 4300 17\u00a0\u00bb AIO | Reconditionn\u00e9 | Core i3 3.3GHz | 8 GB RAM | 250 GB SSD"},"content":{"rendered":"<p><strong>Processeur<\/strong><br \/>Intel Core i3 3220 3.3 GHz.<br \/><strong>Facteur de forme<\/strong><br \/>AIO<br \/><strong>M\u00e9moire RAM<\/strong><br \/>8 Gb. DDR3 RAM<br \/><strong>Disque dur<\/strong><br \/>250 Gb. SSD<br \/><strong>Lecteur optique<\/strong><br \/>DVD-RW<br \/><strong>Cartes<\/strong><br \/>Graphique: HD Graphics 2500<br \/>Son: High Definicion Audio<br \/>R\u00e9seau: broad com ned link<br \/><strong>Syst\u00e8me op\u00e9ratif<\/strong><br \/>Windows 10 Pro<br \/><strong>Ports<\/strong><br \/>1x S\u00e9rie<br \/>8x USB 2.0<br \/>2x PS2<br \/><strong>\u00c9cran<\/strong><br \/>Tactile 17 \u00a0\u00bb HD  5:4  \u00b7 R\u00e9solution 1280&#215;1024<br \/><strong>Ports vid\u00e9o<\/strong><br \/>1x VGA<br \/>1x DVI<br \/><strong>Connectivit\u00e9<\/strong><br \/>1x RJ-45<br \/><strong>Dimensions<\/strong><br \/>138x64x48 cm.<br \/><strong>Poids<\/strong><br \/>90.00 Kg.<br \/><strong>Sp\u00e9cifications suppl\u00e9mentaires<\/strong><br \/><u>Design compact et \u00e9l\u00e9gant : <\/u>Son format Tout-en-Un permet de gagner de la place et am\u00e9liore l&rsquo;esth\u00e9tique du comptoir, id\u00e9al pour les environnements commerciaux o\u00f9 l&rsquo;apparence compte.<br \/><u>Durabilit\u00e9 :<\/u> Con\u00e7u pour r\u00e9sister \u00e0 une utilisation intensive dans des environnements commerciaux, avec un \u00e9cran tactile robuste et des composants r\u00e9sistants.<br \/> <u>Multi -\u00e9cran tactile :<\/u> facilite une interaction rapide et pr\u00e9cise, am\u00e9liorant l&rsquo;exp\u00e9rience utilisateur et rationalisant le service client. <u>Performances fiables : <\/u>\u00e9quip\u00e9 du processeur Intel Core i3, il offre des performances fluides pour les t\u00e2ches de point de vente et les applications professionnelles. <br \/><u>Flexibilit\u00e9 et connectivit\u00e9 :<\/u> offre. plusieurs ports pour connecter les p\u00e9riph\u00e9riques essentiels.<br \/><u>Facile \u00e0 entretenir : <\/u>sa conception modulaire permet un acc\u00e8s facile pour les r\u00e9parations ou les mises \u00e0 niveau, r\u00e9duisant ainsi les temps d&rsquo;arr\u00eat.<br \/><u>S\u00e9curit\u00e9 int\u00e9gr\u00e9e :<\/u> comprend des fonctionnalit\u00e9s de s\u00e9curit\u00e9 \u00e0 la fois physiques (verrous) et technologiques (protection des donn\u00e9es) pour environnements commerciaux exigeants.<br \/>Bon aspect ext\u00e9rieur. Regardez dans \u00ab + Photos \u00bb et si vous avez des questions, appelez-nous ou utilisez notre chat pour plus d&rsquo;informations ou pour demander plus de d\u00e9tails.<\/p>\n<p><strong>Commentaires<\/strong><br \/><u>Ordinateur HP 4300 &#8211; \u00c9cran Tactile General Touch RTL 173 17 &#8211; Imprimante USB EPSON TM-T88 IV &#8211; Clavier et souris inclus<\/u><\/p>\n","protected":false},"excerpt":{"rendered":"<p>Intel Core i3 3220 3.3 GHz. \u00b7 8 Gb. DDR3 RAM \u00b7 250 Gb. SSD \u00b7 DVD-RW \u00b7 Windows 10 Pro \u00b7 Tactile 17 \u00a0\u00bb HD  5:4  \u00b7 R\u00e9solution 1280&#215;1024 \u00b7 <u>Ordinateur HP 4300 &#8211; \u00c9cran Tactile General Touch RTL 173 17 &#8211; Imprimante USB EPSON TM-T88 IV &#8211; Clavier et souris inclus<\/u> [&#8230;]<\/p>\n<p><a class=\"btn btn-secondary understrap-read-more-link\" href=\"https:\/\/digalco.com\/fr\/produit\/kiosco-allinone-hp-4300-17-aio-reconditionne-core-i3-33ghz-8-gb-ram-250-gb-ssd-fr-12699\/\">Lire la suite\u2026<span class=\"screen-reader-text\"> from Kiosco All-In-One con HP 4300 17\u00a0\u00bb AIO | Reconditionn\u00e9 | Core i3 3.3GHz | 8 GB RAM | 250 GB SSD<\/span><\/a><\/p>\n","protected":false},"featured_media":216196,"template":"","meta":[],"product_brand":[3864],"product_cat":[1601,1597],"product_tag":[],"class_list":{"0":"post-216246","1":"product","2":"type-product","3":"status-publish","4":"has-post-thumbnail","6":"product_brand-generic","7":"product_cat-tpv-all-in-one-fr","8":"product_cat-tpv-fr","10":"first","11":"instock","12":"taxable","13":"shipping-taxable","14":"purchasable","15":"product-type-simple"},"bundled_by":[],"bundle_stock_status":"instock","bundle_stock_quantity":12,"bundle_virtual":false,"bundle_layout":"","bundle_add_to_cart_form_location":"","bundle_editable_in_cart":false,"bundle_sold_individually_context":"","bundle_item_grouping":"","bundle_min_size":"","bundle_max_size":"","bundle_price":[],"bundled_items":[],"bundle_sell_ids":[],"exclude_global_add_ons":[],"addons":[],"df_price":448,"df_sale_price":"","df_regular_price":448,"df_image_link":"https:\/\/digalco.com\/wp-content\/uploads\/images\/product\/12699\/gene00295_01-300x225.jpg","_links":{"self":[{"href":"https:\/\/digalco.com\/fr\/wp-json\/wp\/v2\/product\/216246","targetHints":{"allow":["GET"]}}],"collection":[{"href":"https:\/\/digalco.com\/fr\/wp-json\/wp\/v2\/product"}],"about":[{"href":"https:\/\/digalco.com\/fr\/wp-json\/wp\/v2\/types\/product"}],"wp:featuredmedia":[{"embeddable":true,"href":"https:\/\/digalco.com\/fr\/wp-json\/wp\/v2\/media\/216196"}],"wp:attachment":[{"href":"https:\/\/digalco.com\/fr\/wp-json\/wp\/v2\/media?parent=216246"}],"wp:term":[{"taxonomy":"product_brand","embeddable":true,"href":"https:\/\/digalco.com\/fr\/wp-json\/wp\/v2\/product_brand?post=216246"},{"taxonomy":"product_cat","embeddable":true,"href":"https:\/\/digalco.com\/fr\/wp-json\/wp\/v2\/product_cat?post=216246"},{"taxonomy":"product_tag","embeddable":true,"href":"https:\/\/digalco.com\/fr\/wp-json\/wp\/v2\/product_tag?post=216246"}],"curies":[{"name":"wp","href":"https:\/\/api.w.org\/{rel}","templated":true}]}}