{"id":220291,"date":"2024-10-11T12:54:16","date_gmt":"2024-10-11T10:54:16","guid":{"rendered":"https:\/\/digalco.com\/tienda\/getac-s410-g3-rugerizado-14-reconditionne-core-i5-16ghz-8-gb-ram-512-gb-ssd-1920x1080-fr-12833\/"},"modified":"2026-04-01T10:37:18","modified_gmt":"2026-04-01T08:37:18","slug":"getac-s410-g3-rugerizado-14-reconditionne-core-i5-16ghz-8-gb-ram-512-gb-ssd-1920x1080-fr-12833","status":"publish","type":"product","link":"https:\/\/digalco.com\/fr\/produit\/getac-s410-g3-rugerizado-14-reconditionne-core-i5-16ghz-8-gb-ram-512-gb-ssd-1920x1080-fr-12833\/","title":{"rendered":"GETAC S410 G3 Rugerizado 14\u00a0\u00bb | Reconditionn\u00e9 | Core i5 1.6GHz | 8 GB RAM | 512 GB SSD 1920&#215;1080"},"content":{"rendered":"<p><strong>Processeur<\/strong><br \/>Intel Core i5 8365U 1.6 GHz.<br \/><strong>M\u00e9moire RAM<\/strong><br \/>8 Gb. SO-DDR4 RAM<br \/><strong>Disque dur<\/strong><br \/>512 Gb. SSD<br \/><strong>Cartes<\/strong><br \/>Graphique: Intel HD 620<br \/>Son: Realtek HDA<br \/>R\u00e9seau: Intel I219-LM<br \/><strong>Syst\u00e8me op\u00e9ratif<\/strong><br \/>Windows 11 Pro<br \/><strong>Ports<\/strong><br \/>S\u00e9rie<br \/>USB 2.0<br \/>3x USB 3.0<br \/><strong>\u00c9cran<\/strong><br \/>Led 14 \u00a0\u00bb FullHD 16:9  \u00b7 R\u00e9solution 1920&#215;1080<br \/><strong>Ports vid\u00e9o<\/strong><br \/>HDMI<br \/><strong>Multim\u00e9dias<\/strong><br \/>Webcam<br \/>Lecteur SD<br \/>Lecteur carte d&rsquo;identit\u00e9<br \/><strong>Connectivit\u00e9<\/strong><br \/>2x RJ-45<br \/>WIFI<br \/>Bluetooth<br \/>4G<br \/><strong>Notebook sp\u00e9cifique<\/strong><br \/>Langue du clavier International (autocollants espagnols)<br \/><strong>Autres<\/strong><br \/>hR emballage<br \/><strong>Dimensions<\/strong><br \/>35&#215;29.3&#215;3.8 cm.<br \/><strong>Poids<\/strong><br \/>2.38 Kg.<br \/><strong>Sp\u00e9cifications suppl\u00e9mentaires<\/strong><br \/>Bon aspect ext\u00e9rieur. Il peut y avoir de l\u00e9g\u00e8res traces d&rsquo;utilisation sur le bo\u00eetier. Ordinateur portable con\u00e7u pour fonctionner dans des environnements poussi\u00e9reux, dans des entrep\u00f4ts, dans la salet\u00e9, en ext\u00e9rieur et sur le terrain. Il est robuste et prot\u00e9g\u00e9 contre les chocs et les \u00e9claboussures. <br \/><b>Caract\u00e9ristiques de robustesse :<\/b> <u>R\u00e9sistance aux chocs et aux vibrations : <\/u>Gr\u00e2ce \u00e0 sa structure renforc\u00e9e, il r\u00e9siste aux chutes et aux vibrations typiques des environnements d\u00e9favorables. <br \/><u>Protection contre la poussi\u00e8re et les \u00e9claboussures :<\/u> certification IP52, qui offre une r\u00e9sistance partielle \u00e0 la poussi\u00e8re et aux projections d&rsquo;eau. <br \/><u>Temp\u00e9ratures extr\u00eames : <\/u>fonctionne dans des plages de temp\u00e9ratures s\u00e9v\u00e8res, \u00e9lev\u00e9es et basses, permettant son utilisation \u00e0 l\u2019ext\u00e9rieur ou dans les usines. <br \/><u>S\u00e9curit\u00e9 suppl\u00e9mentaire :<\/u> en plus de la robustesse physique, il dispose du TPM 2.0 pour prot\u00e9ger les donn\u00e9es dans les situations compromises. <br \/><b>Certifications robustes : <\/b><br \/><u>MIL-STD-810H : <\/u>R\u00e9sistance aux chutes, vibrations, humidit\u00e9, temp\u00e9ratures extr\u00eames, etc., r\u00e9pondant aux normes militaires. <br \/><u>IP52 : <\/u>Protection contre la poussi\u00e8re et les projections d&rsquo;eau. <br \/><u>TPM 2.0 : <\/u>s\u00e9curit\u00e9 mat\u00e9rielle avanc\u00e9e pour prot\u00e9ger les donn\u00e9es dans les environnements d&rsquo;entreprise. <br \/>Ces certifications garantissent que le GETAC S410 est adapt\u00e9 aux environnements industriels et d\u00e9favorables, o\u00f9 la durabilit\u00e9 est essentielle. <br \/>Regardez dans \u00ab + Photos \u00bb et \u00ab Vid\u00e9o \u00bb et si vous avez des questions, appelez-nous ou utilisez notre chat pour plus d&rsquo;informations ou pour en demander plus. d\u00e9tails.<\/p>\n<p><strong>Commentaires<\/strong><br \/><u>1xM.2 2280 pour le stockage disponible<\/u><\/p>\n","protected":false},"excerpt":{"rendered":"<p>Intel Core i5 8365U 1.6 GHz. [TPM 2.0] \u00b7 8 Gb. SO-DDR4 RAM \u00b7 512 Gb. SSD \u00b7 <strong>Windows 11 Pro<\/strong> \u00b7<u>Clavier international avec autocollants Fran\u00e7ais<\/u> \u00b7 Led 14 \u00a0\u00bb FullHD 16:9 \u00b7 R\u00e9solution 1920&#215;1080 \u00b7 Webcam\u00b7<br \/>\n<u>1xM.2 2280 pour le stockage<br \/>\n<\/u> [&#8230;]<\/p>\n<p><a class=\"btn btn-secondary understrap-read-more-link\" href=\"https:\/\/digalco.com\/fr\/produit\/getac-s410-g3-rugerizado-14-reconditionne-core-i5-16ghz-8-gb-ram-512-gb-ssd-1920x1080-fr-12833\/\">Lire la suite\u2026<span class=\"screen-reader-text\"> from GETAC S410 G3 Rugerizado 14\u00a0\u00bb | Reconditionn\u00e9 | Core i5 1.6GHz | 8 GB RAM | 512 GB SSD 1920&#215;1080<\/span><\/a><\/p>\n","protected":false},"featured_media":220236,"template":"","meta":[],"product_brand":[3853],"product_cat":[1517,3701,1545,1593],"product_tag":[],"class_list":{"0":"post-220291","1":"product","2":"type-product","3":"status-publish","4":"has-post-thumbnail","6":"product_brand-getac","7":"product_cat-notebooks-fr","8":"product_cat-ruggerized-notebooks-fr","9":"product_cat-notebooks-ruggerized-fr","10":"product_cat-ruggerized-fr","12":"first","13":"instock","14":"taxable","15":"shipping-taxable","16":"purchasable","17":"product-type-simple"},"bundled_by":[],"bundle_stock_status":"instock","bundle_stock_quantity":25,"bundle_virtual":false,"bundle_layout":"","bundle_add_to_cart_form_location":"","bundle_editable_in_cart":false,"bundle_sold_individually_context":"","bundle_item_grouping":"","bundle_min_size":"","bundle_max_size":"","bundle_price":[],"bundled_items":[],"bundle_sell_ids":[],"exclude_global_add_ons":true,"addons":{"keyboard-iso-upgrades":{"name":"Choisir langue du clavier","type":"multiple_choice","position":0,"required":false,"title_format":"heading","default":"","description_enable":false,"description":"","placeholder_enable":false,"placeholder":"","display":"radiobutton","restrictions_type":"any_text","adjust_price":false,"price":"","price_type":"quantity_based","restrictions":false,"min":"0","max":"0","options":[{"label":"Autocollants espagnols [AMP00082]","price":"0.0000","price_type":"quantity_based","image":0,"visibility":true},{"label":"Autocollants fran\u00e7ais [AMP00084]","price":"0.0000","price_type":"quantity_based","image":0,"visibility":true},{"label":"Autocollants portugais [AMP00083]","price":"0.0000","price_type":"quantity_based","image":0,"visibility":true}]},"docking-station-upgrades":{"name":"Extension Docking Station","type":"multiple_choice","position":0,"required":false,"title_format":"heading","default":"","description_enable":false,"description":"","placeholder_enable":false,"placeholder":"","display":"radiobutton","restrictions_type":"any_text","adjust_price":false,"price":"","price_type":"quantity_based","restrictions":false,"min":"0","max":"0","options":[{"label":"GETAC Docking Station S410 [AMP00161]","price":"50.0000","price_type":"quantity_based","image":0,"visibility":true}]},"ram-memory-upgrades":{"name":"Extension RAM","type":"multiple_choice","position":0,"required":false,"title_format":"heading","default":"","description_enable":false,"description":"","placeholder_enable":false,"placeholder":"","display":"radiobutton","restrictions_type":"any_text","adjust_price":false,"price":"","price_type":"quantity_based","restrictions":false,"min":"0","max":"0","options":[{"label":"Extension de 16 Gb Gb de RAM SO-DIMM DDR4 [AMP00081]","price":"60.0000","price_type":"quantity_based","image":0,"visibility":true}]},"hdd-upgrades":{"name":"Extension disque dur","type":"multiple_choice","position":0,"required":false,"title_format":"heading","default":"","description_enable":false,"description":"","placeholder_enable":false,"placeholder":"","display":"radiobutton","restrictions_type":"any_text","adjust_price":false,"price":"","price_type":"quantity_based","restrictions":false,"min":"0","max":"0","options":[{"label":"Passez au disque SSD 1 Tb. [AMP00071]","price":"95.0000","price_type":"quantity_based","image":0,"visibility":true},{"label":"Passez au disque SSD 1 Tb. M.2 2280 PCIe [AMP00107]","price":"165.0000","price_type":"quantity_based","image":0,"visibility":true},{"label":"SSD suppl\u00e9mentaire 500 Gb. M.2 2280 PCIe [AMP00108]","price":"115.0000","price_type":"quantity_based","image":0,"visibility":true},{"label":"Disque SSD de 1 Tb. M.2 2280 PCIe suppl\u00e9mentaire [AMP00109]","price":"170.0000","price_type":"quantity_based","image":0,"visibility":true}]},"os-upgrades":{"name":"Expansion SO","type":"multiple_choice","position":0,"required":false,"title_format":"heading","default":"","description_enable":false,"description":"","placeholder_enable":false,"placeholder":"","display":"radiobutton","restrictions_type":"any_text","adjust_price":false,"price":"","price_type":"quantity_based","restrictions":false,"min":"0","max":"0","options":[{"label":"Changer la langue en fran\u00e7ais [AMP00125]","price":"0.0000","price_type":"quantity_based","image":0,"visibility":true},{"label":"Changer la langue en anglais [AMP00008]","price":"0.0000","price_type":"quantity_based","image":0,"visibility":true},{"label":"Changer la langue en portugais [AMP00009]","price":"0.0000","price_type":"quantity_based","image":0,"visibility":true}]},"briefcase-upgrades":{"name":"Porte-documents","type":"multiple_choice","position":0,"required":false,"title_format":"heading","default":"","description_enable":false,"description":"","placeholder_enable":false,"placeholder":"","display":"radiobutton","restrictions_type":"any_text","adjust_price":false,"price":"","price_type":"quantity_based","restrictions":false,"min":"0","max":"0","options":[{"label":"Mallette Notebook [AMP00041]","price":"5.0000","price_type":"quantity_based","image":0,"visibility":true}]}},"df_price":431,"df_sale_price":"","df_regular_price":431,"df_image_link":"https:\/\/digalco.com\/wp-content\/uploads\/images\/product\/12833\/gtc00044_01-300x225.jpg","_links":{"self":[{"href":"https:\/\/digalco.com\/fr\/wp-json\/wp\/v2\/product\/220291","targetHints":{"allow":["GET"]}}],"collection":[{"href":"https:\/\/digalco.com\/fr\/wp-json\/wp\/v2\/product"}],"about":[{"href":"https:\/\/digalco.com\/fr\/wp-json\/wp\/v2\/types\/product"}],"wp:featuredmedia":[{"embeddable":true,"href":"https:\/\/digalco.com\/fr\/wp-json\/wp\/v2\/media\/220236"}],"wp:attachment":[{"href":"https:\/\/digalco.com\/fr\/wp-json\/wp\/v2\/media?parent=220291"}],"wp:term":[{"taxonomy":"product_brand","embeddable":true,"href":"https:\/\/digalco.com\/fr\/wp-json\/wp\/v2\/product_brand?post=220291"},{"taxonomy":"product_cat","embeddable":true,"href":"https:\/\/digalco.com\/fr\/wp-json\/wp\/v2\/product_cat?post=220291"},{"taxonomy":"product_tag","embeddable":true,"href":"https:\/\/digalco.com\/fr\/wp-json\/wp\/v2\/product_tag?post=220291"}],"curies":[{"name":"wp","href":"https:\/\/api.w.org\/{rel}","templated":true}]}}