{"id":220558,"date":"2024-10-14T11:40:49","date_gmt":"2024-10-14T09:40:49","guid":{"rendered":"https:\/\/digalco.com\/tienda\/dell-poweredge-r810-rack-reconditionne-xeon-octa-core-187ghz-128-gb-ram-300-gb-sas-fr-12795\/"},"modified":"2026-04-14T11:53:11","modified_gmt":"2026-04-14T09:53:11","slug":"dell-poweredge-r810-rack-reconditionne-xeon-octa-core-187ghz-128-gb-ram-300-gb-sas-fr-12795","status":"publish","type":"product","link":"https:\/\/digalco.com\/fr\/produit\/dell-poweredge-r810-rack-reconditionne-xeon-octa-core-187ghz-128-gb-ram-300-gb-sas-fr-12795\/","title":{"rendered":"Dell PowerEdge R810 Rack | Reconditionn\u00e9 | Xeon Octa Core 1.87GHz | 128 GB RAM | 300 GB SAS"},"content":{"rendered":"<p><strong>Processeur<\/strong><br \/>4x Intel Xeon Octa Core L7555 1.87 GHz.<br \/><strong>Facteur de forme<\/strong><br \/>Rack  (2U)<br \/><strong>M\u00e9moire RAM<\/strong><br \/>128 Gb. DDR3 ECC RAM<br \/>32 emplacements  (0 vide )<br \/><strong>Disque dur<\/strong><br \/>6x 300 Gb. SAS 2.5\u00a0\u00bb 10000rpm<br \/>6 emplacements  (0 vide )<br \/><strong>Cartes<\/strong><br \/>Graphique: G200EW WPCM450<br \/>R\u00e9seau: BROADCOM BCM5709 GIGABIT<br \/><strong>Syst\u00e8me op\u00e9ratif<\/strong><br \/>&#8211; Sans SO &#8211;<br \/><strong>Ports<\/strong><br \/>1x S\u00e9rie<br \/>4x USB 2.0<br \/><strong>Connectivit\u00e9<\/strong><br \/>6x RJ-45<br \/><strong>Source de courant<\/strong><br \/>2x Alimentations (Hotplug)<br \/><strong>Dimensions<\/strong><br \/>76.5&#215;48.5&#215;8.5 cm.<br \/><strong>Poids<\/strong><br \/>23.50 Kg.<br \/><strong>Sp\u00e9cifications suppl\u00e9mentaires<\/strong><br \/>Serveur con\u00e7u pour les environnements \u00e0 forte demande n\u00e9cessitant une puissance de traitement et une grande capacit\u00e9 de stockage. \u00c9quip\u00e9 de 4 processeurs Intel Xeon Octa Core L7555 et de 128 Go de RAM DDR3 ECC, il offre des performances exceptionnelles pour g\u00e9rer les charges de travail critiques et la virtualisation avanc\u00e9e. Ses 32 baies, avec 6 disques SAS de 300 Go \u00e0 10 000 tr\/min, assurent une capacit\u00e9 de stockage rapide et robuste.<br \/>Gr\u00e2ce au contr\u00f4leur RAID PERC H700 et aux multiples emplacements PCIe pour l&rsquo;extension, ce serveur est pr\u00eat \u00e0 r\u00e9pondre aux besoins des grandes infrastructures informatiques et les centres de donn\u00e9es. Le Dell PowerEdge R810 est la solution id\u00e9ale pour les entreprises recherchant \u00e9volutivit\u00e9, fiabilit\u00e9 et hautes performances dans leurs op\u00e9rations.<br \/>Bonne apparence ext\u00e9rieure. Si vous avez des questions, appelez-nous ou utilisez notre chat pour plus d&rsquo;informations ou pour demander plus de d\u00e9tails.<\/p>\n<p><strong>Commentaires<\/strong><br \/><u>Contr\u00f4leur Raid PERC H700 &#8211; 5xPCIe X8 \/ 1xPCIe X4<\/u><\/p>\n","protected":false},"excerpt":{"rendered":"<p>4x Intel Xeon Octa Core L7555 1.87 GHz. \u00b7 128 Gb. DDR3 ECC RAM \u00b7 32 emplacements  (0 vide ) \u00b7 6x 300 Gb. SAS 2.5\u00a0\u00bb 10000rpm \u00b7 6 emplacements  (0 vide ) \u00b7 <u>Contr\u00f4leur Raid PERC H700 &#8211; 5xPCIe X8 \/ 1xPCIe X4<\/u> [&#8230;]<\/p>\n<p><a class=\"btn btn-secondary understrap-read-more-link\" href=\"https:\/\/digalco.com\/fr\/produit\/dell-poweredge-r810-rack-reconditionne-xeon-octa-core-187ghz-128-gb-ram-300-gb-sas-fr-12795\/\">Lire la suite\u2026<span class=\"screen-reader-text\"> from Dell PowerEdge R810 Rack | Reconditionn\u00e9 | Xeon Octa Core 1.87GHz | 128 GB RAM | 300 GB SAS<\/span><\/a><\/p>\n","protected":false},"featured_media":220543,"template":"","meta":[],"product_brand":[3852],"product_cat":[1641,1633],"product_tag":[],"class_list":{"0":"post-220558","1":"product","2":"type-product","3":"status-publish","4":"has-post-thumbnail","6":"product_brand-dell","7":"product_cat-serveurs-rack-fr","8":"product_cat-serveurs-fr","10":"first","11":"instock","12":"taxable","13":"shipping-taxable","14":"purchasable","15":"product-type-simple"},"bundled_by":[],"bundle_stock_status":"instock","bundle_stock_quantity":3,"bundle_virtual":false,"bundle_layout":"","bundle_add_to_cart_form_location":"","bundle_editable_in_cart":false,"bundle_sold_individually_context":"","bundle_item_grouping":"","bundle_min_size":"","bundle_max_size":"","bundle_price":[],"bundled_items":[],"bundle_sell_ids":[],"exclude_global_add_ons":[],"addons":[],"df_price":1123,"df_sale_price":"","df_regular_price":1123,"df_image_link":"https:\/\/digalco.com\/wp-content\/uploads\/images\/product\/12795\/dell01330_01-300x225.jpg","_links":{"self":[{"href":"https:\/\/digalco.com\/fr\/wp-json\/wp\/v2\/product\/220558","targetHints":{"allow":["GET"]}}],"collection":[{"href":"https:\/\/digalco.com\/fr\/wp-json\/wp\/v2\/product"}],"about":[{"href":"https:\/\/digalco.com\/fr\/wp-json\/wp\/v2\/types\/product"}],"wp:featuredmedia":[{"embeddable":true,"href":"https:\/\/digalco.com\/fr\/wp-json\/wp\/v2\/media\/220543"}],"wp:attachment":[{"href":"https:\/\/digalco.com\/fr\/wp-json\/wp\/v2\/media?parent=220558"}],"wp:term":[{"taxonomy":"product_brand","embeddable":true,"href":"https:\/\/digalco.com\/fr\/wp-json\/wp\/v2\/product_brand?post=220558"},{"taxonomy":"product_cat","embeddable":true,"href":"https:\/\/digalco.com\/fr\/wp-json\/wp\/v2\/product_cat?post=220558"},{"taxonomy":"product_tag","embeddable":true,"href":"https:\/\/digalco.com\/fr\/wp-json\/wp\/v2\/product_tag?post=220558"}],"curies":[{"name":"wp","href":"https:\/\/api.w.org\/{rel}","templated":true}]}}