{"id":230425,"date":"2024-11-28T09:34:33","date_gmt":"2024-11-28T08:34:33","guid":{"rendered":"https:\/\/digalco.com\/tienda\/switch-cisco-air-ct3504-k9-wireless-controller-reconditionne-fr-12493\/"},"modified":"2024-12-10T17:52:31","modified_gmt":"2024-12-10T16:52:31","slug":"switch-cisco-air-ct3504-k9-wireless-controller-reconditionne-fr-12493","status":"publish","type":"product","link":"https:\/\/digalco.com\/fr\/produit\/switch-cisco-air-ct3504-k9-wireless-controller-reconditionne-fr-12493\/","title":{"rendered":"Switch CISCO AIR-CT3504-K9 Wireless Controller | Reconditionn\u00e9"},"content":{"rendered":"<p><strong>G\u00e9n\u00e9rale imprimante<\/strong><br \/>Switch<br \/><strong>Ports r\u00e9seau<\/strong><br \/>4x Ethernet 1000 Mbps.<br \/><strong>Autres<\/strong><br \/>hR emballage<br \/><strong>Dimensions<\/strong><br \/>22x33x4.5 cm.<br \/><strong>Poids<\/strong><br \/>2.20 Kg.<br \/><strong>Sp\u00e9cifications suppl\u00e9mentaires<\/strong><br \/>Le contr\u00f4leur sans fil Cisco 3504 (AIR-CT3504-K9) est un contr\u00f4leur sans fil compact con\u00e7u pour g\u00e9rer les r\u00e9seaux Wi-Fi dans les petites et moyennes entreprises. Il permet de g\u00e9rer jusqu&rsquo;\u00e0 150 points d&rsquo;acc\u00e8s et 3 000 utilisateurs simultan\u00e9ment, offrant une grande efficacit\u00e9 dans la gestion centralis\u00e9e. Sa mise en \u0153uvre est flexible et s&rsquo;adapte \u00e0 diff\u00e9rents environnements, des campus d&rsquo;entreprise aux succursales distantes. Son int\u00e9gration avec l&rsquo;infrastructure r\u00e9seau Cisco garantit un contr\u00f4le robuste et s\u00e9curis\u00e9, optimisant les performances sans fil dans les environnements exigeants<\/p>\n<p><strong>Commentaires<\/strong><br \/><u>1x10GBase-T RJ-45 &#8211; 4x1000Base-T RJ-45 &#8211; 1xConsole RJ-45 &#8211; 1xS\u00e9rie RJ-45 &#8211; 1xRedondance RJ-45 &#8211; 1xConsole mini-USB &#8211; 1xUSB 3.0 &#8211; PoE<\/u><\/p>\n","protected":false},"excerpt":{"rendered":"<p>1x10GBase-T RJ-45 &#8211; 4x1000Base-T RJ-45 &#8211; 1xConsole RJ-45 &#8211; 1xS\u00e9rie RJ-45 &#8211; 1xRedondance RJ-45 &#8211; 1xConsole mini-USB &#8211; 1xUSB 3.0 &#8211; PoE [&#8230;]<\/p>\n<p><a class=\"btn btn-secondary understrap-read-more-link\" href=\"https:\/\/digalco.com\/fr\/produit\/switch-cisco-air-ct3504-k9-wireless-controller-reconditionne-fr-12493\/\">Lire la suite\u2026<span class=\"screen-reader-text\"> from Switch CISCO AIR-CT3504-K9 Wireless Controller | Reconditionn\u00e9<\/span><\/a><\/p>\n","protected":false},"featured_media":230420,"template":"","meta":[],"product_brand":[3882],"product_cat":[3795,1665],"product_tag":[],"class_list":{"0":"post-230425","1":"product","2":"type-product","3":"status-publish","4":"has-post-thumbnail","6":"product_brand-cisco","7":"product_cat-networking-wireless-fr","8":"product_cat-networking-fr","10":"first","11":"instock","12":"taxable","13":"shipping-taxable","14":"purchasable","15":"product-type-simple"},"bundled_by":[],"bundle_stock_status":"instock","bundle_stock_quantity":2,"bundle_virtual":false,"bundle_layout":"","bundle_add_to_cart_form_location":"","bundle_editable_in_cart":false,"bundle_sold_individually_context":"","bundle_item_grouping":"","bundle_min_size":"","bundle_max_size":"","bundle_price":[],"bundled_items":[],"bundle_sell_ids":[],"exclude_global_add_ons":[],"addons":[],"df_price":235,"df_sale_price":"","df_regular_price":235,"df_image_link":"https:\/\/digalco.com\/wp-content\/uploads\/images\/product\/12493\/cisc00095_01-300x225.jpg","_links":{"self":[{"href":"https:\/\/digalco.com\/fr\/wp-json\/wp\/v2\/product\/230425","targetHints":{"allow":["GET"]}}],"collection":[{"href":"https:\/\/digalco.com\/fr\/wp-json\/wp\/v2\/product"}],"about":[{"href":"https:\/\/digalco.com\/fr\/wp-json\/wp\/v2\/types\/product"}],"wp:featuredmedia":[{"embeddable":true,"href":"https:\/\/digalco.com\/fr\/wp-json\/wp\/v2\/media\/230420"}],"wp:attachment":[{"href":"https:\/\/digalco.com\/fr\/wp-json\/wp\/v2\/media?parent=230425"}],"wp:term":[{"taxonomy":"product_brand","embeddable":true,"href":"https:\/\/digalco.com\/fr\/wp-json\/wp\/v2\/product_brand?post=230425"},{"taxonomy":"product_cat","embeddable":true,"href":"https:\/\/digalco.com\/fr\/wp-json\/wp\/v2\/product_cat?post=230425"},{"taxonomy":"product_tag","embeddable":true,"href":"https:\/\/digalco.com\/fr\/wp-json\/wp\/v2\/product_tag?post=230425"}],"curies":[{"name":"wp","href":"https:\/\/api.w.org\/{rel}","templated":true}]}}