{"id":230441,"date":"2024-11-28T09:59:09","date_gmt":"2024-11-28T08:59:09","guid":{"rendered":"https:\/\/digalco.com\/tienda\/telephone-portable-cisco-cp-8841-reconditionne-fr-12590\/"},"modified":"2024-12-10T17:50:11","modified_gmt":"2024-12-10T16:50:11","slug":"telephone-portable-cisco-cp-8841-reconditionne-fr-12590","status":"publish","type":"product","link":"https:\/\/digalco.com\/fr\/produit\/telephone-portable-cisco-cp-8841-reconditionne-fr-12590\/","title":{"rendered":"T\u00e9l\u00e9phone portable CISCO CP-8841 | Reconditionn\u00e9"},"content":{"rendered":"<p>5 lignes SIP programmables &#8211; \u00c9cran couleur 5&Prime; (800&#215;480) &#8211; PoE &#8211; Son Full Duplex &#8211; BLF &#8211; Port RJ9 &#8211; Port auxiliaire EHS &#8211; 2xRJ45 10\/100\/1000BASE-T &#8211; IEEE 802.3af, classe 2<\/p>\n","protected":false},"excerpt":{"rendered":"<p>5 lignes SIP programmables &#8211; \u00c9cran couleur 5&quot; (800&#215;480) &#8211; PoE &#8211; Son Full Duplex &#8211; BLF &#8211; Port RJ9 &#8211; Port auxiliaire EHS &#8211; 2xRJ45 10\/100\/1000BASE-T &#8211; IEEE 802.3af, classe 2 [&#8230;]<\/p>\n<p><a class=\"btn btn-secondary understrap-read-more-link\" href=\"https:\/\/digalco.com\/fr\/produit\/telephone-portable-cisco-cp-8841-reconditionne-fr-12590\/\">Lire la suite\u2026<span class=\"screen-reader-text\"> from T\u00e9l\u00e9phone portable CISCO CP-8841 | Reconditionn\u00e9<\/span><\/a><\/p>\n","protected":false},"featured_media":230431,"template":"","meta":[],"product_brand":[3882],"product_cat":[3799,1665],"product_tag":[],"class_list":{"0":"post-230441","1":"product","2":"type-product","3":"status-publish","4":"has-post-thumbnail","6":"product_brand-cisco","7":"product_cat-networking-telephonie-ip-fr","8":"product_cat-networking-fr","10":"first","11":"instock","12":"taxable","13":"shipping-taxable","14":"purchasable","15":"product-type-simple"},"bundled_by":[],"bundle_stock_status":"instock","bundle_stock_quantity":20,"bundle_virtual":false,"bundle_layout":"","bundle_add_to_cart_form_location":"","bundle_editable_in_cart":false,"bundle_sold_individually_context":"","bundle_item_grouping":"","bundle_min_size":"","bundle_max_size":"","bundle_price":[],"bundled_items":[],"bundle_sell_ids":[],"exclude_global_add_ons":[],"addons":[],"df_price":108,"df_sale_price":"","df_regular_price":108,"df_image_link":"https:\/\/digalco.com\/wp-content\/uploads\/images\/product\/12590\/cisc00099_01-300x225.jpg","_links":{"self":[{"href":"https:\/\/digalco.com\/fr\/wp-json\/wp\/v2\/product\/230441","targetHints":{"allow":["GET"]}}],"collection":[{"href":"https:\/\/digalco.com\/fr\/wp-json\/wp\/v2\/product"}],"about":[{"href":"https:\/\/digalco.com\/fr\/wp-json\/wp\/v2\/types\/product"}],"wp:featuredmedia":[{"embeddable":true,"href":"https:\/\/digalco.com\/fr\/wp-json\/wp\/v2\/media\/230431"}],"wp:attachment":[{"href":"https:\/\/digalco.com\/fr\/wp-json\/wp\/v2\/media?parent=230441"}],"wp:term":[{"taxonomy":"product_brand","embeddable":true,"href":"https:\/\/digalco.com\/fr\/wp-json\/wp\/v2\/product_brand?post=230441"},{"taxonomy":"product_cat","embeddable":true,"href":"https:\/\/digalco.com\/fr\/wp-json\/wp\/v2\/product_cat?post=230441"},{"taxonomy":"product_tag","embeddable":true,"href":"https:\/\/digalco.com\/fr\/wp-json\/wp\/v2\/product_tag?post=230441"}],"curies":[{"name":"wp","href":"https:\/\/api.w.org\/{rel}","templated":true}]}}