{"id":230543,"date":"2024-11-28T13:20:15","date_gmt":"2024-11-28T12:20:15","guid":{"rendered":"https:\/\/digalco.com\/tienda\/dell-u2413f-24-ips-169-reconditionne-1920x1200-fr-13074\/"},"modified":"2026-03-30T16:20:04","modified_gmt":"2026-03-30T14:20:04","slug":"dell-u2413f-24-ips-169-reconditionne-1920x1200-fr-13074","status":"publish","type":"product","link":"https:\/\/digalco.com\/fr\/produit\/dell-u2413f-24-ips-169-reconditionne-1920x1200-fr-13074\/","title":{"rendered":"Dell U2413f 24\u00a0\u00bb IPS 16:9 | Reconditionn\u00e9 | 1920&#215;1200"},"content":{"rendered":"<p><strong>\u00c9cran<\/strong><br \/>IPS 24 \u00a0\u00bb FullHD avec Haut-parleurs \u00b7  16:9  \u00b7 R\u00e9solution 1920&#215;1200<br \/>Dot pitch 0.277 mm<br \/>R\u00e9ponse 8 ms<br \/>Contraste 1000:1<br \/>Luminosit\u00e9 350 cd\/m2<br \/>Angle vision 178\u00b0v\/178\u00b0h<br \/><strong>Ports vid\u00e9o<\/strong><br \/>HDMI<br \/>2x Display Port<br \/>Mini Display Port<br \/>DVI<br \/><strong>Affichage sp\u00e9cifique<\/strong><br \/>Stand VESA<br \/>Base<br \/>R\u00e9glable en hauteur<br \/><strong>Autres<\/strong><br \/>hR emballage<br \/><strong>Dimensions<\/strong><br \/>55.5&#215;36.7&#215;19 cm.<br \/><strong>Poids<\/strong><br \/>6.85 Kg.<br \/><strong>Sp\u00e9cifications suppl\u00e9mentaires<\/strong><br \/>Le Dell U2413f est un moniteur de 24 pouces con\u00e7u pour les professionnels recherchant une pr\u00e9cision des couleurs et des performances sup\u00e9rieures. Equip\u00e9 d&rsquo;une dalle IPS et d&rsquo;une r\u00e9solution de 1920 x 1200 (rapport d&rsquo;aspect 16:10), il offre des images nettes avec une reproduction des couleurs exceptionnelle, id\u00e9ale pour la conception graphique, la photographie et les t\u00e2ches exigeantes.<br \/>Gr\u00e2ce \u00e0 la technologie PremierColor, le U2413f couvre 99 % d&rsquo;espace Adobe RVB et 100 % de sRVB, garantissant des couleurs pr\u00e9cises d\u00e8s la premi\u00e8re utilisation. De plus, il propose un calibrage en usine et prend en charge des calibrateurs externes pour une gestion avanc\u00e9e des couleurs : comprend HDMI, DisplayPort, DVI-D et un hub USB 3.0. Sa conception ergonomique vous permet de r\u00e9gler la hauteur, l&rsquo;inclinaison, la rotation et le pivotement, garantissant ainsi le confort pendant les longues journ\u00e9es de travail.<br \/>Un moniteur robuste et fiable, parfait pour ceux qui recherchent une qualit\u00e9 professionnelle dans chaque pixel.<br \/>Bon aspect ext\u00e9rieur. Il peut y avoir de l\u00e9g\u00e8res traces d&rsquo;utilisation sur le bo\u00eetier. Si vous avez des questions, appelez-nous ou utilisez notre chat pour plus d&rsquo;informations ou pour demander plus de d\u00e9tails.<\/p>\n<p><strong>Commentaires<\/strong><br \/><u>C\u00e2ble d&rsquo;alimentation et DisplayPort inclus &#8211; 4x USB 3.0<\/u><\/p>\n","protected":false},"excerpt":{"rendered":"<p>IPS 24 \u00a0\u00bb FullHD avec Haut-parleurs \u00b7  16:9  \u00b7 R\u00e9solution 1920&#215;1200 \u00b7 Dot pitch 0.277 mm \u00b7 R\u00e9ponse 8 ms \u00b7 Contraste 1000:1 \u00b7 Luminosit\u00e9 350 cd\/m2 \u00b7 Angle vision 178\u00b0v\/178\u00b0h \u00b7 HDMI \u00b7 2x Display Port \u00b7 Mini Display Port \u00b7 DVI \u00b7 <u>C\u00e2ble d&rsquo;alimentation et DisplayPort inclus &#8211; 4x USB 3.0<\/u> [&#8230;]<\/p>\n<p><a class=\"btn btn-secondary understrap-read-more-link\" href=\"https:\/\/digalco.com\/fr\/produit\/dell-u2413f-24-ips-169-reconditionne-1920x1200-fr-13074\/\">Lire la suite\u2026<span class=\"screen-reader-text\"> from Dell U2413f 24\u00a0\u00bb IPS 16:9 | Reconditionn\u00e9 | 1920&#215;1200<\/span><\/a><\/p>\n","protected":false},"featured_media":230518,"template":"","meta":[],"product_brand":[3852],"product_cat":[2390,1493],"product_tag":[],"class_list":{"0":"post-230543","1":"product","2":"type-product","3":"status-publish","4":"has-post-thumbnail","6":"product_brand-dell","7":"product_cat-moniteurs-24-fr","8":"product_cat-moniteurs-fr","10":"first","11":"instock","12":"taxable","13":"shipping-taxable","14":"purchasable","15":"product-type-simple"},"bundled_by":[],"bundle_stock_status":"instock","bundle_stock_quantity":2,"bundle_virtual":false,"bundle_layout":"","bundle_add_to_cart_form_location":"","bundle_editable_in_cart":false,"bundle_sold_individually_context":"","bundle_item_grouping":"","bundle_min_size":"","bundle_max_size":"","bundle_price":[],"bundled_items":[],"bundle_sell_ids":[],"exclude_global_add_ons":true,"addons":{"hdmi-upgrades":{"name":"Extension c\u00e2ble","type":"multiple_choice","position":0,"required":false,"title_format":"heading","default":"","description_enable":false,"description":"","placeholder_enable":false,"placeholder":"","display":"radiobutton","restrictions_type":"any_text","adjust_price":false,"price":"","price_type":"quantity_based","restrictions":false,"min":"0","max":"0","options":[{"label":"C\u00e2ble HDMI 2 mts. [AMP00104]","price":"6.0000","price_type":"quantity_based","image":0,"visibility":true},{"label":"C\u00e2ble DVI-D M\/M Dual Link 1,8 mts. [AMP00102]","price":"2.0000","price_type":"quantity_based","image":0,"visibility":true}]}},"df_price":100,"df_sale_price":"","df_regular_price":100,"df_image_link":"https:\/\/digalco.com\/wp-content\/uploads\/images\/product\/13074\/dell01391_01-300x225.jpg","_links":{"self":[{"href":"https:\/\/digalco.com\/fr\/wp-json\/wp\/v2\/product\/230543","targetHints":{"allow":["GET"]}}],"collection":[{"href":"https:\/\/digalco.com\/fr\/wp-json\/wp\/v2\/product"}],"about":[{"href":"https:\/\/digalco.com\/fr\/wp-json\/wp\/v2\/types\/product"}],"wp:featuredmedia":[{"embeddable":true,"href":"https:\/\/digalco.com\/fr\/wp-json\/wp\/v2\/media\/230518"}],"wp:attachment":[{"href":"https:\/\/digalco.com\/fr\/wp-json\/wp\/v2\/media?parent=230543"}],"wp:term":[{"taxonomy":"product_brand","embeddable":true,"href":"https:\/\/digalco.com\/fr\/wp-json\/wp\/v2\/product_brand?post=230543"},{"taxonomy":"product_cat","embeddable":true,"href":"https:\/\/digalco.com\/fr\/wp-json\/wp\/v2\/product_cat?post=230543"},{"taxonomy":"product_tag","embeddable":true,"href":"https:\/\/digalco.com\/fr\/wp-json\/wp\/v2\/product_tag?post=230543"}],"curies":[{"name":"wp","href":"https:\/\/api.w.org\/{rel}","templated":true}]}}