{"id":230928,"date":"2024-12-02T12:09:06","date_gmt":"2024-12-02T11:09:06","guid":{"rendered":"https:\/\/digalco.com\/tienda\/hp-e23-g4-23-ips-169-reconditionne-1920x1080-fr-12995\/"},"modified":"2026-03-18T16:39:35","modified_gmt":"2026-03-18T15:39:35","slug":"hp-e23-g4-23-ips-169-reconditionne-1920x1080-fr-12995","status":"publish","type":"product","link":"https:\/\/digalco.com\/fr\/produit\/hp-e23-g4-23-ips-169-reconditionne-1920x1080-fr-12995\/","title":{"rendered":"HP E23 G4 23\u00a0\u00bb IPS 16:9 | Reconditionn\u00e9 | 1920&#215;1080"},"content":{"rendered":"<p><strong>\u00c9cran<\/strong><br \/>IPS 23 \u00a0\u00bb FullHD 16:9  \u00b7 R\u00e9solution 1920&#215;1080<br \/>Dot pitch 0.265 mm<br \/>R\u00e9ponse 5 ms<br \/>Contraste 1000:1<br \/>Luminosit\u00e9 250 cd\/m2<br \/>Angle vision 178\u00b0v\/178\u00b0h<br \/><strong>Ports vid\u00e9o<\/strong><br \/>VGA<br \/>HDMI<br \/>Display Port<br \/><strong>Affichage sp\u00e9cifique<\/strong><br \/>Stand VESA<br \/>Base<br \/>R\u00e9glable en hauteur<br \/><strong>Autres<\/strong><br \/>hR emballage<br \/><strong>Dimensions<\/strong><br \/>52x35x21 cm.<br \/><strong>Poids<\/strong><br \/>5.40 Kg.<br \/><strong>Sp\u00e9cifications suppl\u00e9mentaires<\/strong><br \/>Le HP E23 G4 est un moniteur de 23 pouces avec une r\u00e9solution Full HD (1 920 x 1 080), con\u00e7u pour offrir des images nettes et une exp\u00e9rience visuelle confortable dans n&rsquo;importe quel environnement de travail. Sa dalle IPS garantit des couleurs pr\u00e9cises et homog\u00e8nes, avec des angles de vision larges de 178\u00b0 aussi bien verticalement qu&rsquo;horizontalement.<br \/>Avec un temps de r\u00e9ponse de 5 ms et un contraste statique de 1000:1, ce moniteur fournit des images claires et d\u00e9taill\u00e9es, tandis que son La luminosit\u00e9 de 250 cd\/m\u00b2 garantit une visualisation optimale m\u00eame dans des conditions d&rsquo;\u00e9clairage variables.<br \/>Comprend une connectivit\u00e9 compl\u00e8te avec des ports VGA, HDMI, DisplayPort et un hub USB 2.0 4 ports, facilitant la connexion de plusieurs appareils. De plus, il est livr\u00e9 avec des c\u00e2bles d&rsquo;alimentation et VGA inclus.<br \/>Le filtre HP Eye Ease r\u00e9duit l&rsquo;\u00e9mission de lumi\u00e8re bleue sans affecter la pr\u00e9cision des couleurs, aidant ainsi \u00e0 pr\u00e9venir la fatigue oculaire lors de longues sessions d&rsquo;\u00e9cran.<br \/>Un moniteur polyvalent, ergonomique et efficace, id\u00e9al pour environnements de bureau ou usage professionnel.<br \/>Bon aspect ext\u00e9rieur. Si vous avez des questions, appelez-nous ou utilisez notre chat pour plus d&rsquo;informations ou pour demander plus de d\u00e9tails.<\/p>\n<p><strong>Commentaires<\/strong><br \/><u>C\u00e2ble d&rsquo;alimentation et VGA inclus &#8211; 4xUSB 2.0 &#8211; Filtre HP Eye Ease<\/u><\/p>\n","protected":false},"excerpt":{"rendered":"<p>IPS 23 \u00a0\u00bb FullHD 16:9 \u00b7 Dot pitch 0.265 mm \u00b7 R\u00e9ponse 5 ms \u00b7 Contraste 1000:1 \u00b7 Luminosit\u00e9 250 cd\/m2 \u00b7 VGA \u00b7 HDMI \u00b7 Display Port \u00b7<br \/>\n<u>C\u00e2ble d&rsquo;alimentation et VGA inclus &#8211; 4xUSB 2.0 &#8211; Filtre HP Eye Ease<\/u> [&#8230;]<\/p>\n<p><a class=\"btn btn-secondary understrap-read-more-link\" href=\"https:\/\/digalco.com\/fr\/produit\/hp-e23-g4-23-ips-169-reconditionne-1920x1080-fr-12995\/\">Lire la suite\u2026<span class=\"screen-reader-text\"> from HP E23 G4 23\u00a0\u00bb IPS 16:9 | Reconditionn\u00e9 | 1920&#215;1080<\/span><\/a><\/p>\n","protected":false},"featured_media":230888,"template":"","meta":[],"product_brand":[3854],"product_cat":[2386,1493],"product_tag":[],"class_list":{"0":"post-230928","1":"product","2":"type-product","3":"status-publish","4":"has-post-thumbnail","6":"product_brand-hp","7":"product_cat-moniteurs-23-fr","8":"product_cat-moniteurs-fr","10":"first","11":"instock","12":"taxable","13":"shipping-taxable","14":"purchasable","15":"product-type-simple"},"bundled_by":[],"bundle_stock_status":"instock","bundle_stock_quantity":9,"bundle_virtual":false,"bundle_layout":"","bundle_add_to_cart_form_location":"","bundle_editable_in_cart":false,"bundle_sold_individually_context":"","bundle_item_grouping":"","bundle_min_size":"","bundle_max_size":"","bundle_price":[],"bundled_items":[],"bundle_sell_ids":[],"exclude_global_add_ons":true,"addons":{"hdmi-upgrades":{"name":"Extension c\u00e2ble","type":"multiple_choice","position":0,"required":false,"title_format":"heading","default":"","description_enable":false,"description":"","placeholder_enable":false,"placeholder":"","display":"radiobutton","restrictions_type":"any_text","adjust_price":false,"price":"","price_type":"quantity_based","restrictions":false,"min":"0","max":"0","options":[{"label":"C\u00e2ble HDMI 2 mts. [AMP00104]","price":"6.0000","price_type":"quantity_based","image":0,"visibility":true},{"label":"C\u00e2ble DisplayPort vers DisplayPort 1,8 mts. [AMP00103]","price":"8.0000","price_type":"quantity_based","image":0,"visibility":true}]}},"df_price":97,"df_sale_price":"","df_regular_price":97,"df_image_link":"https:\/\/digalco.com\/wp-content\/uploads\/images\/product\/12995\/hp02791_01-300x225.jpg","_links":{"self":[{"href":"https:\/\/digalco.com\/fr\/wp-json\/wp\/v2\/product\/230928","targetHints":{"allow":["GET"]}}],"collection":[{"href":"https:\/\/digalco.com\/fr\/wp-json\/wp\/v2\/product"}],"about":[{"href":"https:\/\/digalco.com\/fr\/wp-json\/wp\/v2\/types\/product"}],"wp:featuredmedia":[{"embeddable":true,"href":"https:\/\/digalco.com\/fr\/wp-json\/wp\/v2\/media\/230888"}],"wp:attachment":[{"href":"https:\/\/digalco.com\/fr\/wp-json\/wp\/v2\/media?parent=230928"}],"wp:term":[{"taxonomy":"product_brand","embeddable":true,"href":"https:\/\/digalco.com\/fr\/wp-json\/wp\/v2\/product_brand?post=230928"},{"taxonomy":"product_cat","embeddable":true,"href":"https:\/\/digalco.com\/fr\/wp-json\/wp\/v2\/product_cat?post=230928"},{"taxonomy":"product_tag","embeddable":true,"href":"https:\/\/digalco.com\/fr\/wp-json\/wp\/v2\/product_tag?post=230928"}],"curies":[{"name":"wp","href":"https:\/\/api.w.org\/{rel}","templated":true}]}}