{"id":231478,"date":"2024-12-04T09:55:36","date_gmt":"2024-12-04T08:55:36","guid":{"rendered":"https:\/\/digalco.com\/tienda\/panasonic-toughbook-fz-g1-mk5-rugged-101-reconditionne-core-i5-26ghz-8-gb-ram-256-gb-ssd-m2-1920x1200-fr-13031\/"},"modified":"2026-05-07T12:07:26","modified_gmt":"2026-05-07T10:07:26","slug":"panasonic-toughbook-fz-g1-mk5-rugged-101-reconditionne-core-i5-26ghz-8-gb-ram-256-gb-ssd-m2-1920x1200-fr-13031","status":"publish","type":"product","link":"https:\/\/digalco.com\/fr\/produit\/panasonic-toughbook-fz-g1-mk5-rugged-101-reconditionne-core-i5-26ghz-8-gb-ram-256-gb-ssd-m2-1920x1200-fr-13031\/","title":{"rendered":"Panasonic ToughBook FZ-G1 MK5 Rugged 10.1\u00a0\u00bb | Reconditionn\u00e9 | Core i5 2.6GHz | 8 GB RAM | 256 GB SSD M2 1920&#215;1200"},"content":{"rendered":"<p><strong>Processeur<\/strong><br \/>Intel Core i5 7300U 2.6 GHz.<br \/><strong>M\u00e9moire RAM<\/strong><br \/>8 Gb. SO-DDR3 RAM<br \/><strong>Disque dur<\/strong><br \/>256 Gb. SSD M2<br \/><strong>Cartes<\/strong><br \/>Graphique: Intel Graphics 620<br \/>Son: Realtek Audio<br \/><strong>Syst\u00e8me op\u00e9ratif<\/strong><br \/>Windows 10 Pro<br \/><strong>Ports<\/strong><br \/>USB 3.0<br \/><strong>\u00c9cran<\/strong><br \/>Tactile 10.1 \u00a0\u00bb FullHD 16:9  \u00b7 R\u00e9solution 1920&#215;1200<br \/><strong>Ports vid\u00e9o<\/strong><br \/>HDMI<br \/><strong>Multim\u00e9dias<\/strong><br \/>Cam\u00e9ra arri\u00e8re<br \/>Cam\u00e9ra frontale<br \/><strong>Connectivit\u00e9<\/strong><br \/>WIFI<br \/>Bluetooth<br \/><strong>Autres<\/strong><br \/>hR emballage<br \/><strong>Dimensions<\/strong><br \/>28x20x4 cm.<br \/><strong>Poids<\/strong><br \/>1.40 Kg.<br \/><strong>Sp\u00e9cifications suppl\u00e9mentaires<\/strong><br \/>Le Panasonic Toughbook FZ-G1 MK5 est une tablette robuste con\u00e7ue pour les performances et l&rsquo;endurance dans les environnements extr\u00eames. Il est id\u00e9al pour les professionnels de secteurs tels que la d\u00e9fense, la construction, la logistique et les services d&rsquo;urgence. Sa conception compacte et l\u00e9g\u00e8re ne compromet pas la robustesse, offrant une solution mobile efficace dans des conditions d\u00e9favorables. <br \/>\u00c9quip\u00e9 d&rsquo;un \u00e9cran tactile FullHD de 10,1&Prime;, il est visible en plein soleil et utilisable avec des gants ou un stylet inclus. Sa construction robuste et le TPM 2.0 garantissent une s\u00e9curit\u00e9 avanc\u00e9e et une protection des donn\u00e9es \u00e0 tout moment.<br \/> <b>Robuste caract\u00e9ristiques :<\/b><br \/><u>R\u00e9sistance aux chocs :<\/u> R\u00e9siste aux chutes jusqu&rsquo;\u00e0 1,2 m\u00e8tres, id\u00e9al pour les travaux en domaine.<br \/><u>Protection contre la poussi\u00e8re et l&rsquo;eau :<\/u> Certification IP-65, garantissant une protection totale contre la poussi\u00e8re et les jets d&rsquo;eau sous pression.<br \/><u>Plage de temp\u00e9rature :<\/u> Fonctionnement \u00e0 des temp\u00e9ratures de -10\u00b0C \u00e0 50\u00b0C, parfait pour les environnements difficiles.<br \/><u>Affichage renforc\u00e9 :<\/u> L&rsquo;\u00e9cran de 10,1&Prime; est tactile, lisible \u00e0 la lumi\u00e8re du soleil et utilisable avec des gants, am\u00e9liorant ainsi l&rsquo;exp\u00e9rience. en ext\u00e9rieur.<br \/><b>Certifications robustes :<\/b><br \/><u>MIL-STD-810G :<\/u> R\u00e9sistance aux chocs, aux vibrations, \u00e0 l&rsquo;humidit\u00e9, \u00e0 la poussi\u00e8re et aux temp\u00e9ratures extr\u00eames, conforme aux normes militaires.<br \/><u>IP-65 :<\/u> Protection contre la poussi\u00e8re et les jets d&rsquo;eau de toutes directions.<br \/><u>MIL-STD-461F :<\/u> Garantit un fonctionnement sans interf\u00e9rence \u00e9lectromagn\u00e9tique, essentiel dans les applications industrielles et militaire.<br \/>Bon aspect ext\u00e9rieur. Regardez dans \u00ab + Photos \u00bb et \u00ab Vid\u00e9o \u00bb et si vous avez des questions, appelez-nous ou utilisez notre chat pour plus d&rsquo;informations ou pour demander plus de d\u00e9tails.<\/p>\n<p><strong>Commentaires<\/strong><br \/><u>Batterie haute capacit\u00e9 &#8211; Comprend une poign\u00e9e &#8211; Comprend un crayon<\/u><\/p>\n","protected":false},"excerpt":{"rendered":"<p>Intel Core i5 7300U 2.6 GHz. \u00b7 8 Gb. SO-DDR3 RAM \u00b7 256 Gb. SSD M2 \u00b7 Windows 10 Pro \u00b7 Tactile 10.1 \u00a0\u00bb FullHD 16:9 \u00b7<br \/>\n<strong>Batterie haute capacit\u00e9 &#8211; Comprend une poign\u00e9e &#8211; Comprend un crayon<\/strong> [&#8230;]<\/p>\n<p><a class=\"btn btn-secondary understrap-read-more-link\" href=\"https:\/\/digalco.com\/fr\/produit\/panasonic-toughbook-fz-g1-mk5-rugged-101-reconditionne-core-i5-26ghz-8-gb-ram-256-gb-ssd-m2-1920x1200-fr-13031\/\">Lire la suite\u2026<span class=\"screen-reader-text\"> from Panasonic ToughBook FZ-G1 MK5 Rugged 10.1\u00a0\u00bb | Reconditionn\u00e9 | Core i5 2.6GHz | 8 GB RAM | 256 GB SSD M2 1920&#215;1200<\/span><\/a><\/p>\n","protected":false},"featured_media":231423,"template":"","meta":[],"product_brand":[3873],"product_cat":[1593,3110,1581,3696],"product_tag":[],"class_list":{"0":"post-231478","1":"product","2":"type-product","3":"status-publish","4":"has-post-thumbnail","6":"product_brand-panasonic","7":"product_cat-ruggerized-fr","8":"product_cat-tablettes-ruggerized-fr","9":"product_cat-tablettes-fr","10":"product_cat-ruggerized-tablettes-fr","12":"first","13":"instock","14":"taxable","15":"shipping-taxable","16":"purchasable","17":"product-type-simple"},"bundled_by":[],"bundle_stock_status":"instock","bundle_stock_quantity":2,"bundle_virtual":false,"bundle_layout":"","bundle_add_to_cart_form_location":"","bundle_editable_in_cart":false,"bundle_sold_individually_context":"","bundle_item_grouping":"","bundle_min_size":"","bundle_max_size":"","bundle_price":[],"bundled_items":[],"bundle_sell_ids":[],"exclude_global_add_ons":true,"addons":{"docking-station-upgrades":{"name":"Extension Docking Station","type":"multiple_choice","position":0,"required":false,"title_format":"heading","default":"","description_enable":false,"description":"","placeholder_enable":false,"placeholder":"","display":"radiobutton","restrictions_type":"any_text","adjust_price":false,"price":"","price_type":"quantity_based","restrictions":false,"min":"0","max":"0","options":[{"label":"Panasonic Docking ToughPad FZ-VEBG11 [AMP00128]","price":"100.0000","price_type":"quantity_based","image":0,"visibility":true}]},"os-upgrades":{"name":"Expansion SO","type":"multiple_choice","position":0,"required":false,"title_format":"heading","default":"","description_enable":false,"description":"","placeholder_enable":false,"placeholder":"","display":"radiobutton","restrictions_type":"any_text","adjust_price":false,"price":"","price_type":"quantity_based","restrictions":false,"min":"0","max":"0","options":[{"label":"Changer la langue en fran\u00e7ais [AMP00125]","price":"0.0000","price_type":"quantity_based","image":0,"visibility":true},{"label":"Changer la langue en anglais [AMP00008]","price":"0.0000","price_type":"quantity_based","image":0,"visibility":true},{"label":"Changer la langue en portugais [AMP00009]","price":"0.0000","price_type":"quantity_based","image":0,"visibility":true}]}},"df_price":391,"df_sale_price":"","df_regular_price":391,"df_image_link":"https:\/\/digalco.com\/wp-content\/uploads\/images\/product\/13031\/pana00114_01-300x225.jpg","_links":{"self":[{"href":"https:\/\/digalco.com\/fr\/wp-json\/wp\/v2\/product\/231478","targetHints":{"allow":["GET"]}}],"collection":[{"href":"https:\/\/digalco.com\/fr\/wp-json\/wp\/v2\/product"}],"about":[{"href":"https:\/\/digalco.com\/fr\/wp-json\/wp\/v2\/types\/product"}],"wp:featuredmedia":[{"embeddable":true,"href":"https:\/\/digalco.com\/fr\/wp-json\/wp\/v2\/media\/231423"}],"wp:attachment":[{"href":"https:\/\/digalco.com\/fr\/wp-json\/wp\/v2\/media?parent=231478"}],"wp:term":[{"taxonomy":"product_brand","embeddable":true,"href":"https:\/\/digalco.com\/fr\/wp-json\/wp\/v2\/product_brand?post=231478"},{"taxonomy":"product_cat","embeddable":true,"href":"https:\/\/digalco.com\/fr\/wp-json\/wp\/v2\/product_cat?post=231478"},{"taxonomy":"product_tag","embeddable":true,"href":"https:\/\/digalco.com\/fr\/wp-json\/wp\/v2\/product_tag?post=231478"}],"curies":[{"name":"wp","href":"https:\/\/api.w.org\/{rel}","templated":true}]}}