{"id":231553,"date":"2024-12-05T09:44:57","date_gmt":"2024-12-05T08:44:57","guid":{"rendered":"https:\/\/digalco.com\/tienda\/switch-cisco-air-ct5760-250-k9-wireless-controller-reconditionne-fr-12484\/"},"modified":"2024-12-10T17:43:50","modified_gmt":"2024-12-10T16:43:50","slug":"switch-cisco-air-ct5760-250-k9-wireless-controller-reconditionne-fr-12484","status":"publish","type":"product","link":"https:\/\/digalco.com\/fr\/produit\/switch-cisco-air-ct5760-250-k9-wireless-controller-reconditionne-fr-12484\/","title":{"rendered":"Switch CISCO AIR-CT5760-25-K9 Wireless Controller | Reconditionn\u00e9"},"content":{"rendered":"<p><strong>G\u00e9n\u00e9rale imprimante<\/strong><br \/>Switch<br \/><strong>Ports r\u00e9seau<\/strong><br \/>Ethernet 1000 Mbps.<br \/>6x Fibre 1000 Mbps.<br \/><strong>Autres<\/strong><br \/>hR emballage<br \/><strong>Dimensions<\/strong><br \/>44.5x45x4.5 cm.<br \/><strong>Poids<\/strong><br \/>10.00 Kg.<br \/><strong>Sp\u00e9cifications suppl\u00e9mentaires<\/strong><br \/>Le contr\u00f4leur sans fil Cisco 5700 Series AIR-CT5760-250-K9 est un contr\u00f4leur r\u00e9seau sans fil con\u00e7u pour g\u00e9rer jusqu&rsquo;\u00e0 25 points d&rsquo;acc\u00e8s (AP) Cisco simultan\u00e9ment. <br \/>Il appartient \u00e0 la s\u00e9rie Cisco 5700, ax\u00e9e sur l&rsquo;offre de capacit\u00e9s et de performances \u00e9lev\u00e9es pour les r\u00e9seaux d&rsquo;entreprise.<br \/><b>Caract\u00e9ristiques principales :<\/b><br \/><u>Interfaces :<\/u> 6 ports SFP extension (ports de liaison montante 1 Gbit\/s et 10 Gbit\/s) pour la connectivit\u00e9 fibre optique.<br \/><u>Ports de gestion :<\/u> 1 port de gestion d\u00e9di\u00e9 (RJ-45).<br \/>Console : RS-232 et mini-USB pour acc\u00e8s CLI (interface de ligne de commande).<br \/><u>S\u00e9curit\u00e9 sans fil :<\/u> Prise en charge du cryptage AES, DES, 3DES et TLS.<br \/><u>Authentification avanc\u00e9e : <\/u> RADIUS, IEEE 802.1X, TACACS+ et AAA.<br \/>Prend en charge les protocoles de s\u00e9curit\u00e9 r\u00e9seau tels que IPSec et SHA-1.<br \/><u>Fonctions de gestion :<\/u> Administration Web (HTTP\/HTTPS).<br \/>Gestion de ligne de commande (CLI) et prise en charge de SNMP v1, v2c, v3.<br \/>Compatible avec Cisco Prime Infrastructure pour une gestion unifi\u00e9e du r\u00e9seau.<br \/><u>Qualit\u00e9 de service (QoS) :<\/u> Optimisation du trafic pour les applications critiques et contr\u00f4le de la bande passante.<br \/>Dimensions et puissance :<br \/><u>Taille :<\/u> 44,5 x 44,7 x 4,5 cm.<br \/><u>Entr\u00e9e de tension :<\/u> 110-220 V AC.<br \/>Ce contr\u00f4leur est con\u00e7u pour les environnements d&rsquo;entreprise de forte demande, garantissant une gestion s\u00e9curis\u00e9e et efficace des r\u00e9seaux sans fil complexes<\/p>\n<p><strong>Commentaires<\/strong><br \/><u>Jusqu&rsquo;\u00e0 25 points d&rsquo;acc\u00e8s &#8211; Gestion 1xRJ45 &#8211; 1xGigabit Ethernet &#8211; 1xUSB &#8211; 2xUSB TypeA &#8211; 6 ports d&rsquo;extension SFP<\/u><\/p>\n","protected":false},"excerpt":{"rendered":"<p>Switch \u00b7 Ethernet 1000 Mbps. \u00b7 6x Fibre 1000 Mbps. \u00b7 Montage en rack \u00b7 <u>Jusqu&rsquo;\u00e0 25 points d&rsquo;acc\u00e8s &#8211; Gestion 1xRJ45 &#8211; 1xGigabit Ethernet &#8211; 1xUSB &#8211; 2xUSB TypeA &#8211; 6 ports d&rsquo;extension SFP<\/u> [&#8230;]<\/p>\n<p><a class=\"btn btn-secondary understrap-read-more-link\" href=\"https:\/\/digalco.com\/fr\/produit\/switch-cisco-air-ct5760-250-k9-wireless-controller-reconditionne-fr-12484\/\">Lire la suite\u2026<span class=\"screen-reader-text\"> from Switch CISCO AIR-CT5760-25-K9 Wireless Controller | Reconditionn\u00e9<\/span><\/a><\/p>\n","protected":false},"featured_media":231548,"template":"","meta":[],"product_brand":[3882],"product_cat":[3795,1665],"product_tag":[],"class_list":{"0":"post-231553","1":"product","2":"type-product","3":"status-publish","4":"has-post-thumbnail","6":"product_brand-cisco","7":"product_cat-networking-wireless-fr","8":"product_cat-networking-fr","10":"first","11":"instock","12":"taxable","13":"shipping-taxable","14":"purchasable","15":"product-type-simple"},"bundled_by":[],"bundle_stock_status":"instock","bundle_stock_quantity":1,"bundle_virtual":false,"bundle_layout":"","bundle_add_to_cart_form_location":"","bundle_editable_in_cart":false,"bundle_sold_individually_context":"","bundle_item_grouping":"","bundle_min_size":"","bundle_max_size":"","bundle_price":[],"bundled_items":[],"bundle_sell_ids":[],"exclude_global_add_ons":[],"addons":[],"df_price":287,"df_sale_price":"","df_regular_price":287,"df_image_link":"https:\/\/digalco.com\/wp-content\/uploads\/images\/product\/12484\/cisc00086_01-300x225.jpg","_links":{"self":[{"href":"https:\/\/digalco.com\/fr\/wp-json\/wp\/v2\/product\/231553","targetHints":{"allow":["GET"]}}],"collection":[{"href":"https:\/\/digalco.com\/fr\/wp-json\/wp\/v2\/product"}],"about":[{"href":"https:\/\/digalco.com\/fr\/wp-json\/wp\/v2\/types\/product"}],"wp:featuredmedia":[{"embeddable":true,"href":"https:\/\/digalco.com\/fr\/wp-json\/wp\/v2\/media\/231548"}],"wp:attachment":[{"href":"https:\/\/digalco.com\/fr\/wp-json\/wp\/v2\/media?parent=231553"}],"wp:term":[{"taxonomy":"product_brand","embeddable":true,"href":"https:\/\/digalco.com\/fr\/wp-json\/wp\/v2\/product_brand?post=231553"},{"taxonomy":"product_cat","embeddable":true,"href":"https:\/\/digalco.com\/fr\/wp-json\/wp\/v2\/product_cat?post=231553"},{"taxonomy":"product_tag","embeddable":true,"href":"https:\/\/digalco.com\/fr\/wp-json\/wp\/v2\/product_tag?post=231553"}],"curies":[{"name":"wp","href":"https:\/\/api.w.org\/{rel}","templated":true}]}}