{"id":231677,"date":"2024-12-05T13:52:42","date_gmt":"2024-12-05T12:52:42","guid":{"rendered":"https:\/\/digalco.com\/tienda\/hp-probook-640-g2-bateria-nueva-14-reconditionne-core-i5-24ghz-8-gb-ram-500-gb-ssd-1920x1080-fr-13099\/"},"modified":"2026-04-24T13:22:43","modified_gmt":"2026-04-24T11:22:43","slug":"hp-probook-640-g2-bateria-nueva-14-reconditionne-core-i5-24ghz-8-gb-ram-500-gb-ssd-1920x1080-fr-13099","status":"publish","type":"product","link":"https:\/\/digalco.com\/fr\/produit\/hp-probook-640-g2-bateria-nueva-14-reconditionne-core-i5-24ghz-8-gb-ram-500-gb-ssd-1920x1080-fr-13099\/","title":{"rendered":"HP ProBook 640 G2-Bater\u00eda Nueva 14\u00a0\u00bb | Reconditionn\u00e9 | Core i5 2.4GHz | 8 GB RAM | 500 GB SSD 1920&#215;1080"},"content":{"rendered":"<p><strong>Processeur<\/strong><br \/>Intel Core i5 6300U 2.4 GHz.<br \/><strong>M\u00e9moire RAM<\/strong><br \/>8 Gb. SO-DDR4 RAM<br \/><strong>Disque dur<\/strong><br \/>500 Gb. SSD<br \/><strong>Cartes<\/strong><br \/>Graphique: Intel Hd Graphics 520<br \/>Son: High Definition Audio<br \/>R\u00e9seau: Intel Ethernet Connection I219-LM<br \/><strong>Syst\u00e8me op\u00e9ratif<\/strong><br \/>Windows 10 Pro<br \/><strong>Ports<\/strong><br \/>2x USB 3.0<br \/>USB-C<br \/><strong>\u00c9cran<\/strong><br \/>Led 14 \u00a0\u00bb FullHD 16:9  \u00b7 R\u00e9solution 1920&#215;1080<br \/><strong>Ports vid\u00e9o<\/strong><br \/>VGA<br \/>Display Port<br \/><strong>Multim\u00e9dias<\/strong><br \/>Webcam<br \/>Lecteur SD<br \/>Lecteur carte d&rsquo;identit\u00e9<br \/><strong>Connectivit\u00e9<\/strong><br \/>RJ-45<br \/>WIFI<br \/>Bluetooth<br \/>4G<br \/><strong>Notebook sp\u00e9cifique<\/strong><br \/>Langue du clavier Espagnol<br \/><strong>Autres<\/strong><br \/>hR emballage<br \/><strong>Dimensions<\/strong><br \/>34&#215;23.5&#215;2.9 cm.<br \/><strong>Poids<\/strong><br \/>1.80 Kg.<br \/><strong>Sp\u00e9cifications suppl\u00e9mentaires<\/strong><br \/>Le HP ProBook 640 G2 est un choix id\u00e9al pour les professionnels recherchant un \u00e9quilibre entre performances et s\u00e9curit\u00e9. Equip\u00e9 d&rsquo;un processeur Intel Core i5-6300U cadenc\u00e9 \u00e0 2,4 GHz et de 8 Go de RAM DDR4, il offre des performances efficaces pour le multit\u00e2che et la productivit\u00e9 au quotidien. Son SSD de 500 Go offre un stockage rapide et fiable, am\u00e9liorant la vitesse de d\u00e9marrage et le chargement des applications.<br \/>L&rsquo;\u00e9cran LED Full HD de 14&Prime; avec une r\u00e9solution de 1920 x 1080 garantit un affichage clair et pr\u00e9cis, parfait pour travailler dans n&rsquo;importe quel environnement. De plus, il comprend un webcam int\u00e9gr\u00e9e, lecteur d&#8217;empreintes digitales et lecteur d&rsquo;identification, assurant une couche de s\u00e9curit\u00e9 suppl\u00e9mentaire Avec un emplacement M.2 2280 pour un stockage suppl\u00e9mentaire et une nouvelle batterie, ce mod\u00e8le est pr\u00e9par\u00e9 pour de longues journ\u00e9es d&rsquo;utilisation. travailler.<br \/>Avec Windows 10 Professionnel, c&rsquo;est une solution id\u00e9ale pour les professionnels et les entreprises \u00e0 la recherche d&rsquo;efficacit\u00e9, de s\u00e9curit\u00e9 et de durabilit\u00e9.<br \/>HP ProBook 640 G2 : puissance et protection dans un ordinateur portable professionnel abordable.<br \/>Belle apparence l&rsquo;ext\u00e9rieur. Regardez dans \u00ab + Photos \u00bb et \u00ab Vid\u00e9o \u00bb et si vous avez des questions, appelez-nous ou utilisez notre chat pour plus d&rsquo;informations ou pour demander plus de d\u00e9tails.<\/p>\n<p><strong>Commentaires<\/strong><br \/><u>Nouvelle batterie &#8211; 1xM.2 2280 pour le stockage<\/u><\/p>\n","protected":false},"excerpt":{"rendered":"<p>Intel Core i5 6300U 2.4 GHz. \u00b7 8 Gb. SO-DDR4 RAM \u00b7 500 Gb. SSD \u00b7 Windows 10 Pro \u00b7 Led 14 \u00a0\u00bb FullHD 16:9  \u00b7 R\u00e9solution 1920&#215;1080 \u00b7 Webcam \u00b7 Lecteur SD \u00b7 Lecteur carte d&rsquo;identit\u00e9 \u00b7 <u>Nouvelle batterie &#8211; 1xM.2 2280 pour le stockage<\/u> [&#8230;]<\/p>\n<p><a class=\"btn btn-secondary understrap-read-more-link\" href=\"https:\/\/digalco.com\/fr\/produit\/hp-probook-640-g2-bateria-nueva-14-reconditionne-core-i5-24ghz-8-gb-ram-500-gb-ssd-1920x1080-fr-13099\/\">Lire la suite\u2026<span class=\"screen-reader-text\"> from HP ProBook 640 G2-Bater\u00eda Nueva 14\u00a0\u00bb | Reconditionn\u00e9 | Core i5 2.4GHz | 8 GB RAM | 500 GB SSD 1920&#215;1080<\/span><\/a><\/p>\n","protected":false},"featured_media":231637,"template":"","meta":[],"product_brand":[3854],"product_cat":[3760,1517],"product_tag":[],"class_list":{"0":"post-231677","1":"product","2":"type-product","3":"status-publish","4":"has-post-thumbnail","6":"product_brand-hp","7":"product_cat-notebooks-14-fr","8":"product_cat-notebooks-fr","10":"first","11":"outofstock","12":"taxable","13":"shipping-taxable","14":"purchasable","15":"product-type-simple"},"bundled_by":[],"bundle_stock_status":"outofstock","bundle_stock_quantity":0,"bundle_virtual":false,"bundle_layout":"","bundle_add_to_cart_form_location":"","bundle_editable_in_cart":false,"bundle_sold_individually_context":"","bundle_item_grouping":"","bundle_min_size":"","bundle_max_size":"","bundle_price":[],"bundled_items":[],"bundle_sell_ids":[],"exclude_global_add_ons":true,"addons":{"keyboard-iso-upgrades":{"name":"Choisir langue du clavier","type":"multiple_choice","position":0,"required":false,"title_format":"heading","default":"","description_enable":false,"description":"","placeholder_enable":false,"placeholder":"","display":"radiobutton","restrictions_type":"any_text","adjust_price":false,"price":"","price_type":"quantity_based","restrictions":false,"min":"0","max":"0","options":[{"label":"Autocollants fran\u00e7ais [AMP00084]","price":"0.0000","price_type":"quantity_based","image":0,"visibility":true},{"label":"Autocollants portugais [AMP00083]","price":"0.0000","price_type":"quantity_based","image":0,"visibility":true}]},"docking-station-upgrades":{"name":"Extension Docking Station","type":"multiple_choice","position":0,"required":false,"title_format":"heading","default":"","description_enable":false,"description":"","placeholder_enable":false,"placeholder":"","display":"radiobutton","restrictions_type":"any_text","adjust_price":false,"price":"","price_type":"quantity_based","restrictions":false,"min":"0","max":"0","options":[{"label":"HP Ultra Slim Dock 2013 [AMP00160]","price":"9.0000","price_type":"quantity_based","image":0,"visibility":true}]},"ram-memory-upgrades":{"name":"Extension RAM","type":"multiple_choice","position":0,"required":false,"title_format":"heading","default":"","description_enable":false,"description":"","placeholder_enable":false,"placeholder":"","display":"radiobutton","restrictions_type":"any_text","adjust_price":false,"price":"","price_type":"quantity_based","restrictions":false,"min":"0","max":"0","options":[{"label":"Extension de 16 Gb Gb de RAM SO-DIMM DDR4 [AMP00081]","price":"60.0000","price_type":"quantity_based","image":0,"visibility":true}]},"hdd-upgrades":{"name":"Extension disque dur","type":"multiple_choice","position":0,"required":false,"title_format":"heading","default":"","description_enable":false,"description":"","placeholder_enable":false,"placeholder":"","display":"radiobutton","restrictions_type":"any_text","adjust_price":false,"price":"","price_type":"quantity_based","restrictions":false,"min":"0","max":"0","options":[{"label":"Passez au disque SSD 1 Tb. [AMP00071]","price":"95.0000","price_type":"quantity_based","image":0,"visibility":true},{"label":"Passez au disque SSD 1 Tb. M.2 2280 PCIe [AMP00107]","price":"165.0000","price_type":"quantity_based","image":0,"visibility":true},{"label":"SSD suppl\u00e9mentaire 500 Gb. M.2 2280 PCIe [AMP00108]","price":"115.0000","price_type":"quantity_based","image":0,"visibility":true},{"label":"Disque SSD de 1 Tb. M.2 2280 PCIe suppl\u00e9mentaire [AMP00109]","price":"170.0000","price_type":"quantity_based","image":0,"visibility":true}]},"os-upgrades":{"name":"Expansion SO","type":"multiple_choice","position":0,"required":false,"title_format":"heading","default":"","description_enable":false,"description":"","placeholder_enable":false,"placeholder":"","display":"radiobutton","restrictions_type":"any_text","adjust_price":false,"price":"","price_type":"quantity_based","restrictions":false,"min":"0","max":"0","options":[{"label":"Changer la langue en fran\u00e7ais [AMP00125]","price":"0.0000","price_type":"quantity_based","image":0,"visibility":true},{"label":"Changer la langue en anglais [AMP00008]","price":"0.0000","price_type":"quantity_based","image":0,"visibility":true},{"label":"Changer la langue en portugais [AMP00009]","price":"0.0000","price_type":"quantity_based","image":0,"visibility":true}]},"briefcase-upgrades":{"name":"Porte-documents","type":"multiple_choice","position":0,"required":false,"title_format":"heading","default":"","description_enable":false,"description":"","placeholder_enable":false,"placeholder":"","display":"radiobutton","restrictions_type":"any_text","adjust_price":false,"price":"","price_type":"quantity_based","restrictions":false,"min":"0","max":"0","options":[{"label":"Mallette Notebook [AMP00041]","price":"5.0000","price_type":"quantity_based","image":0,"visibility":true}]}},"df_price":193,"df_sale_price":"","df_regular_price":193,"df_image_link":"https:\/\/digalco.com\/wp-content\/uploads\/images\/product\/13099\/hp02840_01-300x225.jpg","_links":{"self":[{"href":"https:\/\/digalco.com\/fr\/wp-json\/wp\/v2\/product\/231677","targetHints":{"allow":["GET"]}}],"collection":[{"href":"https:\/\/digalco.com\/fr\/wp-json\/wp\/v2\/product"}],"about":[{"href":"https:\/\/digalco.com\/fr\/wp-json\/wp\/v2\/types\/product"}],"wp:featuredmedia":[{"embeddable":true,"href":"https:\/\/digalco.com\/fr\/wp-json\/wp\/v2\/media\/231637"}],"wp:attachment":[{"href":"https:\/\/digalco.com\/fr\/wp-json\/wp\/v2\/media?parent=231677"}],"wp:term":[{"taxonomy":"product_brand","embeddable":true,"href":"https:\/\/digalco.com\/fr\/wp-json\/wp\/v2\/product_brand?post=231677"},{"taxonomy":"product_cat","embeddable":true,"href":"https:\/\/digalco.com\/fr\/wp-json\/wp\/v2\/product_cat?post=231677"},{"taxonomy":"product_tag","embeddable":true,"href":"https:\/\/digalco.com\/fr\/wp-json\/wp\/v2\/product_tag?post=231677"}],"curies":[{"name":"wp","href":"https:\/\/api.w.org\/{rel}","templated":true}]}}