{"id":231702,"date":"2024-12-05T17:17:19","date_gmt":"2024-12-05T16:17:19","guid":{"rendered":"https:\/\/digalco.com\/tienda\/switch-cisco-ws-c3750x-12s-e-reconditionne-fr-12472\/"},"modified":"2024-12-10T17:33:25","modified_gmt":"2024-12-10T16:33:25","slug":"switch-cisco-ws-c3750x-12s-e-reconditionne-fr-12472","status":"publish","type":"product","link":"https:\/\/digalco.com\/fr\/produit\/switch-cisco-ws-c3750x-12s-e-reconditionne-fr-12472\/","title":{"rendered":"Switch CISCO WS-C3750X-12S-E | Reconditionn\u00e9"},"content":{"rendered":"<p><strong>G\u00e9n\u00e9rale imprimante<\/strong><br \/>Switch<br \/><strong>Ports r\u00e9seau<\/strong><br \/>Ethernet 100 Mbps.<br \/>12x Fibre 1000 Mbps.<br \/><strong>Autres<\/strong><br \/>hR emballage<br \/><strong>Dimensions<\/strong><br \/>44.5x46x4.5 cm.<br \/><strong>Poids<\/strong><br \/>6.80 Kg.<br \/><strong>Sp\u00e9cifications suppl\u00e9mentaires<\/strong><br \/>Le Cisco WS-C3750X-12S-E est un commutateur de niveau entreprise dot\u00e9 de 12 ports Gigabit Ethernet SFP (fibre optique). Il offre des fonctionnalit\u00e9s avanc\u00e9es de couche 3, notamment le routage, une qualit\u00e9 de service am\u00e9lior\u00e9e, la redondance et la haute disponibilit\u00e9. Il fait partie de la s\u00e9rie Catalyst 3750-X, connue pour son \u00e9volutivit\u00e9, avec prise en charge de l&#8217;empilage (StackWise Plus) et de la redondance avec des alimentations modulaires. Ce mod\u00e8le est con\u00e7u pour les r\u00e9seaux critiques, offrant une s\u00e9curit\u00e9 avanc\u00e9e, une gestion unifi\u00e9e et des options d&rsquo;extension avec des modules suppl\u00e9mentaires.<\/p>\n","protected":false},"excerpt":{"rendered":"<p>Switch \u00b7 Ethernet 100 Mbps. \u00b7 12x Fibre 1000 Mbps. \u00b7 Montage en rack [&#8230;]<\/p>\n<p><a class=\"btn btn-secondary understrap-read-more-link\" href=\"https:\/\/digalco.com\/fr\/produit\/switch-cisco-ws-c3750x-12s-e-reconditionne-fr-12472\/\">Lire la suite\u2026<span class=\"screen-reader-text\"> from Switch CISCO WS-C3750X-12S-E | Reconditionn\u00e9<\/span><\/a><\/p>\n","protected":false},"featured_media":231697,"template":"","meta":[],"product_brand":[3882],"product_cat":[3787,1665],"product_tag":[],"class_list":{"0":"post-231702","1":"product","2":"type-product","3":"status-publish","4":"has-post-thumbnail","6":"product_brand-cisco","7":"product_cat-networking-switches-fr","8":"product_cat-networking-fr","10":"first","11":"instock","12":"taxable","13":"shipping-taxable","14":"purchasable","15":"product-type-simple"},"bundled_by":[],"bundle_stock_status":"instock","bundle_stock_quantity":3,"bundle_virtual":false,"bundle_layout":"","bundle_add_to_cart_form_location":"","bundle_editable_in_cart":false,"bundle_sold_individually_context":"","bundle_item_grouping":"","bundle_min_size":"","bundle_max_size":"","bundle_price":[],"bundled_items":[],"bundle_sell_ids":[],"exclude_global_add_ons":[],"addons":[],"df_price":120,"df_sale_price":"","df_regular_price":120,"df_image_link":"https:\/\/digalco.com\/wp-content\/uploads\/images\/product\/12472\/cisc00079_01-300x225.jpg","_links":{"self":[{"href":"https:\/\/digalco.com\/fr\/wp-json\/wp\/v2\/product\/231702","targetHints":{"allow":["GET"]}}],"collection":[{"href":"https:\/\/digalco.com\/fr\/wp-json\/wp\/v2\/product"}],"about":[{"href":"https:\/\/digalco.com\/fr\/wp-json\/wp\/v2\/types\/product"}],"wp:featuredmedia":[{"embeddable":true,"href":"https:\/\/digalco.com\/fr\/wp-json\/wp\/v2\/media\/231697"}],"wp:attachment":[{"href":"https:\/\/digalco.com\/fr\/wp-json\/wp\/v2\/media?parent=231702"}],"wp:term":[{"taxonomy":"product_brand","embeddable":true,"href":"https:\/\/digalco.com\/fr\/wp-json\/wp\/v2\/product_brand?post=231702"},{"taxonomy":"product_cat","embeddable":true,"href":"https:\/\/digalco.com\/fr\/wp-json\/wp\/v2\/product_cat?post=231702"},{"taxonomy":"product_tag","embeddable":true,"href":"https:\/\/digalco.com\/fr\/wp-json\/wp\/v2\/product_tag?post=231702"}],"curies":[{"name":"wp","href":"https:\/\/api.w.org\/{rel}","templated":true}]}}