{"id":231712,"date":"2024-12-05T17:25:50","date_gmt":"2024-12-05T16:25:50","guid":{"rendered":"https:\/\/digalco.com\/tienda\/point-dacces-cisco-air-cap2602e-e-k9-v01-reconditionne-fr-12454\/"},"modified":"2024-12-10T17:32:19","modified_gmt":"2024-12-10T16:32:19","slug":"point-dacces-cisco-air-cap2602e-e-k9-v01-reconditionne-fr-12454","status":"publish","type":"product","link":"https:\/\/digalco.com\/fr\/produit\/point-dacces-cisco-air-cap2602e-e-k9-v01-reconditionne-fr-12454\/","title":{"rendered":"Point d&rsquo;acc\u00e8s CISCO AIR-CAP2602E-E-K9 v01 | Reconditionn\u00e9"},"content":{"rendered":"<p><strong>G\u00e9n\u00e9rale imprimante<\/strong><br \/>Point d&rsquo;acc\u00e8s<br \/><strong>Ports r\u00e9seau<\/strong><br \/>Ethernet 1000 Mbps.<br \/><strong>Dimensions<\/strong><br \/>22.5&#215;22.5&#215;5 cm.<br \/><strong>Poids<\/strong><br \/>1.20 Kg.<br \/><strong>Sp\u00e9cifications suppl\u00e9mentaires<\/strong><br \/>Le Cisco AIR-CAP2602E-E-K9 v01 est un point d&rsquo;acc\u00e8s sans fil 802.11n hautes performances con\u00e7u pour les environnements d&rsquo;entreprise. Il dispose de deux radios (2,4 GHz et 5 GHz), prend en charge 3&#215;4 MIMO et offre une vitesse allant jusqu&rsquo;\u00e0 450 Mbps. Utilisez des antennes externes pour une plus grande flexibilit\u00e9 et optimisation de la couverture. Il offre des fonctions avanc\u00e9es telles que la formation de faisceaux, la d\u00e9tection d&rsquo;interf\u00e9rences et la gestion centralis\u00e9e \u00e0 l&rsquo;aide des contr\u00f4leurs Cisco. Il est id\u00e9al pour les d\u00e9ploiements r\u00e9seau avec des besoins de performances \u00e9lev\u00e9s et une densit\u00e9 d&rsquo;utilisateurs mod\u00e9r\u00e9e.<\/p>\n<p><strong>Commentaires<\/strong><br \/><u>2,4\/5 GHz &#8211; PoE &#8211; 1xGigabit Ethernet &#8211; WiFi &#8211; Antenne incluse<\/u><\/p>\n","protected":false},"excerpt":{"rendered":"<p>Point d&rsquo;acc\u00e8s \u00b7 Ethernet 1000 Mbps. \u00b7 <u>2,4\/5 GHz &#8211; PoE &#8211; 1xGigabit Ethernet &#8211; WiFi &#8211; Antenne incluse<\/u> [&#8230;]<\/p>\n<p><a class=\"btn btn-secondary understrap-read-more-link\" href=\"https:\/\/digalco.com\/fr\/produit\/point-dacces-cisco-air-cap2602e-e-k9-v01-reconditionne-fr-12454\/\">Lire la suite\u2026<span class=\"screen-reader-text\"> from Point d&rsquo;acc\u00e8s CISCO AIR-CAP2602E-E-K9 v01 | Reconditionn\u00e9<\/span><\/a><\/p>\n","protected":false},"featured_media":231707,"template":"","meta":[],"product_brand":[3882],"product_cat":[1665,3795],"product_tag":[],"class_list":{"0":"post-231712","1":"product","2":"type-product","3":"status-publish","4":"has-post-thumbnail","6":"product_brand-cisco","7":"product_cat-networking-fr","8":"product_cat-networking-wireless-fr","10":"first","11":"instock","12":"taxable","13":"shipping-taxable","14":"purchasable","15":"product-type-simple"},"bundled_by":[],"bundle_stock_status":"instock","bundle_stock_quantity":18,"bundle_virtual":false,"bundle_layout":"","bundle_add_to_cart_form_location":"","bundle_editable_in_cart":false,"bundle_sold_individually_context":"","bundle_item_grouping":"","bundle_min_size":"","bundle_max_size":"","bundle_price":[],"bundled_items":[],"bundle_sell_ids":[],"exclude_global_add_ons":[],"addons":[],"df_price":60,"df_sale_price":"","df_regular_price":60,"df_image_link":"https:\/\/digalco.com\/wp-content\/uploads\/images\/product\/12454\/cisc00064_01-300x225.jpg","_links":{"self":[{"href":"https:\/\/digalco.com\/fr\/wp-json\/wp\/v2\/product\/231712","targetHints":{"allow":["GET"]}}],"collection":[{"href":"https:\/\/digalco.com\/fr\/wp-json\/wp\/v2\/product"}],"about":[{"href":"https:\/\/digalco.com\/fr\/wp-json\/wp\/v2\/types\/product"}],"wp:featuredmedia":[{"embeddable":true,"href":"https:\/\/digalco.com\/fr\/wp-json\/wp\/v2\/media\/231707"}],"wp:attachment":[{"href":"https:\/\/digalco.com\/fr\/wp-json\/wp\/v2\/media?parent=231712"}],"wp:term":[{"taxonomy":"product_brand","embeddable":true,"href":"https:\/\/digalco.com\/fr\/wp-json\/wp\/v2\/product_brand?post=231712"},{"taxonomy":"product_cat","embeddable":true,"href":"https:\/\/digalco.com\/fr\/wp-json\/wp\/v2\/product_cat?post=231712"},{"taxonomy":"product_tag","embeddable":true,"href":"https:\/\/digalco.com\/fr\/wp-json\/wp\/v2\/product_tag?post=231712"}],"curies":[{"name":"wp","href":"https:\/\/api.w.org\/{rel}","templated":true}]}}