{"id":232367,"date":"2024-12-10T13:26:50","date_gmt":"2024-12-10T12:26:50","guid":{"rendered":"https:\/\/digalco.com\/tienda\/panasonic-toughpad-fz-m1-7-reconditionne-core-i5-12ghz-8-gb-ram-256-gb-ssd-m2-1280x800-fr-12905\/"},"modified":"2026-01-07T15:41:33","modified_gmt":"2026-01-07T14:41:33","slug":"panasonic-toughpad-fz-m1-7-reconditionne-core-i5-12ghz-8-gb-ram-256-gb-ssd-m2-1280x800-fr-12905","status":"publish","type":"product","link":"https:\/\/digalco.com\/fr\/produit\/panasonic-toughpad-fz-m1-7-reconditionne-core-i5-12ghz-8-gb-ram-256-gb-ssd-m2-1280x800-fr-12905\/","title":{"rendered":"Panasonic ToughPad FZ-M1 7\u00a0\u00bb | Reconditionn\u00e9 | Core i5 1.2GHz | 8 GB RAM | 256 GB SSD M2 1280&#215;800"},"content":{"rendered":"<p><strong>Processeur<\/strong><br \/>Intel Core i5 7Y57 1.2 GHz.<br \/><strong>M\u00e9moire RAM<\/strong><br \/>8 Gb. SO-DDR3 RAM<br \/><strong>Disque dur<\/strong><br \/>256 Gb. SSD M2<br \/><strong>Cartes<\/strong><br \/>Graphique: Intel HD Graphics  615<br \/>Son: HD Audio<br \/><strong>Syst\u00e8me op\u00e9ratif<\/strong><br \/>Windows 10 Pro<br \/><strong>Ports<\/strong><br \/>USB 3.0<br \/><strong>\u00c9cran<\/strong><br \/>Tactile 7 \u00a0\u00bb HD 16:9  \u00b7 R\u00e9solution 1280&#215;800<br \/><strong>Multim\u00e9dias<\/strong><br \/>Lecteur carte d&rsquo;identit\u00e9<br \/>Cam\u00e9ra arri\u00e8re<br \/>Cam\u00e9ra frontale<br \/><strong>Connectivit\u00e9<\/strong><br \/>WIFI<br \/>Bluetooth<br \/>4G<br \/><strong>Autres<\/strong><br \/>hR emballage<br \/><strong>Dimensions<\/strong><br \/>20.3&#215;13.2&#215;1.8 cm.<br \/><strong>Poids<\/strong><br \/>0.50 Kg.<br \/><strong>Sp\u00e9cifications suppl\u00e9mentaires<\/strong><br \/>Le Panasonic Toughbook FZ-M1 est une tablette robuste ultra-compacte con\u00e7ue pour les professionnels qui ont besoin de durabilit\u00e9 et de mobilit\u00e9 dans des environnements extr\u00eames. Sa taille portable et son poids l\u00e9ger ne compromettent pas sa r\u00e9sistance, ce qui le rend id\u00e9al pour des secteurs tels que la logistique, la fabrication, la vente au d\u00e9tail et les services d&rsquo;urgence.<br \/>\u00c9quip\u00e9 d&rsquo;un \u00e9cran tactile HD de 7&Prime; utilisable avec des gants, il offre une excellente exp\u00e9rience utilisateur dans Il comprend un lecteur de codes-barres int\u00e9gr\u00e9, ce qui en fait un outil polyvalent pour une lecture rapide et pr\u00e9cise dans les op\u00e9rations logistiques ou commerciales.<br \/><b>Caract\u00e9ristiques robustes :<\/b><br \/><u> R\u00e9sistance aux impacts :<\/u> Con\u00e7u pour r\u00e9sister \u00e0 des chutes jusqu&rsquo;\u00e0 1,5 m\u00e8tres, id\u00e9al pour les travaux sur le terrain et le transport.<br \/><u>Protection contre la poussi\u00e8re et l&rsquo;eau :<\/u> Certification IP-65, garantissant une protection totale contre la poussi\u00e8re et r\u00e9sistance aux jets d&rsquo;eau sous pression.<br \/><u>Plage de temp\u00e9rature :<\/u> Fonctionne dans une plage de -10 \u00b0C \u00e0 50 \u00b0C, s&rsquo;adaptant aux climats et environnements extr\u00eames difficile.<br \/><u>Affichage renforc\u00e9 :<\/u> L&rsquo;\u00e9cran 7&Prime; est lisible et tactile en plein soleil, compatible avec des gants pour une utilisation maximale en ext\u00e9rieur.<br \/><u>Num\u00e9risation int\u00e9gr\u00e9e :<\/u> Le lecteur de codes-barres autorise les donn\u00e9es capture en temps r\u00e9el, am\u00e9liorant l&rsquo;efficacit\u00e9 op\u00e9rationnelle.<br \/><b>Certifications de rug\u00e9risation :<\/b><br \/><u>MIL-STD-810G :<\/u> Garantit la r\u00e9sistance aux chocs, vibrations, humidit\u00e9, pression et temp\u00e9ratures extr\u00eames, r\u00e9pondant aux normes militaires.<br \/><u>IP-65 :<\/u> Protection contre la poussi\u00e8re et les jets d&rsquo;eau de toutes directions.<br \/><u>MIL-STD-461F : <\/u>Fonctionne dans des environnements soumis \u00e0 des interf\u00e9rences \u00e9lectromagn\u00e9tiques, cruciales dans les applications industrielles et militaires.<br \/>Bon aspect ext\u00e9rieur. Il peut y avoir de l\u00e9g\u00e8res traces d&rsquo;utilisation sur le bo\u00eetier. Regardez dans \u00ab + Photos \u00bb et \u00ab Vid\u00e9o \u00bb et si vous avez des questions, appelez-nous ou utilisez notre chat pour plus d&rsquo;informations ou pour demander plus de d\u00e9tails.<br \/><strong>Commentaires<\/strong><br \/><u>Comprend un lecteur de codes-barres<\/u><\/p>\n","protected":false},"excerpt":{"rendered":"<p>Intel Core i5 7Y57 1.2 GHz. \u00b7 8 Gb. SO-DDR3 RAM \u00b7 256 Gb. SSD M2 \u00b7 Windows 10 Pro \u00b7 Tactile 7 \u00a0\u00bb HD 16:9  \u00b7 R\u00e9solution 1280&#215;800 \u00b7 <u>Comprend un lecteur de codes-barres<\/u> [&#8230;]<\/p>\n<p><a class=\"btn btn-secondary understrap-read-more-link\" href=\"https:\/\/digalco.com\/fr\/produit\/panasonic-toughpad-fz-m1-7-reconditionne-core-i5-12ghz-8-gb-ram-256-gb-ssd-m2-1280x800-fr-12905\/\">Lire la suite\u2026<span class=\"screen-reader-text\"> from Panasonic ToughPad FZ-M1 7\u00a0\u00bb | Reconditionn\u00e9 | Core i5 1.2GHz | 8 GB RAM | 256 GB SSD M2 1280&#215;800<\/span><\/a><\/p>\n","protected":false},"featured_media":232327,"template":"","meta":[],"product_brand":[3873],"product_cat":[1593,3110,1581,3696],"product_tag":[],"class_list":{"0":"post-232367","1":"product","2":"type-product","3":"status-publish","4":"has-post-thumbnail","6":"product_brand-panasonic","7":"product_cat-ruggerized-fr","8":"product_cat-tablettes-ruggerized-fr","9":"product_cat-tablettes-fr","10":"product_cat-ruggerized-tablettes-fr","12":"first","13":"instock","14":"taxable","15":"shipping-taxable","16":"purchasable","17":"product-type-simple"},"bundled_by":[],"bundle_stock_status":"instock","bundle_stock_quantity":3,"bundle_virtual":false,"bundle_layout":"","bundle_add_to_cart_form_location":"","bundle_editable_in_cart":false,"bundle_sold_individually_context":"","bundle_item_grouping":"","bundle_min_size":"","bundle_max_size":"","bundle_price":[],"bundled_items":[],"bundle_sell_ids":[],"exclude_global_add_ons":true,"addons":{"os-upgrades":{"name":"Expansion SO","type":"multiple_choice","position":0,"required":false,"title_format":"heading","default":"","description_enable":false,"description":"","placeholder_enable":false,"placeholder":"","display":"radiobutton","restrictions_type":"any_text","adjust_price":false,"price":"","price_type":"quantity_based","restrictions":false,"min":"0","max":"0","options":[{"label":"Changer la langue en fran\u00e7ais [AMP00125]","price":"0.0000","price_type":"quantity_based","image":0,"visibility":true},{"label":"Changer la langue en anglais [AMP00008]","price":"0.0000","price_type":"quantity_based","image":0,"visibility":true},{"label":"Changer la langue en portugais [AMP00009]","price":"0.0000","price_type":"quantity_based","image":0,"visibility":true}]}},"df_price":327,"df_sale_price":"","df_regular_price":327,"df_image_link":"https:\/\/digalco.com\/wp-content\/uploads\/images\/product\/12905\/pana00111_01-300x225.jpg","_links":{"self":[{"href":"https:\/\/digalco.com\/fr\/wp-json\/wp\/v2\/product\/232367","targetHints":{"allow":["GET"]}}],"collection":[{"href":"https:\/\/digalco.com\/fr\/wp-json\/wp\/v2\/product"}],"about":[{"href":"https:\/\/digalco.com\/fr\/wp-json\/wp\/v2\/types\/product"}],"wp:featuredmedia":[{"embeddable":true,"href":"https:\/\/digalco.com\/fr\/wp-json\/wp\/v2\/media\/232327"}],"wp:attachment":[{"href":"https:\/\/digalco.com\/fr\/wp-json\/wp\/v2\/media?parent=232367"}],"wp:term":[{"taxonomy":"product_brand","embeddable":true,"href":"https:\/\/digalco.com\/fr\/wp-json\/wp\/v2\/product_brand?post=232367"},{"taxonomy":"product_cat","embeddable":true,"href":"https:\/\/digalco.com\/fr\/wp-json\/wp\/v2\/product_cat?post=232367"},{"taxonomy":"product_tag","embeddable":true,"href":"https:\/\/digalco.com\/fr\/wp-json\/wp\/v2\/product_tag?post=232367"}],"curies":[{"name":"wp","href":"https:\/\/api.w.org\/{rel}","templated":true}]}}