{"id":232495,"date":"2024-12-11T15:38:49","date_gmt":"2024-12-11T14:38:49","guid":{"rendered":"https:\/\/digalco.com\/tienda\/switch-cisco-air-ct5508-k9-wirelless-controller-reconditionne-fr-12490\/"},"modified":"2024-12-11T15:38:52","modified_gmt":"2024-12-11T14:38:52","slug":"switch-cisco-air-ct5508-k9-wirelless-controller-reconditionne-fr-12490","status":"publish","type":"product","link":"https:\/\/digalco.com\/fr\/produit\/switch-cisco-air-ct5508-k9-wirelless-controller-reconditionne-fr-12490\/","title":{"rendered":"Switch CISCO AIR-CT5508-K9 Wirelless Controller | Reconditionn\u00e9"},"content":{"rendered":"<p><strong>G\u00e9n\u00e9rale imprimante<\/strong><br \/>Switch<br \/><strong>Ports r\u00e9seau<\/strong><br \/>Ethernet 1000 Mbps.<br \/>8x Fibre 1000 Mbps.<br \/><strong>Autres<\/strong><br \/>hR emballage<br \/><strong>Dimensions<\/strong><br \/>44.5x54x4.5 cm.<br \/><strong>Poids<\/strong><br \/>11.00 Kg.<br \/><strong>Sp\u00e9cifications suppl\u00e9mentaires<\/strong><br \/>Le Cisco AIR-CT5508-K9 est un contr\u00f4leur sans fil con\u00e7u pour les r\u00e9seaux d&rsquo;entreprise \u00e0 grande \u00e9chelle. Il prend en charge jusqu&rsquo;\u00e0 500 points d&rsquo;acc\u00e8s et 7 000 clients, offrant une gestion centralis\u00e9e, une haute disponibilit\u00e9 et des fonctionnalit\u00e9s de s\u00e9curit\u00e9 avanc\u00e9es. Il dispose de ports Gigabit Ethernet pour la connectivit\u00e9 et la compatibilit\u00e9 avec les normes 802.11a\/b\/g\/n\/ac. Fournit une qualit\u00e9 de service (QoS) optimis\u00e9e pour les applications critiques et permet l&rsquo;int\u00e9gration avec les solutions de mobilit\u00e9 Cisco, garantissant des performances fiables et \u00e9volutives dans les environnements haute densit\u00e9.<\/p>\n<p><strong>Commentaires<\/strong><br \/><u>Jusqu&rsquo;\u00e0 500 points d&rsquo;acc\u00e8s &#8211; Compatibilit\u00e9 802.11a\/b\/g\/n\/ac<\/u><\/p>\n","protected":false},"excerpt":{"rendered":"<p>Switch \u00b7 Ethernet 1000 Mbps. \u00b7 8x Fibre 1000 Mbps. \u00b7 Montage en rack \u00b7 <u>Jusqu&rsquo;\u00e0 500 points d&rsquo;acc\u00e8s &#8211; Compatibilit\u00e9 802.11a\/b\/g\/n\/ac<\/u> [&#8230;]<\/p>\n<p><a class=\"btn btn-secondary understrap-read-more-link\" href=\"https:\/\/digalco.com\/fr\/produit\/switch-cisco-air-ct5508-k9-wirelless-controller-reconditionne-fr-12490\/\">Lire la suite\u2026<span class=\"screen-reader-text\"> from Switch CISCO AIR-CT5508-K9 Wirelless Controller | Reconditionn\u00e9<\/span><\/a><\/p>\n","protected":false},"featured_media":232490,"template":"","meta":[],"product_brand":[3882],"product_cat":[1665,3795],"product_tag":[],"class_list":{"0":"post-232495","1":"product","2":"type-product","3":"status-publish","4":"has-post-thumbnail","6":"product_brand-cisco","7":"product_cat-networking-fr","8":"product_cat-networking-wireless-fr","10":"first","11":"instock","12":"taxable","13":"shipping-taxable","14":"purchasable","15":"product-type-simple"},"bundled_by":[],"bundle_stock_status":"instock","bundle_stock_quantity":5,"bundle_virtual":false,"bundle_layout":"","bundle_add_to_cart_form_location":"","bundle_editable_in_cart":false,"bundle_sold_individually_context":"","bundle_item_grouping":"","bundle_min_size":"","bundle_max_size":"","bundle_price":[],"bundled_items":[],"bundle_sell_ids":[],"exclude_global_add_ons":[],"addons":[],"df_price":144,"df_sale_price":"","df_regular_price":144,"df_image_link":"https:\/\/digalco.com\/wp-content\/uploads\/images\/product\/12490\/cisc00092_01-300x225.jpg","_links":{"self":[{"href":"https:\/\/digalco.com\/fr\/wp-json\/wp\/v2\/product\/232495","targetHints":{"allow":["GET"]}}],"collection":[{"href":"https:\/\/digalco.com\/fr\/wp-json\/wp\/v2\/product"}],"about":[{"href":"https:\/\/digalco.com\/fr\/wp-json\/wp\/v2\/types\/product"}],"wp:featuredmedia":[{"embeddable":true,"href":"https:\/\/digalco.com\/fr\/wp-json\/wp\/v2\/media\/232490"}],"wp:attachment":[{"href":"https:\/\/digalco.com\/fr\/wp-json\/wp\/v2\/media?parent=232495"}],"wp:term":[{"taxonomy":"product_brand","embeddable":true,"href":"https:\/\/digalco.com\/fr\/wp-json\/wp\/v2\/product_brand?post=232495"},{"taxonomy":"product_cat","embeddable":true,"href":"https:\/\/digalco.com\/fr\/wp-json\/wp\/v2\/product_cat?post=232495"},{"taxonomy":"product_tag","embeddable":true,"href":"https:\/\/digalco.com\/fr\/wp-json\/wp\/v2\/product_tag?post=232495"}],"curies":[{"name":"wp","href":"https:\/\/api.w.org\/{rel}","templated":true}]}}