{"id":232938,"date":"2024-12-16T16:18:32","date_gmt":"2024-12-16T15:18:32","guid":{"rendered":"https:\/\/digalco.com\/tienda\/hp-proliant-dl320-g5-barebone-rack-reconditionne-xeon-24ghz-7-gb-ram-sas-fr-12560\/"},"modified":"2024-12-16T16:18:38","modified_gmt":"2024-12-16T15:18:38","slug":"hp-proliant-dl320-g5-barebone-rack-reconditionne-xeon-24ghz-7-gb-ram-sas-fr-12560","status":"publish","type":"product","link":"https:\/\/digalco.com\/fr\/produit\/hp-proliant-dl320-g5-barebone-rack-reconditionne-xeon-24ghz-7-gb-ram-sas-fr-12560\/","title":{"rendered":"HP ProLiant DL320 G5 Barebone Rack | Reconditionn\u00e9 | Xeon 2.4GHz | 7 GB RAM | SAS"},"content":{"rendered":"<p><strong>Processeur<\/strong><br \/>Intel Xeon 3060 2.4 GHz.<br \/><strong>Facteur de forme<\/strong><br \/>Rack  (1U)<br \/><strong>M\u00e9moire RAM<\/strong><br \/>7 Gb. DDR2 ECC RAM<br \/>4 emplacements (0 vide )<br \/><strong>Disque dur<\/strong><br \/>SAS 3.5\u00a0\u00bb<br \/>2 emplacements<br \/><strong>Lecteur optique<\/strong><br \/>DVD-RW<br \/><strong>Cartes<\/strong><br \/>Graphique: AMD ES1000<br \/>R\u00e9seau: Ethernet Gigabit<br \/><strong>Syst\u00e8me op\u00e9ratif<\/strong><br \/>&#8211; Sans SO &#8211;<br \/><strong>Ports<\/strong><br \/>S\u00e9rie<br \/>2x PS2<br \/>3x USB 3.0<br \/><strong>Connectivit\u00e9<\/strong><br \/>2x RJ-45<br \/><strong>Source de courant<\/strong><br \/>Alimentations<br \/><strong>Autres<\/strong><br \/>hR emballage<br \/><strong>Dimensions<\/strong><br \/>4.5&#215;48.5&#215;68 cm.<br \/><strong>Poids<\/strong><br \/>11.00 Kg.<br \/><strong>Sp\u00e9cifications suppl\u00e9mentaires<\/strong><br \/>Le HP ProLiant DL320 G5 est un serveur compact et fiable, con\u00e7u pour les petites et moyennes entreprises qui ont besoin d&rsquo;une solution hautes performances et peu co\u00fbteuse. Equip\u00e9 d&rsquo;un processeur Intel 2,4 GHz Il comprend 2 baies de disque SATA\/SAS pour des configurations de disque suppl\u00e9mentaires, ainsi qu&rsquo;un lecteur DVD-RW.<br \/>Comprend 2 emplacements PCI, offrant des options d&rsquo;extension pour r\u00e9pondre aux besoins mat\u00e9riels futurs. Compact et efficace, le HP ProLiant DL320 G5 est le choix id\u00e9al pour les entreprises \u00e0 la recherche d&rsquo;un serveur fiable et \u00e9volutif sans compromettre les performances.<br \/>Bel aspect ext\u00e9rieur. Si vous avez des questions, appelez-nous ou utilisez notre chat pour plus d&rsquo;informations ou pour demander plus de d\u00e9tails.<\/p>\n<p><strong>Commentaires<\/strong><br \/><u>2xPCI<\/u><\/p>\n","protected":false},"excerpt":{"rendered":"<p>Intel Xeon 3060 2.4 GHz. \u00b7 7 Gb. DDR2 ECC RAM \u00b7 4 emplacements (0 vide ) \u00b7 SAS 3.5\u00a0\u00bb \u00b7 2 emplacements \u00b7 DVD-RW \u00b7 <u>2xPCI<\/u> [&#8230;]<\/p>\n<p><a class=\"btn btn-secondary understrap-read-more-link\" href=\"https:\/\/digalco.com\/fr\/produit\/hp-proliant-dl320-g5-barebone-rack-reconditionne-xeon-24ghz-7-gb-ram-sas-fr-12560\/\">Lire la suite\u2026<span class=\"screen-reader-text\"> from HP ProLiant DL320 G5 Barebone Rack | Reconditionn\u00e9 | Xeon 2.4GHz | 7 GB RAM | SAS<\/span><\/a><\/p>\n","protected":false},"featured_media":232933,"template":"","meta":[],"product_brand":[3854],"product_cat":[3745,1641,1633],"product_tag":[],"class_list":{"0":"post-232938","1":"product","2":"type-product","3":"status-publish","4":"has-post-thumbnail","6":"product_brand-hp","7":"product_cat-barebone-fr","8":"product_cat-serveurs-rack-fr","9":"product_cat-serveurs-fr","11":"first","12":"instock","13":"taxable","14":"shipping-taxable","15":"purchasable","16":"product-type-simple"},"bundled_by":[],"bundle_stock_status":"instock","bundle_stock_quantity":1,"bundle_virtual":false,"bundle_layout":"","bundle_add_to_cart_form_location":"","bundle_editable_in_cart":false,"bundle_sold_individually_context":"","bundle_item_grouping":"","bundle_min_size":"","bundle_max_size":"","bundle_price":[],"bundled_items":[],"bundle_sell_ids":[],"exclude_global_add_ons":[],"addons":[],"df_price":84,"df_sale_price":"","df_regular_price":84,"df_image_link":"https:\/\/digalco.com\/wp-content\/uploads\/images\/product\/12560\/hp02667_01-300x225.jpg","_links":{"self":[{"href":"https:\/\/digalco.com\/fr\/wp-json\/wp\/v2\/product\/232938","targetHints":{"allow":["GET"]}}],"collection":[{"href":"https:\/\/digalco.com\/fr\/wp-json\/wp\/v2\/product"}],"about":[{"href":"https:\/\/digalco.com\/fr\/wp-json\/wp\/v2\/types\/product"}],"wp:featuredmedia":[{"embeddable":true,"href":"https:\/\/digalco.com\/fr\/wp-json\/wp\/v2\/media\/232933"}],"wp:attachment":[{"href":"https:\/\/digalco.com\/fr\/wp-json\/wp\/v2\/media?parent=232938"}],"wp:term":[{"taxonomy":"product_brand","embeddable":true,"href":"https:\/\/digalco.com\/fr\/wp-json\/wp\/v2\/product_brand?post=232938"},{"taxonomy":"product_cat","embeddable":true,"href":"https:\/\/digalco.com\/fr\/wp-json\/wp\/v2\/product_cat?post=232938"},{"taxonomy":"product_tag","embeddable":true,"href":"https:\/\/digalco.com\/fr\/wp-json\/wp\/v2\/product_tag?post=232938"}],"curies":[{"name":"wp","href":"https:\/\/api.w.org\/{rel}","templated":true}]}}