{"id":233809,"date":"2024-12-23T10:33:20","date_gmt":"2024-12-23T09:33:20","guid":{"rendered":"https:\/\/digalco.com\/tienda\/hp-elitedisplay-e231-23-led-169-faute-1920x1080-fr-13130\/"},"modified":"2025-12-30T11:43:26","modified_gmt":"2025-12-30T10:43:26","slug":"hp-elitedisplay-e231-23-led-169-faute-1920x1080-fr-13130","status":"publish","type":"product","link":"https:\/\/digalco.com\/fr\/produit\/hp-elitedisplay-e231-23-led-169-faute-1920x1080-fr-13130\/","title":{"rendered":"HP EliteDisplay E231 23\u00a0\u00bb Led 16:9 | Faute | 1920&#215;1080"},"content":{"rendered":"<p><strong>\u00c9cran<\/strong><br \/>Led 23 \u00a0\u00bb FullHD 16:9  \u00b7 R\u00e9solution 1920&#215;1080<br \/>Dot pitch 0.265 mm<br \/>R\u00e9ponse 5 ms<br \/>Contraste 1000:1<br \/>Luminosit\u00e9 250 cd\/m2<br \/>Angle vision 170\u00b0v\/160\u00b0h<br \/><strong>Ports vid\u00e9o<\/strong><br \/>VGA<br \/>Display Port<br \/>DVI<br \/><strong>Affichage sp\u00e9cifique<\/strong><br \/>Stand VESA<br \/>Base<br \/>R\u00e9glable en hauteur<br \/><strong>Autres<\/strong><br \/>hR emballage<br \/><strong>Dimensions<\/strong><br \/>54.4x35x24 cm.<br \/><strong>Poids<\/strong><br \/>6.05 Kg.<br \/><strong>Commentaires<\/strong><br \/><u>Pr\u00e9sence de l\u00e9g\u00e8res imperfections sur l&rsquo;\u00e9cran. Il s&rsquo;agit de tr\u00e8s petites taches blanches. Elles n&rsquo;affectent pas significativement la visibilit\u00e9. Toutes les autres fonctions sont op\u00e9rationnelles. Voir \u00ab\u00a0+ Photos\u00a0\u00bb. Pour toute question, n&rsquo;h\u00e9sitez pas \u00e0 nous appeler ou \u00e0 utiliser notre chat pour obtenir plus d&rsquo;informations ou demander des pr\u00e9cisions.<\/u><\/p>\n","protected":false},"excerpt":{"rendered":"<p>Led 23 \u00a0\u00bb FullHD 16:9 \u00b7 R\u00e9solution 1920&#215;1080 \u00b7<u>L\u00e9g\u00e8res marques sur l&rsquo;\u00e9cran (voir dans \u00ab + Photos \u00bb)<\/u> [&#8230;]<\/p>\n<p><a class=\"btn btn-secondary understrap-read-more-link\" href=\"https:\/\/digalco.com\/fr\/produit\/hp-elitedisplay-e231-23-led-169-faute-1920x1080-fr-13130\/\">Lire la suite\u2026<span class=\"screen-reader-text\"> from HP EliteDisplay E231 23\u00a0\u00bb Led 16:9 | Faute | 1920&#215;1080<\/span><\/a><\/p>\n","protected":false},"featured_media":233784,"template":"","meta":[],"product_brand":[3854],"product_cat":[1873,1509,1493,1877],"product_tag":[],"class_list":{"0":"post-233809","1":"product","2":"type-product","3":"status-publish","4":"has-post-thumbnail","6":"product_brand-hp","7":"product_cat-avec-des-defauts-fr","8":"product_cat-moniteurs-avec-des-defauts-fr","9":"product_cat-moniteurs-fr","10":"product_cat-avec-des-defauts-moniteurs-fr","12":"first","13":"instock","14":"taxable","15":"shipping-taxable","16":"purchasable","17":"product-type-simple"},"bundled_by":[],"bundle_stock_status":"instock","bundle_stock_quantity":1,"bundle_virtual":false,"bundle_layout":"","bundle_add_to_cart_form_location":"","bundle_editable_in_cart":false,"bundle_sold_individually_context":"","bundle_item_grouping":"","bundle_min_size":"","bundle_max_size":"","bundle_price":[],"bundled_items":[],"bundle_sell_ids":[],"exclude_global_add_ons":true,"addons":{"hdmi-upgrades":{"name":"Extension c\u00e2ble","type":"multiple_choice","position":0,"required":false,"title_format":"heading","default":"","description_enable":false,"description":"","placeholder_enable":false,"placeholder":"","display":"radiobutton","restrictions_type":"any_text","adjust_price":false,"price":"","price_type":"quantity_based","restrictions":false,"min":"0","max":"0","options":[{"label":"C\u00e2ble DisplayPort vers DisplayPort 1,8 mts. [AMP00103]","price":"8.0000","price_type":"quantity_based","image":0,"visibility":true},{"label":"C\u00e2ble DVI-D M\/M Dual Link 1,8 mts. [AMP00102]","price":"2.0000","price_type":"quantity_based","image":0,"visibility":true}]}},"df_price":50,"df_sale_price":"","df_regular_price":50,"df_image_link":"https:\/\/digalco.com\/wp-content\/uploads\/images\/product\/13130\/hp00597tr02_01-300x225.jpg","_links":{"self":[{"href":"https:\/\/digalco.com\/fr\/wp-json\/wp\/v2\/product\/233809","targetHints":{"allow":["GET"]}}],"collection":[{"href":"https:\/\/digalco.com\/fr\/wp-json\/wp\/v2\/product"}],"about":[{"href":"https:\/\/digalco.com\/fr\/wp-json\/wp\/v2\/types\/product"}],"wp:featuredmedia":[{"embeddable":true,"href":"https:\/\/digalco.com\/fr\/wp-json\/wp\/v2\/media\/233784"}],"wp:attachment":[{"href":"https:\/\/digalco.com\/fr\/wp-json\/wp\/v2\/media?parent=233809"}],"wp:term":[{"taxonomy":"product_brand","embeddable":true,"href":"https:\/\/digalco.com\/fr\/wp-json\/wp\/v2\/product_brand?post=233809"},{"taxonomy":"product_cat","embeddable":true,"href":"https:\/\/digalco.com\/fr\/wp-json\/wp\/v2\/product_cat?post=233809"},{"taxonomy":"product_tag","embeddable":true,"href":"https:\/\/digalco.com\/fr\/wp-json\/wp\/v2\/product_tag?post=233809"}],"curies":[{"name":"wp","href":"https:\/\/api.w.org\/{rel}","templated":true}]}}