{"id":235386,"date":"2025-01-09T11:12:38","date_gmt":"2025-01-09T10:12:38","guid":{"rendered":"https:\/\/digalco.com\/tienda\/panasonic-toughbook-cf-d1n-mk3-133-reconditionne-core-i5-24ghz-16-gb-ram-512-gb-ssd-1366x768-fr-13160\/"},"modified":"2026-04-09T11:52:30","modified_gmt":"2026-04-09T09:52:30","slug":"panasonic-toughbook-cf-d1n-mk3-133-reconditionne-core-i5-24ghz-16-gb-ram-512-gb-ssd-1366x768-fr-13160","status":"publish","type":"product","link":"https:\/\/digalco.com\/fr\/produit\/panasonic-toughbook-cf-d1n-mk3-133-reconditionne-core-i5-24ghz-16-gb-ram-512-gb-ssd-1366x768-fr-13160\/","title":{"rendered":"Panasonic ToughBook Cf-D1N MK3 13.3\u00a0\u00bb | Reconditionn\u00e9 | Core i5 2.4GHz | 16 GB RAM | 512 GB SSD 1366&#215;768"},"content":{"rendered":"<p><strong>Processeur<\/strong><br \/>Intel Core i5 6300U 2.4 GHz.<br \/><strong>M\u00e9moire RAM<\/strong><br \/>16 Gb. SO-DDR3 RAM<br \/><strong>Disque dur<\/strong><br \/>512 Gb. SSD<br \/><strong>Cartes<\/strong><br \/>Graphique: Intel Hd Graphics 520<br \/>Son: High Definition Audio<br \/>R\u00e9seau: Intel Ethernet Connection I219-LM<br \/><strong>Syst\u00e8me op\u00e9ratif<\/strong><br \/>Windows 10 Pro<br \/><strong>Ports<\/strong><br \/>3x USB 2.0<br \/>USB 3.0<br \/><strong>\u00c9cran<\/strong><br \/>Tactile 13.3 \u00a0\u00bb HD 16:9  \u00b7 R\u00e9solution 1366&#215;768<br \/><strong>Multim\u00e9dias<\/strong><br \/>Lecteur SD<br \/><strong>Connectivit\u00e9<\/strong><br \/>RJ-45<br \/>WIFI<br \/>Bluetooth<br \/><strong>Autres<\/strong><br \/>hR emballage<br \/><strong>Dimensions<\/strong><br \/>35x30x7 cm.<br \/><strong>Poids<\/strong><br \/>2.55 Kg.<br \/><strong>Sp\u00e9cifications suppl\u00e9mentaires<\/strong><br \/>Le Panasonic Toughbook CF-D1N MK3 est une tablette robuste con\u00e7ue sp\u00e9cifiquement pour les diagnostics industriels et automobiles. Son grand \u00e9cran tactile de 13,3&Prime; offre une exp\u00e9rience visuelle \u00e9tendue, parfaite pour visualiser les donn\u00e9es techniques dans des environnements de travail exigeants. La robustesse de sa construction en fait un outil id\u00e9al pour les applications dans les ateliers, les industries et les environnements de terrain.<br \/> Ses hautes performances, combin\u00e9es avec 16 Go de RAM et 512 Gb de stockage SSD, garantit vitesse et fiabilit\u00e9 m\u00eame lors de la manipulation de logiciels de diagnostic lourds. Comprend un stylet tactile pour plus de pr\u00e9cision dans les t\u00e2ches techniques et op\u00e9rationnelles. <br \/><b>Renforcement :<\/b><br \/><u>R\u00e9sistance aux chocs :<\/u> Con\u00e7u pour r\u00e9sister aux chutes de 1 m\u00e8tre, garantissant une utilisation fiable en environnement industriel.<br \/><u>Protection contre la poussi\u00e8re et l&rsquo;eau : <\/u>Certification IP-65, offrant une protection totale contre la poussi\u00e8re et une r\u00e9sistance aux jets d&rsquo;eau sous pression.<u><br \/><u>Plage de temp\u00e9rature :<\/u> <\/u>Fonctionnement \u00e0 des temp\u00e9ratures comprises entre -10 \u00b0C et 50 \u00b0C, adapt\u00e9 aux environnements extr\u00eames et aux ateliers dans des conditions variables.<u><br \/><u>\u00c9cran optimis\u00e9 pour les travaux techniques :<\/u> <\/u>L&rsquo;\u00e9cran tactile de 13,3&Prime; est lisible en plein soleil, con\u00e7u pour faciliter la visualisation des graphiques et des donn\u00e9es techniques en ext\u00e9rieur ou en int\u00e9rieur. <u><br \/><b>Certifications robustes :<\/b><br \/><u>MIL-STD-810G :<\/u> <\/u>Certification militaire qui garantit la r\u00e9sistance aux vibrations, aux chocs, \u00e0 l&rsquo;humidit\u00e9, \u00e0 la poussi\u00e8re et aux temp\u00e9ratures extr\u00eames.<u><br \/> IP-65 :<\/u> Protection contre les intrusions de poussi\u00e8re et d&rsquo;eau, cruciale pour les environnements industriels.<br \/><u>MIL-STD-461F :<\/u> Fonctionne dans des environnements soumis \u00e0 des interf\u00e9rences \u00e9lectromagn\u00e9tiques, id\u00e9al pour les applications techniques complexes.<br \/>Le Panasonic Toughbook CF-D1N MK3 allie robustesse, performances et grand \u00e9cran, constituant une solution fiable pour les diagnostics techniques dans des environnements difficiles.<br \/>Bon aspect ext\u00e9rieur. Regardez dans \u00ab + Photos \u00bb et si vous avez des questions, appelez-nous ou utilisez notre chat pour d\u00e9velopper les informations ou demander plus de d\u00e9tails.<br \/><strong>Commentaires<\/strong><br \/><u>Comprend un crayon<\/u><\/p>\n","protected":false},"excerpt":{"rendered":"<p>Intel Core i5 6300U 2.4 GHz.\u00b7 16 Gb. SO-DDR3 RAM \u00b7 512 Gb. SSD \u00b7 Windows 10 Pro \u00b7 Tactile 13.3 \u00a0\u00bb HD 16:9 \u00b7 R\u00e9solution 1366&#215;768 \u00b7<br \/>\n<u>Comprend un crayon<br \/>\n<\/u> [&#8230;]<\/p>\n<p><a class=\"btn btn-secondary understrap-read-more-link\" href=\"https:\/\/digalco.com\/fr\/produit\/panasonic-toughbook-cf-d1n-mk3-133-reconditionne-core-i5-24ghz-16-gb-ram-512-gb-ssd-1366x768-fr-13160\/\">Lire la suite\u2026<span class=\"screen-reader-text\"> from Panasonic ToughBook Cf-D1N MK3 13.3\u00a0\u00bb | Reconditionn\u00e9 | Core i5 2.4GHz | 16 GB RAM | 512 GB SSD 1366&#215;768<\/span><\/a><\/p>\n","protected":false},"featured_media":235351,"template":"","meta":[],"product_brand":[3873],"product_cat":[1593,3110,1581,3696],"product_tag":[],"class_list":{"0":"post-235386","1":"product","2":"type-product","3":"status-publish","4":"has-post-thumbnail","6":"product_brand-panasonic","7":"product_cat-ruggerized-fr","8":"product_cat-tablettes-ruggerized-fr","9":"product_cat-tablettes-fr","10":"product_cat-ruggerized-tablettes-fr","12":"first","13":"instock","14":"taxable","15":"shipping-taxable","16":"purchasable","17":"product-type-simple"},"bundled_by":[],"bundle_stock_status":"instock","bundle_stock_quantity":12,"bundle_virtual":false,"bundle_layout":"","bundle_add_to_cart_form_location":"","bundle_editable_in_cart":false,"bundle_sold_individually_context":"","bundle_item_grouping":"","bundle_min_size":"","bundle_max_size":"","bundle_price":[],"bundled_items":[],"bundle_sell_ids":[],"exclude_global_add_ons":true,"addons":{"battery-upgrades":{"name":"Extension batterie","type":"multiple_choice","position":0,"required":false,"title_format":"heading","default":"","description_enable":false,"description":"","placeholder_enable":false,"placeholder":"","display":"radiobutton","restrictions_type":"any_text","adjust_price":false,"price":"","price_type":"quantity_based","restrictions":false,"min":"0","max":"0","options":[{"label":"Passer \u00e0 une nouvelle batterie compatible [AMP00138]","price":"110.0000","price_type":"quantity_based","image":0,"visibility":true}]},"os-upgrades":{"name":"Expansion SO","type":"multiple_choice","position":0,"required":false,"title_format":"heading","default":"","description_enable":false,"description":"","placeholder_enable":false,"placeholder":"","display":"radiobutton","restrictions_type":"any_text","adjust_price":false,"price":"","price_type":"quantity_based","restrictions":false,"min":"0","max":"0","options":[{"label":"Changer la langue en fran\u00e7ais [AMP00125]","price":"0.0000","price_type":"quantity_based","image":0,"visibility":true},{"label":"Changer la langue en anglais [AMP00008]","price":"0.0000","price_type":"quantity_based","image":0,"visibility":true},{"label":"Changer la langue en portugais [AMP00009]","price":"0.0000","price_type":"quantity_based","image":0,"visibility":true}]}},"df_price":517,"df_sale_price":"","df_regular_price":517,"df_image_link":"https:\/\/digalco.com\/wp-content\/uploads\/images\/product\/13160\/pana00116_01-300x225.jpg","_links":{"self":[{"href":"https:\/\/digalco.com\/fr\/wp-json\/wp\/v2\/product\/235386","targetHints":{"allow":["GET"]}}],"collection":[{"href":"https:\/\/digalco.com\/fr\/wp-json\/wp\/v2\/product"}],"about":[{"href":"https:\/\/digalco.com\/fr\/wp-json\/wp\/v2\/types\/product"}],"wp:featuredmedia":[{"embeddable":true,"href":"https:\/\/digalco.com\/fr\/wp-json\/wp\/v2\/media\/235351"}],"wp:attachment":[{"href":"https:\/\/digalco.com\/fr\/wp-json\/wp\/v2\/media?parent=235386"}],"wp:term":[{"taxonomy":"product_brand","embeddable":true,"href":"https:\/\/digalco.com\/fr\/wp-json\/wp\/v2\/product_brand?post=235386"},{"taxonomy":"product_cat","embeddable":true,"href":"https:\/\/digalco.com\/fr\/wp-json\/wp\/v2\/product_cat?post=235386"},{"taxonomy":"product_tag","embeddable":true,"href":"https:\/\/digalco.com\/fr\/wp-json\/wp\/v2\/product_tag?post=235386"}],"curies":[{"name":"wp","href":"https:\/\/api.w.org\/{rel}","templated":true}]}}