{"id":238657,"date":"2025-01-31T11:04:22","date_gmt":"2025-01-31T10:04:22","guid":{"rendered":"https:\/\/digalco.com\/tienda\/telephonie-cisco-ip-phone-7911g-reconditionne-fr-13238\/"},"modified":"2025-01-31T11:04:26","modified_gmt":"2025-01-31T10:04:26","slug":"telephonie-cisco-ip-phone-7911g-reconditionne-fr-13238","status":"publish","type":"product","link":"https:\/\/digalco.com\/fr\/produit\/telephonie-cisco-ip-phone-7911g-reconditionne-fr-13238\/","title":{"rendered":"T\u00e9l\u00e9phonie CISCO IP Phone 7911G | Reconditionn\u00e9"},"content":{"rendered":"<p><b>Protocoles pris en charge\u00a0:<\/b><br \/>SCCP et SIP<br \/><b>Aucune ligne\u00a0:<\/b><br \/>1<br \/><b>Prenez l&rsquo;ordinateur\u00a0:<\/b><br \/>Oui (Fast Ethernet 10\/100)<br \/><b>Afficher:<\/b><br \/>\u00c9cran monochrome 192&#215;64<br \/><b>Entr\u00e9e casque :<\/b><br \/>Non<br \/><b>Prise en charge PoE\u00a0:<\/b><br \/>Ouais.<\/p>\n","protected":false},"excerpt":{"rendered":"<p>SCCP &amp; SIP &#8211; 1 Ligne &#8211; \u00c9cran Monochrome 192 x 64 &#8211; Prise ordinateur Fast Ethernet 10\/100 &#8211; Support PoE [&#8230;]<\/p>\n<p><a class=\"btn btn-secondary understrap-read-more-link\" href=\"https:\/\/digalco.com\/fr\/produit\/telephonie-cisco-ip-phone-7911g-reconditionne-fr-13238\/\">Lire la suite\u2026<span class=\"screen-reader-text\"> from T\u00e9l\u00e9phonie CISCO IP Phone 7911G | Reconditionn\u00e9<\/span><\/a><\/p>\n","protected":false},"featured_media":238652,"template":"","meta":[],"product_brand":[3882],"product_cat":[1665,3799],"product_tag":[],"class_list":{"0":"post-238657","1":"product","2":"type-product","3":"status-publish","4":"has-post-thumbnail","6":"product_brand-cisco","7":"product_cat-networking-fr","8":"product_cat-networking-telephonie-ip-fr","10":"first","11":"instock","12":"taxable","13":"shipping-taxable","14":"purchasable","15":"product-type-simple"},"bundled_by":[],"bundle_stock_status":"instock","bundle_stock_quantity":300,"bundle_virtual":false,"bundle_layout":"","bundle_add_to_cart_form_location":"","bundle_editable_in_cart":false,"bundle_sold_individually_context":"","bundle_item_grouping":"","bundle_min_size":"","bundle_max_size":"","bundle_price":[],"bundled_items":[],"bundle_sell_ids":[],"exclude_global_add_ons":[],"addons":[],"df_price":25,"df_sale_price":"","df_regular_price":25,"df_image_link":"https:\/\/digalco.com\/wp-content\/uploads\/images\/product\/13238\/cisc00103_01-300x225.jpg","_links":{"self":[{"href":"https:\/\/digalco.com\/fr\/wp-json\/wp\/v2\/product\/238657","targetHints":{"allow":["GET"]}}],"collection":[{"href":"https:\/\/digalco.com\/fr\/wp-json\/wp\/v2\/product"}],"about":[{"href":"https:\/\/digalco.com\/fr\/wp-json\/wp\/v2\/types\/product"}],"wp:featuredmedia":[{"embeddable":true,"href":"https:\/\/digalco.com\/fr\/wp-json\/wp\/v2\/media\/238652"}],"wp:attachment":[{"href":"https:\/\/digalco.com\/fr\/wp-json\/wp\/v2\/media?parent=238657"}],"wp:term":[{"taxonomy":"product_brand","embeddable":true,"href":"https:\/\/digalco.com\/fr\/wp-json\/wp\/v2\/product_brand?post=238657"},{"taxonomy":"product_cat","embeddable":true,"href":"https:\/\/digalco.com\/fr\/wp-json\/wp\/v2\/product_cat?post=238657"},{"taxonomy":"product_tag","embeddable":true,"href":"https:\/\/digalco.com\/fr\/wp-json\/wp\/v2\/product_tag?post=238657"}],"curies":[{"name":"wp","href":"https:\/\/api.w.org\/{rel}","templated":true}]}}